{"id":1610,"date":"2024-01-17T06:54:56","date_gmt":"2024-01-17T05:54:56","guid":{"rendered":"https:\/\/crta-robotics.com\/?page_id=1610"},"modified":"2025-06-13T08:24:51","modified_gmt":"2025-06-13T06:24:51","slug":"exams","status":"publish","type":"page","link":"https:\/\/crta-robotics.com\/de\/teaching\/exams\/","title":{"rendered":"Pr\u00fcfungsfristen"},"content":{"rendered":"<p>Nachfolgend finden Sie die Pr\u00fcfungstermine der Abteilung f\u00fcr Autonome Systeme und Computerintelligenz in AC. 2023\/2024. Informationen zum Raum finden Sie auf Studomat.<\/p>\n\n\n\n<p>\u00b7 Gleichzeitiges Engineering<\/p>\n\n\n\n<p>\u00b7 Design autonomer Systeme&nbsp;&nbsp;<\/p>\n\n\n\n<p>\u00b7 K\u00fcnstliche Intelligenz<\/p>\n\n\n\n<p>\u00b7 Entwurf automatischer Montagesysteme<\/p>\n\n\n\n<p>\u00b7 Programmierung von Automaten<\/p>\n\n\n\n<p>\u00b7 Medizinische Robotik<\/p>\n\n\n\n<p>\u00b7 Mensch-Roboter-Interaktion<\/p>\n\n\n\n<p>\u00b7 Industrielle Computernetzwerke<\/p>\n\n\n\n<p>\u00b7 Roboterprogrammierung<\/p>\n\n\n\n<p>\u00b7 Grundlagen maschineller Bildverarbeitungsalgorithmen<\/p>\n\n\n\n<p><strong>Winterpr\u00fcfungssemester<\/strong><\/p>\n\n\n\n<p>31.1.2024. 14:00-16:00 (Freitag)<br>13.2.2024. 14:00-16:00 (Donnerstag)<\/p>\n\n\n\n<p><strong>Pr\u00fcfungszeitraum im Sommer<\/strong><\/p>\n\n\n\n<p>25.06.25. \u2013 Eine Halle \u2013 10-12 Stunden<br>25.09.07. \u2013 Halle A \u2013 14-16 Uhr<\/p>\n\n\n\n<p><strong>HERBSTPR\u00dcFUNGSZEITRAUM<\/strong><\/p>\n\n\n\n<p>27.08.25 \u2013 Halle A \u2013 14-16 Uhr<br>10.09.25 \u2013 H\u00f6rs\u00e4le 1, 2 und 3 (Nord) \u2013 8-10 Uhr<br><\/p>\n\n\n\n<hr class=\"wp-block-separator has-alpha-channel-opacity\"\/>\n\n\n\n<p>Alle Pr\u00fcfungstermine finden Sie auf der folgenden Seite <a href=\"https:\/\/www.fsb.unizg.hr\/index.php?fsbonline&amp;studiranje&amp;akademski_kalendar&amp;raspored_ispiti\" target=\"_blank\" rel=\"noreferrer noopener\">Link<\/a>.&nbsp;<\/p>\n\n\n\n<p><\/p>","protected":false},"excerpt":{"rendered":"<p>Nachfolgend finden Sie die Pr\u00fcfungstermine der Abteilung f\u00fcr Autonome Systeme und Computerintelligenz in AC. 2023\/2024. Informationen zum Raum finden Sie auf Studomat. \u00b7 Concurrent Engineering \u00b7 Entwurf autonomer Systeme \u00b7 K\u00fcnstliche Intelligenz \u00b7 Entwurf automatischer Montagesysteme \u00b7 Automatisierungsprogrammierung \u00b7 Medizinische Robotik \u00b7 Mensch-Roboter-Interaktion \u00b7 Industrielle Computernetzwerke \u00b7 ... <br \/> <a class=\"read-more\" href=\"https:\/\/crta-robotics.com\/de\/teaching\/exams\/\">Mehr lesen<\/a><\/p>","protected":false},"author":3,"featured_media":0,"parent":393,"menu_order":0,"comment_status":"closed","ping_status":"closed","template":"","meta":{"footnotes":""},"class_list":["post-1610","page","type-page","status-publish","hentry"],"yoast_head":"<!-- This site is optimized with the Yoast SEO plugin v27.4 - https:\/\/yoast.com\/product\/yoast-seo-wordpress\/ -->\n<title>Ispitni rokovi - CRTA<\/title>\n<meta name=\"robots\" content=\"index, follow, max-snippet:-1, max-image-preview:large, max-video-preview:-1\" \/>\n<link rel=\"canonical\" href=\"https:\/\/crta-robotics.com\/de\/teaching\/exams\/\" \/>\n<meta property=\"og:locale\" content=\"de_DE\" \/>\n<meta property=\"og:type\" content=\"article\" \/>\n<meta property=\"og:title\" content=\"Ispitni rokovi - CRTA\" \/>\n<meta property=\"og:description\" content=\"Ni\u017ee se nalaze termini ispitnih rokova Katedre za autonomne sustave i ra\u010dunalnu inteligenciju u ak. 2023\/2024. Obavijest o prostoriji nalazit \u0107e se na Studomatu. \u00b7&nbsp;&nbsp;&nbsp;&nbsp;&nbsp;&nbsp;&nbsp; Istodobno in\u017eenjerstvo \u00b7&nbsp;&nbsp;&nbsp;&nbsp;&nbsp;&nbsp;&nbsp; Projektiranje autonomnih sustava&nbsp;&nbsp; \u00b7&nbsp;&nbsp;&nbsp;&nbsp;&nbsp;&nbsp;&nbsp; Umjetna inteligencija \u00b7&nbsp;&nbsp;&nbsp;&nbsp;&nbsp;&nbsp;&nbsp; Projektiranje automatskih monta\u017enih sustava \u00b7&nbsp;&nbsp;&nbsp;&nbsp;&nbsp;&nbsp;&nbsp; Programiranje automata \u00b7&nbsp;&nbsp;&nbsp;&nbsp;&nbsp;&nbsp;&nbsp; Medicinska robotika \u00b7&nbsp;&nbsp;&nbsp;&nbsp;&nbsp;&nbsp;&nbsp; Interakcija \u010dovjeka i robota \u00b7&nbsp;&nbsp;&nbsp;&nbsp;&nbsp;&nbsp;&nbsp; Industrijske ra\u010dunalne mre\u017ee \u00b7&nbsp;&nbsp;&nbsp;&nbsp;&nbsp;&nbsp;&nbsp;&hellip; Read more\" \/>\n<meta property=\"og:url\" content=\"https:\/\/crta-robotics.com\/de\/teaching\/exams\/\" \/>\n<meta property=\"og:site_name\" content=\"CRTA\" \/>\n<meta property=\"article:modified_time\" content=\"2025-06-13T06:24:51+00:00\" \/>\n<meta property=\"og:image\" content=\"https:\/\/crta-robotics.com\/wp-content\/uploads\/2022\/10\/labos-CRTA-II-001-final-scaled.jpg\" \/>\n\t<meta property=\"og:image:width\" content=\"2560\" \/>\n\t<meta property=\"og:image:height\" content=\"1704\" \/>\n\t<meta property=\"og:image:type\" content=\"image\/jpeg\" \/>\n<meta name=\"twitter:card\" content=\"summary_large_image\" \/>\n<meta name=\"twitter:label1\" content=\"Gesch\u00e4tzte Lesezeit\" \/>\n\t<meta name=\"twitter:data1\" content=\"1\u00a0Minute\" \/>\n<script type=\"application\/ld+json\" class=\"yoast-schema-graph\">{\"@context\":\"https:\\\/\\\/schema.org\",\"@graph\":[{\"@type\":\"WebPage\",\"@id\":\"https:\\\/\\\/crta-robotics.com\\\/teaching\\\/exams\\\/\",\"url\":\"https:\\\/\\\/crta-robotics.com\\\/teaching\\\/exams\\\/\",\"name\":\"Ispitni rokovi - CRTA\",\"isPartOf\":{\"@id\":\"https:\\\/\\\/crta-robotics.com\\\/#website\"},\"datePublished\":\"2024-01-17T05:54:56+00:00\",\"dateModified\":\"2025-06-13T06:24:51+00:00\",\"breadcrumb\":{\"@id\":\"https:\\\/\\\/crta-robotics.com\\\/teaching\\\/exams\\\/#breadcrumb\"},\"inLanguage\":\"de\",\"potentialAction\":[{\"@type\":\"ReadAction\",\"target\":[\"https:\\\/\\\/crta-robotics.com\\\/teaching\\\/exams\\\/\"]}]},{\"@type\":\"BreadcrumbList\",\"@id\":\"https:\\\/\\\/crta-robotics.com\\\/teaching\\\/exams\\\/#breadcrumb\",\"itemListElement\":[{\"@type\":\"ListItem\",\"position\":1,\"name\":\"Po\u010detna stranica\",\"item\":\"https:\\\/\\\/crta-robotics.com\\\/\"},{\"@type\":\"ListItem\",\"position\":2,\"name\":\"Nastava\",\"item\":\"https:\\\/\\\/crta-robotics.com\\\/teaching\\\/\"},{\"@type\":\"ListItem\",\"position\":3,\"name\":\"Ispitni rokovi\"}]},{\"@type\":\"WebSite\",\"@id\":\"https:\\\/\\\/crta-robotics.com\\\/#website\",\"url\":\"https:\\\/\\\/crta-robotics.com\\\/\",\"name\":\"CRTA\",\"description\":\"Regionalni centar izvrsnosti za robotske tehnologije\",\"publisher\":{\"@id\":\"https:\\\/\\\/crta-robotics.com\\\/#organization\"},\"potentialAction\":[{\"@type\":\"SearchAction\",\"target\":{\"@type\":\"EntryPoint\",\"urlTemplate\":\"https:\\\/\\\/crta-robotics.com\\\/?s={search_term_string}\"},\"query-input\":{\"@type\":\"PropertyValueSpecification\",\"valueRequired\":true,\"valueName\":\"search_term_string\"}}],\"inLanguage\":\"de\"},{\"@type\":\"Organization\",\"@id\":\"https:\\\/\\\/crta-robotics.com\\\/#organization\",\"name\":\"CRTA\",\"url\":\"https:\\\/\\\/crta-robotics.com\\\/\",\"logo\":{\"@type\":\"ImageObject\",\"inLanguage\":\"de\",\"@id\":\"https:\\\/\\\/crta-robotics.com\\\/#\\\/schema\\\/logo\\\/image\\\/\",\"url\":\"https:\\\/\\\/crta-robotics.com\\\/wp-content\\\/uploads\\\/2025\\\/01\\\/logo.png\",\"contentUrl\":\"https:\\\/\\\/crta-robotics.com\\\/wp-content\\\/uploads\\\/2025\\\/01\\\/logo.png\",\"width\":4628,\"height\":6012,\"caption\":\"CRTA\"},\"image\":{\"@id\":\"https:\\\/\\\/crta-robotics.com\\\/#\\\/schema\\\/logo\\\/image\\\/\"},\"sameAs\":[\"https:\\\/\\\/www.youtube.com\\\/channel\\\/UC31U0HP10N8_P6uo2PndYRQ\"]}]}<\/script>\n<!-- \/ Yoast SEO plugin. -->","yoast_head_json":{"title":"Pr\u00fcfungsfristen - CRTA","robots":{"index":"index","follow":"follow","max-snippet":"max-snippet:-1","max-image-preview":"max-image-preview:large","max-video-preview":"max-video-preview:-1"},"canonical":"https:\/\/crta-robotics.com\/de\/teaching\/exams\/","og_locale":"de_DE","og_type":"article","og_title":"Ispitni rokovi - CRTA","og_description":"Ni\u017ee se nalaze termini ispitnih rokova Katedre za autonomne sustave i ra\u010dunalnu inteligenciju u ak. 2023\/2024. Obavijest o prostoriji nalazit \u0107e se na Studomatu. \u00b7&nbsp;&nbsp;&nbsp;&nbsp;&nbsp;&nbsp;&nbsp; Istodobno in\u017eenjerstvo \u00b7&nbsp;&nbsp;&nbsp;&nbsp;&nbsp;&nbsp;&nbsp; Projektiranje autonomnih sustava&nbsp;&nbsp; \u00b7&nbsp;&nbsp;&nbsp;&nbsp;&nbsp;&nbsp;&nbsp; Umjetna inteligencija \u00b7&nbsp;&nbsp;&nbsp;&nbsp;&nbsp;&nbsp;&nbsp; Projektiranje automatskih monta\u017enih sustava \u00b7&nbsp;&nbsp;&nbsp;&nbsp;&nbsp;&nbsp;&nbsp; Programiranje automata \u00b7&nbsp;&nbsp;&nbsp;&nbsp;&nbsp;&nbsp;&nbsp; Medicinska robotika \u00b7&nbsp;&nbsp;&nbsp;&nbsp;&nbsp;&nbsp;&nbsp; Interakcija \u010dovjeka i robota \u00b7&nbsp;&nbsp;&nbsp;&nbsp;&nbsp;&nbsp;&nbsp; Industrijske ra\u010dunalne mre\u017ee \u00b7&nbsp;&nbsp;&nbsp;&nbsp;&nbsp;&nbsp;&nbsp;&hellip; Read more","og_url":"https:\/\/crta-robotics.com\/de\/teaching\/exams\/","og_site_name":"CRTA","article_modified_time":"2025-06-13T06:24:51+00:00","og_image":[{"width":2560,"height":1704,"url":"https:\/\/crta-robotics.com\/wp-content\/uploads\/2022\/10\/labos-CRTA-II-001-final-scaled.jpg","type":"image\/jpeg"}],"twitter_card":"summary_large_image","twitter_misc":{"Gesch\u00e4tzte Lesezeit":"1\u00a0Minute"},"schema":{"@context":"https:\/\/schema.org","@graph":[{"@type":"WebPage","@id":"https:\/\/crta-robotics.com\/teaching\/exams\/","url":"https:\/\/crta-robotics.com\/teaching\/exams\/","name":"Pr\u00fcfungsfristen - CRTA","isPartOf":{"@id":"https:\/\/crta-robotics.com\/#website"},"datePublished":"2024-01-17T05:54:56+00:00","dateModified":"2025-06-13T06:24:51+00:00","breadcrumb":{"@id":"https:\/\/crta-robotics.com\/teaching\/exams\/#breadcrumb"},"inLanguage":"de","potentialAction":[{"@type":"ReadAction","target":["https:\/\/crta-robotics.com\/teaching\/exams\/"]}]},{"@type":"BreadcrumbList","@id":"https:\/\/crta-robotics.com\/teaching\/exams\/#breadcrumb","itemListElement":[{"@type":"ListItem","position":1,"name":"Po\u010detna stranica","item":"https:\/\/crta-robotics.com\/"},{"@type":"ListItem","position":2,"name":"Nastava","item":"https:\/\/crta-robotics.com\/teaching\/"},{"@type":"ListItem","position":3,"name":"Ispitni rokovi"}]},{"@type":"WebSite","@id":"https:\/\/crta-robotics.com\/#website","url":"https:\/\/crta-robotics.com\/","name":"CRTA","description":"Regionales Exzellenzzentrum f\u00fcr Robotertechnologie","publisher":{"@id":"https:\/\/crta-robotics.com\/#organization"},"potentialAction":[{"@type":"SearchAction","target":{"@type":"EntryPoint","urlTemplate":"https:\/\/crta-robotics.com\/?s={search_term_string}"},"query-input":{"@type":"PropertyValueSpecification","valueRequired":true,"valueName":"search_term_string"}}],"inLanguage":"de"},{"@type":"Organization","@id":"https:\/\/crta-robotics.com\/#organization","name":"CRTA","url":"https:\/\/crta-robotics.com\/","logo":{"@type":"ImageObject","inLanguage":"de","@id":"https:\/\/crta-robotics.com\/#\/schema\/logo\/image\/","url":"https:\/\/crta-robotics.com\/wp-content\/uploads\/2025\/01\/logo.png","contentUrl":"https:\/\/crta-robotics.com\/wp-content\/uploads\/2025\/01\/logo.png","width":4628,"height":6012,"caption":"CRTA"},"image":{"@id":"https:\/\/crta-robotics.com\/#\/schema\/logo\/image\/"},"sameAs":["https:\/\/www.youtube.com\/channel\/UC31U0HP10N8_P6uo2PndYRQ"]}]}},"_links":{"self":[{"href":"https:\/\/crta-robotics.com\/de\/wp-json\/wp\/v2\/pages\/1610","targetHints":{"allow":["GET"]}}],"collection":[{"href":"https:\/\/crta-robotics.com\/de\/wp-json\/wp\/v2\/pages"}],"about":[{"href":"https:\/\/crta-robotics.com\/de\/wp-json\/wp\/v2\/types\/page"}],"author":[{"embeddable":true,"href":"https:\/\/crta-robotics.com\/de\/wp-json\/wp\/v2\/users\/3"}],"replies":[{"embeddable":true,"href":"https:\/\/crta-robotics.com\/de\/wp-json\/wp\/v2\/comments?post=1610"}],"version-history":[{"count":9,"href":"https:\/\/crta-robotics.com\/de\/wp-json\/wp\/v2\/pages\/1610\/revisions"}],"predecessor-version":[{"id":3007,"href":"https:\/\/crta-robotics.com\/de\/wp-json\/wp\/v2\/pages\/1610\/revisions\/3007"}],"up":[{"embeddable":true,"href":"https:\/\/crta-robotics.com\/de\/wp-json\/wp\/v2\/pages\/393"}],"wp:attachment":[{"href":"https:\/\/crta-robotics.com\/de\/wp-json\/wp\/v2\/media?parent=1610"}],"curies":[{"name":"wp","href":"https:\/\/api.w.org\/{rel}","templated":true}]}}