{"id":3242,"date":"2025-06-18T15:08:24","date_gmt":"2025-06-18T13:08:24","guid":{"rendered":"https:\/\/crta-robotics.com\/?page_id=3242"},"modified":"2025-06-18T15:42:32","modified_gmt":"2025-06-18T13:42:32","slug":"end2end","status":"publish","type":"page","link":"https:\/\/crta-robotics.com\/de\/projects\/end2end\/","title":{"rendered":"Forschung und Entwicklung einer intelligenten modularen Plattform f\u00fcr das End2End-Logistikprozessmanagement"},"content":{"rendered":"<h3 class=\"wp-block-heading\"><strong>Ziele und Ergebnisse des Projekts<\/strong><\/h3>\n\n\n\n<p>Ziel des hier vorgeschlagenen Projekts ist die Entwicklung einer intelligenten modularen Plattform zur Steuerung logistischer Prozesse, die aus zwei Schl\u00fcsselmodulen besteht:<\/p>\n\n\n\n<ul class=\"wp-block-list\">\n<li>ein System zur Echtzeitanalyse und Steuerung logistischer Prozesse auf Basis k\u00fcnstlicher Intelligenz,<\/li>\n\n\n\n<li>System zur Koordination und Steuerung autonomer Roboter im Lager im Schwarmmodell.<\/li>\n<\/ul>\n\n\n\n<h3 class=\"wp-block-heading\"><strong>Kurzinfos<\/strong><\/h3>\n\n\n\n<p><strong>Standort:<\/strong>&nbsp;Zagreb<br><strong>Dauer:<\/strong>&nbsp;8.2020. \u2013 8.2023.<br><strong>Finanzieller Wert des Projekts (HRK):<\/strong>&nbsp;16.645.846,33<br><strong>Anteil der Finanzmittel des FSB (HRK):<\/strong>&nbsp;6.043.623,45<br><strong>Leiter der FSB-Forschungsgruppen:<\/strong>&nbsp;Akademiker Bojan Jerbi\u0107 und Assistenzprofessor Marko \u0160vaco, Ph.D.<br><strong>Finanzierungsquelle:<\/strong>&nbsp;Ministerium f\u00fcr Wirtschaft, Unternehmertum und Handwerk der Republik Kroatien, \u201eSteigerung der Entwicklung neuer Produkte und Dienstleistungen als Ergebnis von Forschungs- und Entwicklungst\u00e4tigkeiten \u2013 Phase II\u201c<\/p>","protected":false},"excerpt":{"rendered":"<p>Ciljevi i rezultati projekta Cilj ovdje predlo\u017eenog projekta je razviti inteligentnu modularnu platformu za upravljanje logisti\u010dkim procesima, koja se sastoji od dva klju\u010dna modula: Kratke \u010dinjenice Lokacija:&nbsp;ZagrebVrijeme trajanja:&nbsp;8.2020. \u2013 8.2023.Financijska vrijednost projekta (HRK):&nbsp;16.645.846,33Udio financijskih sredstava za FSB (HRK):&nbsp;6.043.623,45Voditelji istra\u017eiva\u010dke skupine na FSB-u:&nbsp;akademik Bojan Jerbi\u0107 i doc. dr. sc. Marko \u0160vacoIzvor financiranja:&nbsp;Ministarstvo gospodarstva, poduzetni\u0161tva i obrta&hellip; <br \/> <a class=\"read-more\" href=\"https:\/\/crta-robotics.com\/de\/projects\/end2end\/\">Mehr lesen<\/a><\/p>","protected":false},"author":15,"featured_media":0,"parent":3047,"menu_order":0,"comment_status":"closed","ping_status":"closed","template":"","meta":{"footnotes":""},"class_list":["post-3242","page","type-page","status-publish","hentry"],"yoast_head":"<!-- This site is optimized with the Yoast SEO plugin v27.4 - https:\/\/yoast.com\/product\/yoast-seo-wordpress\/ -->\n<title>Istra\u017eivanje i razvoj inteligentne modularne platforme za upravljanje end2end logisti\u010dkim procesom - CRTA<\/title>\n<meta name=\"robots\" content=\"index, follow, max-snippet:-1, max-image-preview:large, max-video-preview:-1\" \/>\n<link rel=\"canonical\" href=\"https:\/\/crta-robotics.com\/de\/projects\/end2end\/\" \/>\n<meta property=\"og:locale\" content=\"de_DE\" \/>\n<meta property=\"og:type\" content=\"article\" \/>\n<meta property=\"og:title\" content=\"Istra\u017eivanje i razvoj inteligentne modularne platforme za upravljanje end2end logisti\u010dkim procesom - CRTA\" \/>\n<meta property=\"og:description\" content=\"Ciljevi i rezultati projekta Cilj ovdje predlo\u017eenog projekta je razviti inteligentnu modularnu platformu za upravljanje logisti\u010dkim procesima, koja se sastoji od dva klju\u010dna modula: Kratke \u010dinjenice Lokacija:&nbsp;ZagrebVrijeme trajanja:&nbsp;8.2020. \u2013 8.2023.Financijska vrijednost projekta (HRK):&nbsp;16.645.846,33Udio financijskih sredstava za FSB (HRK):&nbsp;6.043.623,45Voditelji istra\u017eiva\u010dke skupine na FSB-u:&nbsp;akademik Bojan Jerbi\u0107 i doc. dr. sc. Marko \u0160vacoIzvor financiranja:&nbsp;Ministarstvo gospodarstva, poduzetni\u0161tva i obrta&hellip; Read more\" \/>\n<meta property=\"og:url\" content=\"https:\/\/crta-robotics.com\/de\/projects\/end2end\/\" \/>\n<meta property=\"og:site_name\" content=\"CRTA\" \/>\n<meta property=\"article:modified_time\" content=\"2025-06-18T13:42:32+00:00\" \/>\n<meta property=\"og:image\" content=\"https:\/\/crta-robotics.com\/wp-content\/uploads\/2022\/10\/labos-CRTA-II-001-final-scaled.jpg\" \/>\n\t<meta property=\"og:image:width\" content=\"2560\" \/>\n\t<meta property=\"og:image:height\" content=\"1704\" \/>\n\t<meta property=\"og:image:type\" content=\"image\/jpeg\" \/>\n<meta name=\"twitter:card\" content=\"summary_large_image\" \/>\n<meta name=\"twitter:label1\" content=\"Gesch\u00e4tzte Lesezeit\" \/>\n\t<meta name=\"twitter:data1\" content=\"1\u00a0Minute\" \/>\n<script type=\"application\/ld+json\" class=\"yoast-schema-graph\">{\"@context\":\"https:\\\/\\\/schema.org\",\"@graph\":[{\"@type\":\"WebPage\",\"@id\":\"https:\\\/\\\/crta-robotics.com\\\/projects\\\/end2end\\\/\",\"url\":\"https:\\\/\\\/crta-robotics.com\\\/projects\\\/end2end\\\/\",\"name\":\"Istra\u017eivanje i razvoj inteligentne modularne platforme za upravljanje end2end logisti\u010dkim procesom - CRTA\",\"isPartOf\":{\"@id\":\"https:\\\/\\\/crta-robotics.com\\\/#website\"},\"datePublished\":\"2025-06-18T13:08:24+00:00\",\"dateModified\":\"2025-06-18T13:42:32+00:00\",\"breadcrumb\":{\"@id\":\"https:\\\/\\\/crta-robotics.com\\\/projects\\\/end2end\\\/#breadcrumb\"},\"inLanguage\":\"de\",\"potentialAction\":[{\"@type\":\"ReadAction\",\"target\":[\"https:\\\/\\\/crta-robotics.com\\\/projects\\\/end2end\\\/\"]}]},{\"@type\":\"BreadcrumbList\",\"@id\":\"https:\\\/\\\/crta-robotics.com\\\/projects\\\/end2end\\\/#breadcrumb\",\"itemListElement\":[{\"@type\":\"ListItem\",\"position\":1,\"name\":\"Po\u010detna stranica\",\"item\":\"https:\\\/\\\/crta-robotics.com\\\/\"},{\"@type\":\"ListItem\",\"position\":2,\"name\":\"Projekti\",\"item\":\"https:\\\/\\\/crta-robotics.com\\\/projects\\\/\"},{\"@type\":\"ListItem\",\"position\":3,\"name\":\"Istra\u017eivanje i razvoj inteligentne modularne platforme za upravljanje end2end logisti\u010dkim procesom\"}]},{\"@type\":\"WebSite\",\"@id\":\"https:\\\/\\\/crta-robotics.com\\\/#website\",\"url\":\"https:\\\/\\\/crta-robotics.com\\\/\",\"name\":\"CRTA\",\"description\":\"Regionalni centar izvrsnosti za robotske tehnologije\",\"publisher\":{\"@id\":\"https:\\\/\\\/crta-robotics.com\\\/#organization\"},\"potentialAction\":[{\"@type\":\"SearchAction\",\"target\":{\"@type\":\"EntryPoint\",\"urlTemplate\":\"https:\\\/\\\/crta-robotics.com\\\/?s={search_term_string}\"},\"query-input\":{\"@type\":\"PropertyValueSpecification\",\"valueRequired\":true,\"valueName\":\"search_term_string\"}}],\"inLanguage\":\"de\"},{\"@type\":\"Organization\",\"@id\":\"https:\\\/\\\/crta-robotics.com\\\/#organization\",\"name\":\"CRTA\",\"url\":\"https:\\\/\\\/crta-robotics.com\\\/\",\"logo\":{\"@type\":\"ImageObject\",\"inLanguage\":\"de\",\"@id\":\"https:\\\/\\\/crta-robotics.com\\\/#\\\/schema\\\/logo\\\/image\\\/\",\"url\":\"https:\\\/\\\/crta-robotics.com\\\/wp-content\\\/uploads\\\/2025\\\/01\\\/logo.png\",\"contentUrl\":\"https:\\\/\\\/crta-robotics.com\\\/wp-content\\\/uploads\\\/2025\\\/01\\\/logo.png\",\"width\":4628,\"height\":6012,\"caption\":\"CRTA\"},\"image\":{\"@id\":\"https:\\\/\\\/crta-robotics.com\\\/#\\\/schema\\\/logo\\\/image\\\/\"},\"sameAs\":[\"https:\\\/\\\/www.youtube.com\\\/channel\\\/UC31U0HP10N8_P6uo2PndYRQ\"]}]}<\/script>\n<!-- \/ Yoast SEO plugin. -->","yoast_head_json":{"title":"Istra\u017eivanje i razvoj inteligentne modularne platforme za upravljanje end2end logisti\u010dkim procesom - CRTA","robots":{"index":"index","follow":"follow","max-snippet":"max-snippet:-1","max-image-preview":"max-image-preview:large","max-video-preview":"max-video-preview:-1"},"canonical":"https:\/\/crta-robotics.com\/de\/projects\/end2end\/","og_locale":"de_DE","og_type":"article","og_title":"Istra\u017eivanje i razvoj inteligentne modularne platforme za upravljanje end2end logisti\u010dkim procesom - CRTA","og_description":"Ciljevi i rezultati projekta Cilj ovdje predlo\u017eenog projekta je razviti inteligentnu modularnu platformu za upravljanje logisti\u010dkim procesima, koja se sastoji od dva klju\u010dna modula: Kratke \u010dinjenice Lokacija:&nbsp;ZagrebVrijeme trajanja:&nbsp;8.2020. \u2013 8.2023.Financijska vrijednost projekta (HRK):&nbsp;16.645.846,33Udio financijskih sredstava za FSB (HRK):&nbsp;6.043.623,45Voditelji istra\u017eiva\u010dke skupine na FSB-u:&nbsp;akademik Bojan Jerbi\u0107 i doc. dr. sc. Marko \u0160vacoIzvor financiranja:&nbsp;Ministarstvo gospodarstva, poduzetni\u0161tva i obrta&hellip; Read more","og_url":"https:\/\/crta-robotics.com\/de\/projects\/end2end\/","og_site_name":"CRTA","article_modified_time":"2025-06-18T13:42:32+00:00","og_image":[{"width":2560,"height":1704,"url":"https:\/\/crta-robotics.com\/wp-content\/uploads\/2022\/10\/labos-CRTA-II-001-final-scaled.jpg","type":"image\/jpeg"}],"twitter_card":"summary_large_image","twitter_misc":{"Gesch\u00e4tzte Lesezeit":"1\u00a0Minute"},"schema":{"@context":"https:\/\/schema.org","@graph":[{"@type":"WebPage","@id":"https:\/\/crta-robotics.com\/projects\/end2end\/","url":"https:\/\/crta-robotics.com\/projects\/end2end\/","name":"Istra\u017eivanje i razvoj inteligentne modularne platforme za upravljanje end2end logisti\u010dkim procesom - CRTA","isPartOf":{"@id":"https:\/\/crta-robotics.com\/#website"},"datePublished":"2025-06-18T13:08:24+00:00","dateModified":"2025-06-18T13:42:32+00:00","breadcrumb":{"@id":"https:\/\/crta-robotics.com\/projects\/end2end\/#breadcrumb"},"inLanguage":"de","potentialAction":[{"@type":"ReadAction","target":["https:\/\/crta-robotics.com\/projects\/end2end\/"]}]},{"@type":"BreadcrumbList","@id":"https:\/\/crta-robotics.com\/projects\/end2end\/#breadcrumb","itemListElement":[{"@type":"ListItem","position":1,"name":"Po\u010detna stranica","item":"https:\/\/crta-robotics.com\/"},{"@type":"ListItem","position":2,"name":"Projekti","item":"https:\/\/crta-robotics.com\/projects\/"},{"@type":"ListItem","position":3,"name":"Istra\u017eivanje i razvoj inteligentne modularne platforme za upravljanje end2end logisti\u010dkim procesom"}]},{"@type":"WebSite","@id":"https:\/\/crta-robotics.com\/#website","url":"https:\/\/crta-robotics.com\/","name":"CRTA","description":"Regionales Exzellenzzentrum f\u00fcr Robotertechnologie","publisher":{"@id":"https:\/\/crta-robotics.com\/#organization"},"potentialAction":[{"@type":"SearchAction","target":{"@type":"EntryPoint","urlTemplate":"https:\/\/crta-robotics.com\/?s={search_term_string}"},"query-input":{"@type":"PropertyValueSpecification","valueRequired":true,"valueName":"search_term_string"}}],"inLanguage":"de"},{"@type":"Organization","@id":"https:\/\/crta-robotics.com\/#organization","name":"CRTA","url":"https:\/\/crta-robotics.com\/","logo":{"@type":"ImageObject","inLanguage":"de","@id":"https:\/\/crta-robotics.com\/#\/schema\/logo\/image\/","url":"https:\/\/crta-robotics.com\/wp-content\/uploads\/2025\/01\/logo.png","contentUrl":"https:\/\/crta-robotics.com\/wp-content\/uploads\/2025\/01\/logo.png","width":4628,"height":6012,"caption":"CRTA"},"image":{"@id":"https:\/\/crta-robotics.com\/#\/schema\/logo\/image\/"},"sameAs":["https:\/\/www.youtube.com\/channel\/UC31U0HP10N8_P6uo2PndYRQ"]}]}},"_links":{"self":[{"href":"https:\/\/crta-robotics.com\/de\/wp-json\/wp\/v2\/pages\/3242","targetHints":{"allow":["GET"]}}],"collection":[{"href":"https:\/\/crta-robotics.com\/de\/wp-json\/wp\/v2\/pages"}],"about":[{"href":"https:\/\/crta-robotics.com\/de\/wp-json\/wp\/v2\/types\/page"}],"author":[{"embeddable":true,"href":"https:\/\/crta-robotics.com\/de\/wp-json\/wp\/v2\/users\/15"}],"replies":[{"embeddable":true,"href":"https:\/\/crta-robotics.com\/de\/wp-json\/wp\/v2\/comments?post=3242"}],"version-history":[{"count":3,"href":"https:\/\/crta-robotics.com\/de\/wp-json\/wp\/v2\/pages\/3242\/revisions"}],"predecessor-version":[{"id":3280,"href":"https:\/\/crta-robotics.com\/de\/wp-json\/wp\/v2\/pages\/3242\/revisions\/3280"}],"up":[{"embeddable":true,"href":"https:\/\/crta-robotics.com\/de\/wp-json\/wp\/v2\/pages\/3047"}],"wp:attachment":[{"href":"https:\/\/crta-robotics.com\/de\/wp-json\/wp\/v2\/media?parent=3242"}],"curies":[{"name":"wp","href":"https:\/\/api.w.org\/{rel}","templated":true}]}}