{"id":3250,"date":"2025-06-18T15:14:34","date_gmt":"2025-06-18T13:14:34","guid":{"rendered":"https:\/\/crta-robotics.com\/?page_id=3250"},"modified":"2025-06-18T15:42:50","modified_gmt":"2025-06-18T13:42:50","slug":"ihra","status":"publish","type":"page","link":"https:\/\/crta-robotics.com\/de\/projects\/ihra\/","title":{"rendered":"IHRA"},"content":{"rendered":"<h2 class=\"wp-block-heading has-text-align-center\">Innovative kroatische L\u00f6sungen f\u00fcr die globale Automobilindustrie<\/h2>\n\n\n\n<h3 class=\"wp-block-heading\"><strong>Ziele und Ergebnisse des Projekts<\/strong><\/h3>\n\n\n\n<p>Das Projekt entstand aufgrund der Notwendigkeit, den Produktionsprozess im Unternehmen Feroimpex automobilska tehnika doo aufgrund des st\u00e4ndigen Preisdrucks seitens der Kunden der Fertigprodukte des Unternehmens einerseits und der Lieferanten von Metallstangen und Schmiedest\u00fccken andererseits zu verbessern. Um den Produktionsprozess zu optimieren und so eine wettbewerbsf\u00e4higere Produktion zu erm\u00f6glichen, wurden zwei grundlegende Probleme im Produktionsprozess identifiziert, die einem weiteren Fortschritt des Unternehmens und einer St\u00e4rkung der preislichen und qualitativen Wettbewerbsf\u00e4higkeit des Unternehmens am Markt entgegenstehen:<\/p>\n\n\n\n<ul class=\"wp-block-list\">\n<li>Brechen und Manipulieren von Stahlsp\u00e4nen, was sich erheblich auf die verk\u00fcrzte Lebensdauer von CNC-Maschinen und die hohen Kosten f\u00fcr die Wartung der Technologie auswirkt<\/li>\n\n\n\n<li>Langsamkeit und ein hoher Anteil menschlicher Arbeit im Produktionsprozess aufgrund der Qualit\u00e4tskontrolle jedes einzelnen Produkts, da bei der Herstellung von Automobilmetallteilen (im Fall von Lagern von Feroimpex automobilska tehnika doo) eine Genauigkeit von 100% bei der Messung der hergestellten Produkte erforderlich ist Metallwerkst\u00fccke.<\/li>\n<\/ul>\n\n\n\n<p>Das allgemeine Ziel des Projekts besteht darin, zur St\u00e4rkung der Wettbewerbsf\u00e4higkeit der Hersteller von Metallprodukten in der Automobilindustrie beizutragen. Die spezifischen Ziele sind:<\/p>\n\n\n\n<ul class=\"wp-block-list\">\n<li>Erstellung eines Prototyps einer neuen Technologie zum Brechen von Metallsp\u00e4nen bei der automatisierten Herstellung von Metallprodukten als Ergebnis von Forschungs- und Entwicklungsverfahren<\/li>\n\n\n\n<li>Prototyping einer neuen Technologie und eines neuen Prozesses zur pr\u00e4zisen Messung von Metallprodukten als Ergebnis von Forschungs- und Entwicklungsverfahren.<\/li>\n<\/ul>\n\n\n\n<p>Ziel des Projekts ist dementsprechend die Durchf\u00fchrung von Forschung und Entwicklung mit dem Ziel, zwei innovative technologische L\u00f6sungen zu konstruieren, zu entwickeln und prototypisieren:<\/p>\n\n\n\n<ul class=\"wp-block-list\">\n<li>Innovative Technologie zum Brechen von Metallsp\u00e4nen, die bei der Verarbeitung von Stahl f\u00fcr die Bed\u00fcrfnisse der Automobilindustrie entstehen (insbesondere bei den Metalltypen 100CrMnSi6-4 und 100Cr6).<\/li>\n\n\n\n<li>Innovative Technologie zur pr\u00e4zisen Messung von Metallprodukten, die im Produktionsprozess in der metallverarbeitenden Industrie entstehen.<\/li>\n<\/ul>\n\n\n\n<p>Drei Jahre lang werden Forschung und Entwicklung gemeinsam von Experten der Fakult\u00e4t f\u00fcr Maschinenbau und Schiffbau und den Mitarbeitern des Anwenders durchgef\u00fchrt.<\/p>\n\n\n\n<p>Mit der Verwirklichung dieses Projekts besteht das Potenzial f\u00fcr die Schaffung eines neuen Wirtschaftszweigs, der das Ergebnis bestehender gemeinsamer industrieller Elemente sein wird, d. h. der Integration von Forschung und Entwicklung, Ingenieurwesen und dem Aufbau von Produktionskapazit\u00e4ten, die die Entwicklung unterst\u00fctzen werden innovativer Technologie.<\/p>\n\n\n\n<h3 class=\"wp-block-heading\"><strong>Kurzinfos<\/strong><\/h3>\n\n\n\n<p><strong>Standort:<\/strong>&nbsp;Zagreb<br><strong>Dauer:<\/strong>&nbsp;9.3.2018. \u2013 9.3.2021.<br><strong>Programm:<\/strong>&nbsp;EFRE \u2013 Steigerung der Entwicklung neuer Produkte und Dienstleistungen, die aus Forschungs- und Entwicklungsaktivit\u00e4ten resultieren<br><strong>Projektbetrag (HRK):<\/strong>&nbsp;53.932.261,39<br><strong>EU-Anteil an der Projektfinanzierung (HRK):<\/strong>&nbsp;22.992.245,35<br><strong>Verantwortlicher:<\/strong>&nbsp;Zoran Legac<br><strong>Name des Antragstellers:<\/strong>&nbsp;Feroimpex Automotive Technology doo<br><strong>Identit\u00e4t der Projektpartner:<\/strong>&nbsp;Fakult\u00e4t f\u00fcr Maschinenbau und Schiffbau<\/p>","protected":false},"excerpt":{"rendered":"<p>Inovativna hrvatska rje\u0161enja za globalnu automobilsku industriju Ciljevi i rezultati projekta Projekt je nastao kao rezultat potrebe unapre\u0111enja proizvodnog procesa u tvrtci Feroimpex automobilska tehnika d.o.o. obzirom na stalne cjenovne pritiske kupaca gotovih proizvoda tvrtke s jedne strane te dobavlja\u010da metalnih \u0161ipki i otkivaka s druge strane. Kako bi se proizvodni proces optimizirao i time&hellip; <br \/> <a class=\"read-more\" href=\"https:\/\/crta-robotics.com\/de\/projects\/ihra\/\">Mehr lesen<\/a><\/p>","protected":false},"author":15,"featured_media":0,"parent":3047,"menu_order":0,"comment_status":"closed","ping_status":"closed","template":"","meta":{"footnotes":""},"class_list":["post-3250","page","type-page","status-publish","hentry"],"yoast_head":"<!-- This site is optimized with the Yoast SEO plugin v27.4 - https:\/\/yoast.com\/product\/yoast-seo-wordpress\/ -->\n<title>IHRA - CRTA<\/title>\n<meta name=\"robots\" content=\"index, follow, max-snippet:-1, max-image-preview:large, max-video-preview:-1\" \/>\n<link rel=\"canonical\" href=\"https:\/\/crta-robotics.com\/de\/projects\/ihra\/\" \/>\n<meta property=\"og:locale\" content=\"de_DE\" \/>\n<meta property=\"og:type\" content=\"article\" \/>\n<meta property=\"og:title\" content=\"IHRA - CRTA\" \/>\n<meta property=\"og:description\" content=\"Inovativna hrvatska rje\u0161enja za globalnu automobilsku industriju Ciljevi i rezultati projekta Projekt je nastao kao rezultat potrebe unapre\u0111enja proizvodnog procesa u tvrtci Feroimpex automobilska tehnika d.o.o. obzirom na stalne cjenovne pritiske kupaca gotovih proizvoda tvrtke s jedne strane te dobavlja\u010da metalnih \u0161ipki i otkivaka s druge strane. Kako bi se proizvodni proces optimizirao i time&hellip; Read more\" \/>\n<meta property=\"og:url\" content=\"https:\/\/crta-robotics.com\/de\/projects\/ihra\/\" \/>\n<meta property=\"og:site_name\" content=\"CRTA\" \/>\n<meta property=\"article:modified_time\" content=\"2025-06-18T13:42:50+00:00\" \/>\n<meta property=\"og:image\" content=\"https:\/\/crta-robotics.com\/wp-content\/uploads\/2022\/10\/labos-CRTA-II-001-final-scaled.jpg\" \/>\n\t<meta property=\"og:image:width\" content=\"2560\" \/>\n\t<meta property=\"og:image:height\" content=\"1704\" \/>\n\t<meta property=\"og:image:type\" content=\"image\/jpeg\" \/>\n<meta name=\"twitter:card\" content=\"summary_large_image\" \/>\n<script type=\"application\/ld+json\" class=\"yoast-schema-graph\">{\"@context\":\"https:\\\/\\\/schema.org\",\"@graph\":[{\"@type\":\"WebPage\",\"@id\":\"https:\\\/\\\/crta-robotics.com\\\/projects\\\/ihra\\\/\",\"url\":\"https:\\\/\\\/crta-robotics.com\\\/projects\\\/ihra\\\/\",\"name\":\"IHRA - CRTA\",\"isPartOf\":{\"@id\":\"https:\\\/\\\/crta-robotics.com\\\/#website\"},\"datePublished\":\"2025-06-18T13:14:34+00:00\",\"dateModified\":\"2025-06-18T13:42:50+00:00\",\"breadcrumb\":{\"@id\":\"https:\\\/\\\/crta-robotics.com\\\/projects\\\/ihra\\\/#breadcrumb\"},\"inLanguage\":\"de\",\"potentialAction\":[{\"@type\":\"ReadAction\",\"target\":[\"https:\\\/\\\/crta-robotics.com\\\/projects\\\/ihra\\\/\"]}]},{\"@type\":\"BreadcrumbList\",\"@id\":\"https:\\\/\\\/crta-robotics.com\\\/projects\\\/ihra\\\/#breadcrumb\",\"itemListElement\":[{\"@type\":\"ListItem\",\"position\":1,\"name\":\"Po\u010detna stranica\",\"item\":\"https:\\\/\\\/crta-robotics.com\\\/\"},{\"@type\":\"ListItem\",\"position\":2,\"name\":\"Projekti\",\"item\":\"https:\\\/\\\/crta-robotics.com\\\/projects\\\/\"},{\"@type\":\"ListItem\",\"position\":3,\"name\":\"IHRA\"}]},{\"@type\":\"WebSite\",\"@id\":\"https:\\\/\\\/crta-robotics.com\\\/#website\",\"url\":\"https:\\\/\\\/crta-robotics.com\\\/\",\"name\":\"CRTA\",\"description\":\"Regionalni centar izvrsnosti za robotske tehnologije\",\"publisher\":{\"@id\":\"https:\\\/\\\/crta-robotics.com\\\/#organization\"},\"potentialAction\":[{\"@type\":\"SearchAction\",\"target\":{\"@type\":\"EntryPoint\",\"urlTemplate\":\"https:\\\/\\\/crta-robotics.com\\\/?s={search_term_string}\"},\"query-input\":{\"@type\":\"PropertyValueSpecification\",\"valueRequired\":true,\"valueName\":\"search_term_string\"}}],\"inLanguage\":\"de\"},{\"@type\":\"Organization\",\"@id\":\"https:\\\/\\\/crta-robotics.com\\\/#organization\",\"name\":\"CRTA\",\"url\":\"https:\\\/\\\/crta-robotics.com\\\/\",\"logo\":{\"@type\":\"ImageObject\",\"inLanguage\":\"de\",\"@id\":\"https:\\\/\\\/crta-robotics.com\\\/#\\\/schema\\\/logo\\\/image\\\/\",\"url\":\"https:\\\/\\\/crta-robotics.com\\\/wp-content\\\/uploads\\\/2025\\\/01\\\/logo.png\",\"contentUrl\":\"https:\\\/\\\/crta-robotics.com\\\/wp-content\\\/uploads\\\/2025\\\/01\\\/logo.png\",\"width\":4628,\"height\":6012,\"caption\":\"CRTA\"},\"image\":{\"@id\":\"https:\\\/\\\/crta-robotics.com\\\/#\\\/schema\\\/logo\\\/image\\\/\"},\"sameAs\":[\"https:\\\/\\\/www.youtube.com\\\/channel\\\/UC31U0HP10N8_P6uo2PndYRQ\"]}]}<\/script>\n<!-- \/ Yoast SEO plugin. -->","yoast_head_json":{"title":"IHRA - CRTA","robots":{"index":"index","follow":"follow","max-snippet":"max-snippet:-1","max-image-preview":"max-image-preview:large","max-video-preview":"max-video-preview:-1"},"canonical":"https:\/\/crta-robotics.com\/de\/projects\/ihra\/","og_locale":"de_DE","og_type":"article","og_title":"IHRA - CRTA","og_description":"Inovativna hrvatska rje\u0161enja za globalnu automobilsku industriju Ciljevi i rezultati projekta Projekt je nastao kao rezultat potrebe unapre\u0111enja proizvodnog procesa u tvrtci Feroimpex automobilska tehnika d.o.o. obzirom na stalne cjenovne pritiske kupaca gotovih proizvoda tvrtke s jedne strane te dobavlja\u010da metalnih \u0161ipki i otkivaka s druge strane. Kako bi se proizvodni proces optimizirao i time&hellip; Read more","og_url":"https:\/\/crta-robotics.com\/de\/projects\/ihra\/","og_site_name":"CRTA","article_modified_time":"2025-06-18T13:42:50+00:00","og_image":[{"width":2560,"height":1704,"url":"https:\/\/crta-robotics.com\/wp-content\/uploads\/2022\/10\/labos-CRTA-II-001-final-scaled.jpg","type":"image\/jpeg"}],"twitter_card":"summary_large_image","schema":{"@context":"https:\/\/schema.org","@graph":[{"@type":"WebPage","@id":"https:\/\/crta-robotics.com\/projects\/ihra\/","url":"https:\/\/crta-robotics.com\/projects\/ihra\/","name":"IHRA - CRTA","isPartOf":{"@id":"https:\/\/crta-robotics.com\/#website"},"datePublished":"2025-06-18T13:14:34+00:00","dateModified":"2025-06-18T13:42:50+00:00","breadcrumb":{"@id":"https:\/\/crta-robotics.com\/projects\/ihra\/#breadcrumb"},"inLanguage":"de","potentialAction":[{"@type":"ReadAction","target":["https:\/\/crta-robotics.com\/projects\/ihra\/"]}]},{"@type":"BreadcrumbList","@id":"https:\/\/crta-robotics.com\/projects\/ihra\/#breadcrumb","itemListElement":[{"@type":"ListItem","position":1,"name":"Po\u010detna stranica","item":"https:\/\/crta-robotics.com\/"},{"@type":"ListItem","position":2,"name":"Projekti","item":"https:\/\/crta-robotics.com\/projects\/"},{"@type":"ListItem","position":3,"name":"IHRA"}]},{"@type":"WebSite","@id":"https:\/\/crta-robotics.com\/#website","url":"https:\/\/crta-robotics.com\/","name":"CRTA","description":"Regionales Exzellenzzentrum f\u00fcr Robotertechnologie","publisher":{"@id":"https:\/\/crta-robotics.com\/#organization"},"potentialAction":[{"@type":"SearchAction","target":{"@type":"EntryPoint","urlTemplate":"https:\/\/crta-robotics.com\/?s={search_term_string}"},"query-input":{"@type":"PropertyValueSpecification","valueRequired":true,"valueName":"search_term_string"}}],"inLanguage":"de"},{"@type":"Organization","@id":"https:\/\/crta-robotics.com\/#organization","name":"CRTA","url":"https:\/\/crta-robotics.com\/","logo":{"@type":"ImageObject","inLanguage":"de","@id":"https:\/\/crta-robotics.com\/#\/schema\/logo\/image\/","url":"https:\/\/crta-robotics.com\/wp-content\/uploads\/2025\/01\/logo.png","contentUrl":"https:\/\/crta-robotics.com\/wp-content\/uploads\/2025\/01\/logo.png","width":4628,"height":6012,"caption":"CRTA"},"image":{"@id":"https:\/\/crta-robotics.com\/#\/schema\/logo\/image\/"},"sameAs":["https:\/\/www.youtube.com\/channel\/UC31U0HP10N8_P6uo2PndYRQ"]}]}},"_links":{"self":[{"href":"https:\/\/crta-robotics.com\/de\/wp-json\/wp\/v2\/pages\/3250","targetHints":{"allow":["GET"]}}],"collection":[{"href":"https:\/\/crta-robotics.com\/de\/wp-json\/wp\/v2\/pages"}],"about":[{"href":"https:\/\/crta-robotics.com\/de\/wp-json\/wp\/v2\/types\/page"}],"author":[{"embeddable":true,"href":"https:\/\/crta-robotics.com\/de\/wp-json\/wp\/v2\/users\/15"}],"replies":[{"embeddable":true,"href":"https:\/\/crta-robotics.com\/de\/wp-json\/wp\/v2\/comments?post=3250"}],"version-history":[{"count":2,"href":"https:\/\/crta-robotics.com\/de\/wp-json\/wp\/v2\/pages\/3250\/revisions"}],"predecessor-version":[{"id":3283,"href":"https:\/\/crta-robotics.com\/de\/wp-json\/wp\/v2\/pages\/3250\/revisions\/3283"}],"up":[{"embeddable":true,"href":"https:\/\/crta-robotics.com\/de\/wp-json\/wp\/v2\/pages\/3047"}],"wp:attachment":[{"href":"https:\/\/crta-robotics.com\/de\/wp-json\/wp\/v2\/media?parent=3250"}],"curies":[{"name":"wp","href":"https:\/\/api.w.org\/{rel}","templated":true}]}}