{"id":3252,"date":"2025-06-18T15:15:34","date_gmt":"2025-06-18T13:15:34","guid":{"rendered":"https:\/\/crta-robotics.com\/?page_id=3252"},"modified":"2025-06-18T15:42:21","modified_gmt":"2025-06-18T13:42:21","slug":"nero","status":"publish","type":"page","link":"https:\/\/crta-robotics.com\/de\/projects\/nero\/","title":{"rendered":"NERO"},"content":{"rendered":"<h2 class=\"wp-block-heading has-text-align-center\">Ein neurochirurgischer Roboter<\/h2>\n\n\n\n<h3 class=\"wp-block-heading\"><strong>Ziele und Ergebnisse des Projekts<\/strong><\/h3>\n\n\n\n<p>Das Hauptziel des Projekts besteht darin, zur Steigerung der innovativen Wettbewerbsf\u00e4higkeit der kroatischen Robotik und zur Entwicklung der Medizintechnik auf globaler Ebene beizutragen \u2013 unter anderem durch die Entwicklung des innovativen Robotersystems NERO zur Durchf\u00fchrung neurochirurgischer Eingriffe<\/p>\n\n\n\n<p>Zu den erwarteten Ergebnissen geh\u00f6ren:<\/p>\n\n\n\n<ul class=\"wp-block-list\">\n<li>Demonstriertes technologisches Konzept in einer Laborumgebung<\/li>\n\n\n\n<li>Prototyp des Robotersystems NERO bereit f\u00fcr den kommerziellen Einsatz<\/li>\n\n\n\n<li>Forschungs- und Entwicklungsergebnisse werden verbreitet und der Wirtschaft, der Wissenschaft und der breiteren interessierten \u00d6ffentlichkeit pr\u00e4sentiert.<\/li>\n<\/ul>\n\n\n\n<p>Projektleiter ist die Firma INETEC doo, Projektpartner sind KBD und FSB.<\/p>\n\n\n\n<h3 class=\"wp-block-heading\"><strong>Kurzinfos<\/strong><\/h3>\n\n\n\n<p><strong>Standort:<\/strong>&nbsp;Zagreb<br><strong>Dauer:<\/strong>&nbsp;1.10.2017. \u2013 30.9.2021.<br><strong>Programm:<\/strong>&nbsp;Steigerung der Entwicklung neuer Produkte und Dienstleistungen aus Forschungs- und Entwicklungsaktivit\u00e4ten<br><strong>Projektbetrag (HRK):<\/strong>&nbsp;20.986.521,54<br><strong>Zuschussbetrag (HRK):<\/strong>&nbsp;15.486.641,92<br><strong>Projektmanager:<\/strong>&nbsp;INETEC doo, Sandra Perica Cvjetko, mag. Elektroingenieur<br><strong>Leiter der Forschungsgruppe am FSB:<\/strong>&nbsp;Prof. Ph.D. Bojan Jerbi\u0107<br><strong>Finanzierungsquelle:<\/strong>&nbsp;Europ\u00e4ischer Fonds f\u00fcr regionale Entwicklung (EFRE)<\/p>","protected":false},"excerpt":{"rendered":"<p>Neurochirurgischer Roboter. Projektziele und -ergebnisse. Das Hauptziel des Projekts besteht darin, zur Steigerung der Innovationswettbewerbsf\u00e4higkeit der kroatischen Robotik und zur Entwicklung der Medizintechnik auf globaler Ebene beizutragen \u2013 unter anderem durch die Entwicklung eines innovativen Robotersystems NERO zur Durchf\u00fchrung neurochirurgischer Eingriffe. Zu den erwarteten Ergebnissen geh\u00f6ren: Der Projektleiter ist das Unternehmen INETEC doo, und die Projektpartner sind KBD und FSB. Kurzinfo\u2026 <br \/> <a class=\"read-more\" href=\"https:\/\/crta-robotics.com\/de\/projects\/nero\/\">Mehr lesen<\/a><\/p>","protected":false},"author":15,"featured_media":0,"parent":3047,"menu_order":0,"comment_status":"closed","ping_status":"closed","template":"","meta":{"footnotes":""},"class_list":["post-3252","page","type-page","status-publish","hentry"],"yoast_head":"<!-- This site is optimized with the Yoast SEO plugin v27.4 - https:\/\/yoast.com\/product\/yoast-seo-wordpress\/ -->\n<title>NERO - CRTA<\/title>\n<meta name=\"robots\" content=\"index, follow, max-snippet:-1, max-image-preview:large, max-video-preview:-1\" \/>\n<link rel=\"canonical\" href=\"https:\/\/crta-robotics.com\/de\/projects\/nero\/\" \/>\n<meta property=\"og:locale\" content=\"de_DE\" \/>\n<meta property=\"og:type\" content=\"article\" \/>\n<meta property=\"og:title\" content=\"NERO - CRTA\" \/>\n<meta property=\"og:description\" content=\"Neurokirur\u0161ki robot Ciljevi i rezultati projekta Glavni cilj projekta je doprinos porastu inovacijske konkurentnosti hrvatske robotike i razvoju medicinske tehnologije na globalnoj razini \u2013 izme\u0111u ostalog, i razvoj inovativnog robotskog sustava NERO za izvo\u0111enje neurokirur\u0161kih zahvata O\u010dekivani rezultati uklju\u010duju: Voditelj projekta je tvrtka INETEC d.o.o., a partneri na projektu su KBD i FSB. Kratke \u010dinjenice&hellip; Read more\" \/>\n<meta property=\"og:url\" content=\"https:\/\/crta-robotics.com\/de\/projects\/nero\/\" \/>\n<meta property=\"og:site_name\" content=\"CRTA\" \/>\n<meta property=\"article:modified_time\" content=\"2025-06-18T13:42:21+00:00\" \/>\n<meta property=\"og:image\" content=\"https:\/\/crta-robotics.com\/wp-content\/uploads\/2022\/10\/labos-CRTA-II-001-final-scaled.jpg\" \/>\n\t<meta property=\"og:image:width\" content=\"2560\" \/>\n\t<meta property=\"og:image:height\" content=\"1704\" \/>\n\t<meta property=\"og:image:type\" content=\"image\/jpeg\" \/>\n<meta name=\"twitter:card\" content=\"summary_large_image\" \/>\n<meta name=\"twitter:label1\" content=\"Gesch\u00e4tzte Lesezeit\" \/>\n\t<meta name=\"twitter:data1\" content=\"1\u00a0Minute\" \/>\n<script type=\"application\/ld+json\" class=\"yoast-schema-graph\">{\"@context\":\"https:\\\/\\\/schema.org\",\"@graph\":[{\"@type\":\"WebPage\",\"@id\":\"https:\\\/\\\/crta-robotics.com\\\/projects\\\/nero\\\/\",\"url\":\"https:\\\/\\\/crta-robotics.com\\\/projects\\\/nero\\\/\",\"name\":\"NERO - CRTA\",\"isPartOf\":{\"@id\":\"https:\\\/\\\/crta-robotics.com\\\/#website\"},\"datePublished\":\"2025-06-18T13:15:34+00:00\",\"dateModified\":\"2025-06-18T13:42:21+00:00\",\"breadcrumb\":{\"@id\":\"https:\\\/\\\/crta-robotics.com\\\/projects\\\/nero\\\/#breadcrumb\"},\"inLanguage\":\"de\",\"potentialAction\":[{\"@type\":\"ReadAction\",\"target\":[\"https:\\\/\\\/crta-robotics.com\\\/projects\\\/nero\\\/\"]}]},{\"@type\":\"BreadcrumbList\",\"@id\":\"https:\\\/\\\/crta-robotics.com\\\/projects\\\/nero\\\/#breadcrumb\",\"itemListElement\":[{\"@type\":\"ListItem\",\"position\":1,\"name\":\"Po\u010detna stranica\",\"item\":\"https:\\\/\\\/crta-robotics.com\\\/\"},{\"@type\":\"ListItem\",\"position\":2,\"name\":\"Projekti\",\"item\":\"https:\\\/\\\/crta-robotics.com\\\/projects\\\/\"},{\"@type\":\"ListItem\",\"position\":3,\"name\":\"NERO\"}]},{\"@type\":\"WebSite\",\"@id\":\"https:\\\/\\\/crta-robotics.com\\\/#website\",\"url\":\"https:\\\/\\\/crta-robotics.com\\\/\",\"name\":\"CRTA\",\"description\":\"Regionalni centar izvrsnosti za robotske tehnologije\",\"publisher\":{\"@id\":\"https:\\\/\\\/crta-robotics.com\\\/#organization\"},\"potentialAction\":[{\"@type\":\"SearchAction\",\"target\":{\"@type\":\"EntryPoint\",\"urlTemplate\":\"https:\\\/\\\/crta-robotics.com\\\/?s={search_term_string}\"},\"query-input\":{\"@type\":\"PropertyValueSpecification\",\"valueRequired\":true,\"valueName\":\"search_term_string\"}}],\"inLanguage\":\"de\"},{\"@type\":\"Organization\",\"@id\":\"https:\\\/\\\/crta-robotics.com\\\/#organization\",\"name\":\"CRTA\",\"url\":\"https:\\\/\\\/crta-robotics.com\\\/\",\"logo\":{\"@type\":\"ImageObject\",\"inLanguage\":\"de\",\"@id\":\"https:\\\/\\\/crta-robotics.com\\\/#\\\/schema\\\/logo\\\/image\\\/\",\"url\":\"https:\\\/\\\/crta-robotics.com\\\/wp-content\\\/uploads\\\/2025\\\/01\\\/logo.png\",\"contentUrl\":\"https:\\\/\\\/crta-robotics.com\\\/wp-content\\\/uploads\\\/2025\\\/01\\\/logo.png\",\"width\":4628,\"height\":6012,\"caption\":\"CRTA\"},\"image\":{\"@id\":\"https:\\\/\\\/crta-robotics.com\\\/#\\\/schema\\\/logo\\\/image\\\/\"},\"sameAs\":[\"https:\\\/\\\/www.youtube.com\\\/channel\\\/UC31U0HP10N8_P6uo2PndYRQ\"]}]}<\/script>\n<!-- \/ Yoast SEO plugin. -->","yoast_head_json":{"title":"NERO - CRTA","robots":{"index":"index","follow":"follow","max-snippet":"max-snippet:-1","max-image-preview":"max-image-preview:large","max-video-preview":"max-video-preview:-1"},"canonical":"https:\/\/crta-robotics.com\/de\/projects\/nero\/","og_locale":"de_DE","og_type":"article","og_title":"NERO - CRTA","og_description":"Neurokirur\u0161ki robot Ciljevi i rezultati projekta Glavni cilj projekta je doprinos porastu inovacijske konkurentnosti hrvatske robotike i razvoju medicinske tehnologije na globalnoj razini \u2013 izme\u0111u ostalog, i razvoj inovativnog robotskog sustava NERO za izvo\u0111enje neurokirur\u0161kih zahvata O\u010dekivani rezultati uklju\u010duju: Voditelj projekta je tvrtka INETEC d.o.o., a partneri na projektu su KBD i FSB. Kratke \u010dinjenice&hellip; Read more","og_url":"https:\/\/crta-robotics.com\/de\/projects\/nero\/","og_site_name":"CRTA","article_modified_time":"2025-06-18T13:42:21+00:00","og_image":[{"width":2560,"height":1704,"url":"https:\/\/crta-robotics.com\/wp-content\/uploads\/2022\/10\/labos-CRTA-II-001-final-scaled.jpg","type":"image\/jpeg"}],"twitter_card":"summary_large_image","twitter_misc":{"Gesch\u00e4tzte Lesezeit":"1\u00a0Minute"},"schema":{"@context":"https:\/\/schema.org","@graph":[{"@type":"WebPage","@id":"https:\/\/crta-robotics.com\/projects\/nero\/","url":"https:\/\/crta-robotics.com\/projects\/nero\/","name":"NERO - CRTA","isPartOf":{"@id":"https:\/\/crta-robotics.com\/#website"},"datePublished":"2025-06-18T13:15:34+00:00","dateModified":"2025-06-18T13:42:21+00:00","breadcrumb":{"@id":"https:\/\/crta-robotics.com\/projects\/nero\/#breadcrumb"},"inLanguage":"de","potentialAction":[{"@type":"ReadAction","target":["https:\/\/crta-robotics.com\/projects\/nero\/"]}]},{"@type":"BreadcrumbList","@id":"https:\/\/crta-robotics.com\/projects\/nero\/#breadcrumb","itemListElement":[{"@type":"ListItem","position":1,"name":"Po\u010detna stranica","item":"https:\/\/crta-robotics.com\/"},{"@type":"ListItem","position":2,"name":"Projekti","item":"https:\/\/crta-robotics.com\/projects\/"},{"@type":"ListItem","position":3,"name":"NERO"}]},{"@type":"WebSite","@id":"https:\/\/crta-robotics.com\/#website","url":"https:\/\/crta-robotics.com\/","name":"CRTA","description":"Regionales Exzellenzzentrum f\u00fcr Robotertechnologie","publisher":{"@id":"https:\/\/crta-robotics.com\/#organization"},"potentialAction":[{"@type":"SearchAction","target":{"@type":"EntryPoint","urlTemplate":"https:\/\/crta-robotics.com\/?s={search_term_string}"},"query-input":{"@type":"PropertyValueSpecification","valueRequired":true,"valueName":"search_term_string"}}],"inLanguage":"de"},{"@type":"Organization","@id":"https:\/\/crta-robotics.com\/#organization","name":"CRTA","url":"https:\/\/crta-robotics.com\/","logo":{"@type":"ImageObject","inLanguage":"de","@id":"https:\/\/crta-robotics.com\/#\/schema\/logo\/image\/","url":"https:\/\/crta-robotics.com\/wp-content\/uploads\/2025\/01\/logo.png","contentUrl":"https:\/\/crta-robotics.com\/wp-content\/uploads\/2025\/01\/logo.png","width":4628,"height":6012,"caption":"CRTA"},"image":{"@id":"https:\/\/crta-robotics.com\/#\/schema\/logo\/image\/"},"sameAs":["https:\/\/www.youtube.com\/channel\/UC31U0HP10N8_P6uo2PndYRQ"]}]}},"_links":{"self":[{"href":"https:\/\/crta-robotics.com\/de\/wp-json\/wp\/v2\/pages\/3252","targetHints":{"allow":["GET"]}}],"collection":[{"href":"https:\/\/crta-robotics.com\/de\/wp-json\/wp\/v2\/pages"}],"about":[{"href":"https:\/\/crta-robotics.com\/de\/wp-json\/wp\/v2\/types\/page"}],"author":[{"embeddable":true,"href":"https:\/\/crta-robotics.com\/de\/wp-json\/wp\/v2\/users\/15"}],"replies":[{"embeddable":true,"href":"https:\/\/crta-robotics.com\/de\/wp-json\/wp\/v2\/comments?post=3252"}],"version-history":[{"count":2,"href":"https:\/\/crta-robotics.com\/de\/wp-json\/wp\/v2\/pages\/3252\/revisions"}],"predecessor-version":[{"id":3287,"href":"https:\/\/crta-robotics.com\/de\/wp-json\/wp\/v2\/pages\/3252\/revisions\/3287"}],"up":[{"embeddable":true,"href":"https:\/\/crta-robotics.com\/de\/wp-json\/wp\/v2\/pages\/3047"}],"wp:attachment":[{"href":"https:\/\/crta-robotics.com\/de\/wp-json\/wp\/v2\/media?parent=3252"}],"curies":[{"name":"wp","href":"https:\/\/api.w.org\/{rel}","templated":true}]}}