{"id":3261,"date":"2025-06-18T15:20:43","date_gmt":"2025-06-18T13:20:43","guid":{"rendered":"https:\/\/crta-robotics.com\/?page_id=3261"},"modified":"2025-06-18T15:49:56","modified_gmt":"2025-06-18T13:49:56","slug":"crta-docs","status":"publish","type":"page","link":"https:\/\/crta-robotics.com\/de\/projects\/crta-docs\/","title":{"rendered":"CRTA \u2013 Dokumentation"},"content":{"rendered":"<h2 class=\"wp-block-heading has-text-align-center\">Regionaler Exzellenzzentrums f\u00fcr Robotertechnologien \u2013 Dokumentationsvorbereitung<\/h2>\n\n\n\n<h3 class=\"wp-block-heading\"><strong>Kurzinfos<\/strong><\/h3>\n\n\n\n<p><strong>Standort:<\/strong>&nbsp;Zagreb<br><strong>Programm:<\/strong>&nbsp;EFRE \u2013 Europ\u00e4ischer Fonds f\u00fcr regionale Entwicklung<br><strong>Projektbetrag (HRK):<\/strong>&nbsp;210.000,00<br><strong>Der von der Geberorganisation (HRK) bereitgestellte Betrag:<\/strong>&nbsp;210.000,00<br><strong>Projektmanager:<\/strong>&nbsp;Prof. Ph.D. Bojan Jerbi\u0107<br><strong>Leitender Partner:<\/strong>&nbsp;Fakult\u00e4t f\u00fcr Maschinenbau und Schiffbau<br><strong>Finanzierungsquelle:<\/strong>&nbsp;EFRE \u2013 Europ\u00e4ischer Fonds f\u00fcr regionale Entwicklung<\/p>","protected":false},"excerpt":{"rendered":"<p>Regionales Exzellenzzentrum f\u00fcr Robotertechnologien - Vorbereitung der Dokumentation Kurzinfo Standort: ZagrebProgramm: EFRE - Europ\u00e4ischer Fonds f\u00fcr regionale EntwicklungProjektbetrag (HRK): 210.000,00Von der Geberorganisation bereitgestellter Betrag (HRK): 210.000,00Projektleiter: Prof. Dr. Sc. Bojan Jerbi\u0107Leitender Partner: Fakult\u00e4t f\u00fcr Maschinenbau und SchiffsbauFinanzierungsquelle: EFRE - Europ\u00e4ischer Fonds f\u00fcr regionale Entwicklung<\/p>","protected":false},"author":15,"featured_media":0,"parent":3047,"menu_order":0,"comment_status":"closed","ping_status":"closed","template":"","meta":{"footnotes":""},"class_list":["post-3261","page","type-page","status-publish","hentry"],"yoast_head":"<!-- This site is optimized with the Yoast SEO plugin v27.4 - https:\/\/yoast.com\/product\/yoast-seo-wordpress\/ -->\n<title>CRTA - dokumentacija - CRTA<\/title>\n<meta name=\"robots\" content=\"index, follow, max-snippet:-1, max-image-preview:large, max-video-preview:-1\" \/>\n<link rel=\"canonical\" href=\"https:\/\/crta-robotics.com\/de\/projects\/crta-docs\/\" \/>\n<meta property=\"og:locale\" content=\"de_DE\" \/>\n<meta property=\"og:type\" content=\"article\" \/>\n<meta property=\"og:title\" content=\"CRTA - dokumentacija - CRTA\" \/>\n<meta property=\"og:description\" content=\"Regionalni centar izvrsnosti za robotske tehnologije \u2013 priprema dokumentacije Kratke \u010dinjenice Lokacija:&nbsp;ZagrebProgram:&nbsp;EFRR \u2013 Europski fond za regionalni razvojIznos projekta (HRK):&nbsp;210.000,00Iznos koji je dala donatorska organizacija (HRK):&nbsp;210.000,00Voditelj projekta:&nbsp;prof. dr. sc. Bojan Jerbi\u0107Vode\u0107i partner:&nbsp;Fakultet strojarstva i brodogradnjeIzvor financiranja:&nbsp;EFRR \u2013 Europski fond za regionalni razvoj\" \/>\n<meta property=\"og:url\" content=\"https:\/\/crta-robotics.com\/de\/projects\/crta-docs\/\" \/>\n<meta property=\"og:site_name\" content=\"CRTA\" \/>\n<meta property=\"article:modified_time\" content=\"2025-06-18T13:49:56+00:00\" \/>\n<meta property=\"og:image\" content=\"https:\/\/crta-robotics.com\/wp-content\/uploads\/2022\/10\/labos-CRTA-II-001-final-scaled.jpg\" \/>\n\t<meta property=\"og:image:width\" content=\"2560\" \/>\n\t<meta property=\"og:image:height\" content=\"1704\" \/>\n\t<meta property=\"og:image:type\" content=\"image\/jpeg\" \/>\n<meta name=\"twitter:card\" content=\"summary_large_image\" \/>\n<meta name=\"twitter:label1\" content=\"Gesch\u00e4tzte Lesezeit\" \/>\n\t<meta name=\"twitter:data1\" content=\"1\u00a0Minute\" \/>\n<script type=\"application\/ld+json\" class=\"yoast-schema-graph\">{\"@context\":\"https:\\\/\\\/schema.org\",\"@graph\":[{\"@type\":\"WebPage\",\"@id\":\"https:\\\/\\\/crta-robotics.com\\\/projects\\\/crta-docs\\\/\",\"url\":\"https:\\\/\\\/crta-robotics.com\\\/projects\\\/crta-docs\\\/\",\"name\":\"CRTA - dokumentacija - CRTA\",\"isPartOf\":{\"@id\":\"https:\\\/\\\/crta-robotics.com\\\/#website\"},\"datePublished\":\"2025-06-18T13:20:43+00:00\",\"dateModified\":\"2025-06-18T13:49:56+00:00\",\"breadcrumb\":{\"@id\":\"https:\\\/\\\/crta-robotics.com\\\/projects\\\/crta-docs\\\/#breadcrumb\"},\"inLanguage\":\"de\",\"potentialAction\":[{\"@type\":\"ReadAction\",\"target\":[\"https:\\\/\\\/crta-robotics.com\\\/projects\\\/crta-docs\\\/\"]}]},{\"@type\":\"BreadcrumbList\",\"@id\":\"https:\\\/\\\/crta-robotics.com\\\/projects\\\/crta-docs\\\/#breadcrumb\",\"itemListElement\":[{\"@type\":\"ListItem\",\"position\":1,\"name\":\"Po\u010detna stranica\",\"item\":\"https:\\\/\\\/crta-robotics.com\\\/\"},{\"@type\":\"ListItem\",\"position\":2,\"name\":\"Projekti\",\"item\":\"https:\\\/\\\/crta-robotics.com\\\/projects\\\/\"},{\"@type\":\"ListItem\",\"position\":3,\"name\":\"CRTA &#8211; dokumentacija\"}]},{\"@type\":\"WebSite\",\"@id\":\"https:\\\/\\\/crta-robotics.com\\\/#website\",\"url\":\"https:\\\/\\\/crta-robotics.com\\\/\",\"name\":\"CRTA\",\"description\":\"Regionalni centar izvrsnosti za robotske tehnologije\",\"publisher\":{\"@id\":\"https:\\\/\\\/crta-robotics.com\\\/#organization\"},\"potentialAction\":[{\"@type\":\"SearchAction\",\"target\":{\"@type\":\"EntryPoint\",\"urlTemplate\":\"https:\\\/\\\/crta-robotics.com\\\/?s={search_term_string}\"},\"query-input\":{\"@type\":\"PropertyValueSpecification\",\"valueRequired\":true,\"valueName\":\"search_term_string\"}}],\"inLanguage\":\"de\"},{\"@type\":\"Organization\",\"@id\":\"https:\\\/\\\/crta-robotics.com\\\/#organization\",\"name\":\"CRTA\",\"url\":\"https:\\\/\\\/crta-robotics.com\\\/\",\"logo\":{\"@type\":\"ImageObject\",\"inLanguage\":\"de\",\"@id\":\"https:\\\/\\\/crta-robotics.com\\\/#\\\/schema\\\/logo\\\/image\\\/\",\"url\":\"https:\\\/\\\/crta-robotics.com\\\/wp-content\\\/uploads\\\/2025\\\/01\\\/logo.png\",\"contentUrl\":\"https:\\\/\\\/crta-robotics.com\\\/wp-content\\\/uploads\\\/2025\\\/01\\\/logo.png\",\"width\":4628,\"height\":6012,\"caption\":\"CRTA\"},\"image\":{\"@id\":\"https:\\\/\\\/crta-robotics.com\\\/#\\\/schema\\\/logo\\\/image\\\/\"},\"sameAs\":[\"https:\\\/\\\/www.youtube.com\\\/channel\\\/UC31U0HP10N8_P6uo2PndYRQ\"]}]}<\/script>\n<!-- \/ Yoast SEO plugin. -->","yoast_head_json":{"title":"CRTA - dokumentacija - CRTA","robots":{"index":"index","follow":"follow","max-snippet":"max-snippet:-1","max-image-preview":"max-image-preview:large","max-video-preview":"max-video-preview:-1"},"canonical":"https:\/\/crta-robotics.com\/de\/projects\/crta-docs\/","og_locale":"de_DE","og_type":"article","og_title":"CRTA - dokumentacija - CRTA","og_description":"Regionalni centar izvrsnosti za robotske tehnologije \u2013 priprema dokumentacije Kratke \u010dinjenice Lokacija:&nbsp;ZagrebProgram:&nbsp;EFRR \u2013 Europski fond za regionalni razvojIznos projekta (HRK):&nbsp;210.000,00Iznos koji je dala donatorska organizacija (HRK):&nbsp;210.000,00Voditelj projekta:&nbsp;prof. dr. sc. Bojan Jerbi\u0107Vode\u0107i partner:&nbsp;Fakultet strojarstva i brodogradnjeIzvor financiranja:&nbsp;EFRR \u2013 Europski fond za regionalni razvoj","og_url":"https:\/\/crta-robotics.com\/de\/projects\/crta-docs\/","og_site_name":"CRTA","article_modified_time":"2025-06-18T13:49:56+00:00","og_image":[{"width":2560,"height":1704,"url":"https:\/\/crta-robotics.com\/wp-content\/uploads\/2022\/10\/labos-CRTA-II-001-final-scaled.jpg","type":"image\/jpeg"}],"twitter_card":"summary_large_image","twitter_misc":{"Gesch\u00e4tzte Lesezeit":"1\u00a0Minute"},"schema":{"@context":"https:\/\/schema.org","@graph":[{"@type":"WebPage","@id":"https:\/\/crta-robotics.com\/projects\/crta-docs\/","url":"https:\/\/crta-robotics.com\/projects\/crta-docs\/","name":"CRTA - dokumentacija - CRTA","isPartOf":{"@id":"https:\/\/crta-robotics.com\/#website"},"datePublished":"2025-06-18T13:20:43+00:00","dateModified":"2025-06-18T13:49:56+00:00","breadcrumb":{"@id":"https:\/\/crta-robotics.com\/projects\/crta-docs\/#breadcrumb"},"inLanguage":"de","potentialAction":[{"@type":"ReadAction","target":["https:\/\/crta-robotics.com\/projects\/crta-docs\/"]}]},{"@type":"BreadcrumbList","@id":"https:\/\/crta-robotics.com\/projects\/crta-docs\/#breadcrumb","itemListElement":[{"@type":"ListItem","position":1,"name":"Po\u010detna stranica","item":"https:\/\/crta-robotics.com\/"},{"@type":"ListItem","position":2,"name":"Projekti","item":"https:\/\/crta-robotics.com\/projects\/"},{"@type":"ListItem","position":3,"name":"CRTA &#8211; dokumentacija"}]},{"@type":"WebSite","@id":"https:\/\/crta-robotics.com\/#website","url":"https:\/\/crta-robotics.com\/","name":"CRTA","description":"Regionales Exzellenzzentrum f\u00fcr Robotertechnologie","publisher":{"@id":"https:\/\/crta-robotics.com\/#organization"},"potentialAction":[{"@type":"SearchAction","target":{"@type":"EntryPoint","urlTemplate":"https:\/\/crta-robotics.com\/?s={search_term_string}"},"query-input":{"@type":"PropertyValueSpecification","valueRequired":true,"valueName":"search_term_string"}}],"inLanguage":"de"},{"@type":"Organization","@id":"https:\/\/crta-robotics.com\/#organization","name":"CRTA","url":"https:\/\/crta-robotics.com\/","logo":{"@type":"ImageObject","inLanguage":"de","@id":"https:\/\/crta-robotics.com\/#\/schema\/logo\/image\/","url":"https:\/\/crta-robotics.com\/wp-content\/uploads\/2025\/01\/logo.png","contentUrl":"https:\/\/crta-robotics.com\/wp-content\/uploads\/2025\/01\/logo.png","width":4628,"height":6012,"caption":"CRTA"},"image":{"@id":"https:\/\/crta-robotics.com\/#\/schema\/logo\/image\/"},"sameAs":["https:\/\/www.youtube.com\/channel\/UC31U0HP10N8_P6uo2PndYRQ"]}]}},"_links":{"self":[{"href":"https:\/\/crta-robotics.com\/de\/wp-json\/wp\/v2\/pages\/3261","targetHints":{"allow":["GET"]}}],"collection":[{"href":"https:\/\/crta-robotics.com\/de\/wp-json\/wp\/v2\/pages"}],"about":[{"href":"https:\/\/crta-robotics.com\/de\/wp-json\/wp\/v2\/types\/page"}],"author":[{"embeddable":true,"href":"https:\/\/crta-robotics.com\/de\/wp-json\/wp\/v2\/users\/15"}],"replies":[{"embeddable":true,"href":"https:\/\/crta-robotics.com\/de\/wp-json\/wp\/v2\/comments?post=3261"}],"version-history":[{"count":3,"href":"https:\/\/crta-robotics.com\/de\/wp-json\/wp\/v2\/pages\/3261\/revisions"}],"predecessor-version":[{"id":3300,"href":"https:\/\/crta-robotics.com\/de\/wp-json\/wp\/v2\/pages\/3261\/revisions\/3300"}],"up":[{"embeddable":true,"href":"https:\/\/crta-robotics.com\/de\/wp-json\/wp\/v2\/pages\/3047"}],"wp:attachment":[{"href":"https:\/\/crta-robotics.com\/de\/wp-json\/wp\/v2\/media?parent=3261"}],"curies":[{"name":"wp","href":"https:\/\/api.w.org\/{rel}","templated":true}]}}