{"id":3267,"date":"2025-06-18T15:23:26","date_gmt":"2025-06-18T13:23:26","guid":{"rendered":"https:\/\/crta-robotics.com\/?page_id=3267"},"modified":"2025-06-18T15:42:55","modified_gmt":"2025-06-18T13:42:55","slug":"igramo","status":"publish","type":"page","link":"https:\/\/crta-robotics.com\/de\/projects\/igramo\/","title":{"rendered":"WIR SPIELEN"},"content":{"rendered":"<h2 class=\"wp-block-heading has-text-align-center\">Verbesserung der Greifmethoden durch Beobachtungen<\/h2>\n\n\n\n<h3 class=\"wp-block-heading\"><strong>Ziele und Ergebnisse des Projekts<\/strong><\/h3>\n\n\n\n<p>Das Hauptziel des IGRAMO-Projekts (Improving GRAsping Movements by Predictions based on Observation) konzentrierte sich auf den Entwurf und die Entwicklung eines autonomen Robotersystems zur Handhabung von Objekten. In einem solchen System lernt ein virtueller Roboteragent, wie man verschiedene Objekte manipuliert, indem er beobachtet, wie ein Mensch mit denselben Objekten umgeht. Im Rahmen des Projekts wurden neue Steuerungsparadigmen entwickelt, die auf den Konzepten von Multiagentensystemen (MAS) zur Koordination eines Roboterarms mit einem Mehrfingergreifer basieren. Im Projekt werden die Finger und die globale Kamera als unabh\u00e4ngige rationale autonome Agenten modelliert, die zusammenarbeiten, um Bewegungen in einem diskreten Zustandsraum zu koordinieren und zu planen. Mithilfe verschiedener Koordinations- und Kollaborationstechniken (z. B. Koordinationsgraphen, Verhandlungs- und Konfliktl\u00f6sungsmethoden) kooperieren die Finger mit den anderen Fingern des Greifers und mit der globalen Kamera bei der Umsetzung der Aufgabe: das konvexe Objekt der Manipulation aus dem Anfang zu bringen koordiniert und kollaborativ zur Zielposition positionieren, diese umrunden, fangen und transportieren und dabei Hindernissen aus dem Weg gehen. Es gibt eine sp\u00fcrbare Verbesserung der Leistung bei Fangaufgaben. Das entwickelte MAS-Paradigma verspricht gewisse Vorteile nicht nur bei der Steuerung von Mehrfingergreifern, sondern auch bei ganzen Produktionssystemen bestehend aus Robotern und Manipulatoren.<\/p>\n\n\n\n<h3 class=\"wp-block-heading\"><strong>Kurzinfos<\/strong><\/h3>\n\n\n\n<p><strong>Standort:<\/strong>&nbsp;Stockholm\/Zagreb<br><strong>Dauer:<\/strong>&nbsp;1.2.2009. \u2013 1.2.2011.<br><strong>Programm:<\/strong>&nbsp;Einheit durch Wissensfonds (UKF)<br><strong>Projektbetrag (HRK):<\/strong>&nbsp;458.934,00<br><strong>Der von der Geberorganisation (HRK) bereitgestellte Betrag:<\/strong>&nbsp;458.934,00<br><strong>Co-Projektleiter:<\/strong>&nbsp;Prof. Ph.D. Bojan Jerbi\u0107<br><strong>Leitender Partner:<\/strong>&nbsp;KTH K\u00f6nigliches Institut f\u00fcr Technologie<br><strong>Finanzierungsquelle:<\/strong>&nbsp;UKF-Stipendium<\/p>","protected":false},"excerpt":{"rendered":"<p>Verbesserung von Greifmethoden durch Beobachtungen Projektziele und -ergebnisse Das Hauptziel des Projekts IGRAMO (Improving GRAsping Movements by predictions based on Observation) war die Entwicklung eines autonomen Robotersystems zur Handhabung von Objekten. In einem solchen System lernt ein virtueller Roboteragent die Handhabung verschiedener Objekte, indem er einen Menschen bei der Handhabung derselben Objekte beobachtet. Im Rahmen von\u2026 <br \/> <a class=\"read-more\" href=\"https:\/\/crta-robotics.com\/de\/projects\/igramo\/\">Mehr lesen<\/a><\/p>","protected":false},"author":15,"featured_media":0,"parent":3047,"menu_order":0,"comment_status":"closed","ping_status":"closed","template":"","meta":{"footnotes":""},"class_list":["post-3267","page","type-page","status-publish","hentry"],"yoast_head":"<!-- This site is optimized with the Yoast SEO plugin v27.4 - https:\/\/yoast.com\/product\/yoast-seo-wordpress\/ -->\n<title>IGRAMO - CRTA<\/title>\n<meta name=\"robots\" content=\"index, follow, max-snippet:-1, max-image-preview:large, max-video-preview:-1\" \/>\n<link rel=\"canonical\" href=\"https:\/\/crta-robotics.com\/de\/projects\/igramo\/\" \/>\n<meta property=\"og:locale\" content=\"de_DE\" \/>\n<meta property=\"og:type\" content=\"article\" \/>\n<meta property=\"og:title\" content=\"IGRAMO - CRTA\" \/>\n<meta property=\"og:description\" content=\"Improving grasping methods based on observations Ciljevi i rezultati projekta Glavni cilj projekta IGRAMO (Improving GRAsping Movements by predictions based on Observation) bio je usmjeren na projektiranje i razvoj autonomnog robotskog sustava za rukovanje objektima. U takvom sustavu, virtualni robotski agent u\u010di kako manipulirati razli\u010ditim objektima promatranjem \u010dovjeka pri rukovanju istim skupom objekata. U okviru&hellip; Read more\" \/>\n<meta property=\"og:url\" content=\"https:\/\/crta-robotics.com\/de\/projects\/igramo\/\" \/>\n<meta property=\"og:site_name\" content=\"CRTA\" \/>\n<meta property=\"article:modified_time\" content=\"2025-06-18T13:42:55+00:00\" \/>\n<meta property=\"og:image\" content=\"https:\/\/crta-robotics.com\/wp-content\/uploads\/2022\/10\/labos-CRTA-II-001-final-scaled.jpg\" \/>\n\t<meta property=\"og:image:width\" content=\"2560\" \/>\n\t<meta property=\"og:image:height\" content=\"1704\" \/>\n\t<meta property=\"og:image:type\" content=\"image\/jpeg\" \/>\n<meta name=\"twitter:card\" content=\"summary_large_image\" \/>\n<meta name=\"twitter:label1\" content=\"Gesch\u00e4tzte Lesezeit\" \/>\n\t<meta name=\"twitter:data1\" content=\"2\u00a0Minuten\" \/>\n<script type=\"application\/ld+json\" class=\"yoast-schema-graph\">{\"@context\":\"https:\\\/\\\/schema.org\",\"@graph\":[{\"@type\":\"WebPage\",\"@id\":\"https:\\\/\\\/crta-robotics.com\\\/projects\\\/igramo\\\/\",\"url\":\"https:\\\/\\\/crta-robotics.com\\\/projects\\\/igramo\\\/\",\"name\":\"IGRAMO - CRTA\",\"isPartOf\":{\"@id\":\"https:\\\/\\\/crta-robotics.com\\\/#website\"},\"datePublished\":\"2025-06-18T13:23:26+00:00\",\"dateModified\":\"2025-06-18T13:42:55+00:00\",\"breadcrumb\":{\"@id\":\"https:\\\/\\\/crta-robotics.com\\\/projects\\\/igramo\\\/#breadcrumb\"},\"inLanguage\":\"de\",\"potentialAction\":[{\"@type\":\"ReadAction\",\"target\":[\"https:\\\/\\\/crta-robotics.com\\\/projects\\\/igramo\\\/\"]}]},{\"@type\":\"BreadcrumbList\",\"@id\":\"https:\\\/\\\/crta-robotics.com\\\/projects\\\/igramo\\\/#breadcrumb\",\"itemListElement\":[{\"@type\":\"ListItem\",\"position\":1,\"name\":\"Po\u010detna stranica\",\"item\":\"https:\\\/\\\/crta-robotics.com\\\/\"},{\"@type\":\"ListItem\",\"position\":2,\"name\":\"Projekti\",\"item\":\"https:\\\/\\\/crta-robotics.com\\\/projects\\\/\"},{\"@type\":\"ListItem\",\"position\":3,\"name\":\"IGRAMO\"}]},{\"@type\":\"WebSite\",\"@id\":\"https:\\\/\\\/crta-robotics.com\\\/#website\",\"url\":\"https:\\\/\\\/crta-robotics.com\\\/\",\"name\":\"CRTA\",\"description\":\"Regionalni centar izvrsnosti za robotske tehnologije\",\"publisher\":{\"@id\":\"https:\\\/\\\/crta-robotics.com\\\/#organization\"},\"potentialAction\":[{\"@type\":\"SearchAction\",\"target\":{\"@type\":\"EntryPoint\",\"urlTemplate\":\"https:\\\/\\\/crta-robotics.com\\\/?s={search_term_string}\"},\"query-input\":{\"@type\":\"PropertyValueSpecification\",\"valueRequired\":true,\"valueName\":\"search_term_string\"}}],\"inLanguage\":\"de\"},{\"@type\":\"Organization\",\"@id\":\"https:\\\/\\\/crta-robotics.com\\\/#organization\",\"name\":\"CRTA\",\"url\":\"https:\\\/\\\/crta-robotics.com\\\/\",\"logo\":{\"@type\":\"ImageObject\",\"inLanguage\":\"de\",\"@id\":\"https:\\\/\\\/crta-robotics.com\\\/#\\\/schema\\\/logo\\\/image\\\/\",\"url\":\"https:\\\/\\\/crta-robotics.com\\\/wp-content\\\/uploads\\\/2025\\\/01\\\/logo.png\",\"contentUrl\":\"https:\\\/\\\/crta-robotics.com\\\/wp-content\\\/uploads\\\/2025\\\/01\\\/logo.png\",\"width\":4628,\"height\":6012,\"caption\":\"CRTA\"},\"image\":{\"@id\":\"https:\\\/\\\/crta-robotics.com\\\/#\\\/schema\\\/logo\\\/image\\\/\"},\"sameAs\":[\"https:\\\/\\\/www.youtube.com\\\/channel\\\/UC31U0HP10N8_P6uo2PndYRQ\"]}]}<\/script>\n<!-- \/ Yoast SEO plugin. -->","yoast_head_json":{"title":"IGRAMO - CRTA","robots":{"index":"index","follow":"follow","max-snippet":"max-snippet:-1","max-image-preview":"max-image-preview:large","max-video-preview":"max-video-preview:-1"},"canonical":"https:\/\/crta-robotics.com\/de\/projects\/igramo\/","og_locale":"de_DE","og_type":"article","og_title":"IGRAMO - CRTA","og_description":"Improving grasping methods based on observations Ciljevi i rezultati projekta Glavni cilj projekta IGRAMO (Improving GRAsping Movements by predictions based on Observation) bio je usmjeren na projektiranje i razvoj autonomnog robotskog sustava za rukovanje objektima. U takvom sustavu, virtualni robotski agent u\u010di kako manipulirati razli\u010ditim objektima promatranjem \u010dovjeka pri rukovanju istim skupom objekata. U okviru&hellip; Read more","og_url":"https:\/\/crta-robotics.com\/de\/projects\/igramo\/","og_site_name":"CRTA","article_modified_time":"2025-06-18T13:42:55+00:00","og_image":[{"width":2560,"height":1704,"url":"https:\/\/crta-robotics.com\/wp-content\/uploads\/2022\/10\/labos-CRTA-II-001-final-scaled.jpg","type":"image\/jpeg"}],"twitter_card":"summary_large_image","twitter_misc":{"Gesch\u00e4tzte Lesezeit":"2\u00a0Minuten"},"schema":{"@context":"https:\/\/schema.org","@graph":[{"@type":"WebPage","@id":"https:\/\/crta-robotics.com\/projects\/igramo\/","url":"https:\/\/crta-robotics.com\/projects\/igramo\/","name":"IGRAMO - CRTA","isPartOf":{"@id":"https:\/\/crta-robotics.com\/#website"},"datePublished":"2025-06-18T13:23:26+00:00","dateModified":"2025-06-18T13:42:55+00:00","breadcrumb":{"@id":"https:\/\/crta-robotics.com\/projects\/igramo\/#breadcrumb"},"inLanguage":"de","potentialAction":[{"@type":"ReadAction","target":["https:\/\/crta-robotics.com\/projects\/igramo\/"]}]},{"@type":"BreadcrumbList","@id":"https:\/\/crta-robotics.com\/projects\/igramo\/#breadcrumb","itemListElement":[{"@type":"ListItem","position":1,"name":"Po\u010detna stranica","item":"https:\/\/crta-robotics.com\/"},{"@type":"ListItem","position":2,"name":"Projekti","item":"https:\/\/crta-robotics.com\/projects\/"},{"@type":"ListItem","position":3,"name":"IGRAMO"}]},{"@type":"WebSite","@id":"https:\/\/crta-robotics.com\/#website","url":"https:\/\/crta-robotics.com\/","name":"CRTA","description":"Regionales Exzellenzzentrum f\u00fcr Robotertechnologie","publisher":{"@id":"https:\/\/crta-robotics.com\/#organization"},"potentialAction":[{"@type":"SearchAction","target":{"@type":"EntryPoint","urlTemplate":"https:\/\/crta-robotics.com\/?s={search_term_string}"},"query-input":{"@type":"PropertyValueSpecification","valueRequired":true,"valueName":"search_term_string"}}],"inLanguage":"de"},{"@type":"Organization","@id":"https:\/\/crta-robotics.com\/#organization","name":"CRTA","url":"https:\/\/crta-robotics.com\/","logo":{"@type":"ImageObject","inLanguage":"de","@id":"https:\/\/crta-robotics.com\/#\/schema\/logo\/image\/","url":"https:\/\/crta-robotics.com\/wp-content\/uploads\/2025\/01\/logo.png","contentUrl":"https:\/\/crta-robotics.com\/wp-content\/uploads\/2025\/01\/logo.png","width":4628,"height":6012,"caption":"CRTA"},"image":{"@id":"https:\/\/crta-robotics.com\/#\/schema\/logo\/image\/"},"sameAs":["https:\/\/www.youtube.com\/channel\/UC31U0HP10N8_P6uo2PndYRQ"]}]}},"_links":{"self":[{"href":"https:\/\/crta-robotics.com\/de\/wp-json\/wp\/v2\/pages\/3267","targetHints":{"allow":["GET"]}}],"collection":[{"href":"https:\/\/crta-robotics.com\/de\/wp-json\/wp\/v2\/pages"}],"about":[{"href":"https:\/\/crta-robotics.com\/de\/wp-json\/wp\/v2\/types\/page"}],"author":[{"embeddable":true,"href":"https:\/\/crta-robotics.com\/de\/wp-json\/wp\/v2\/users\/15"}],"replies":[{"embeddable":true,"href":"https:\/\/crta-robotics.com\/de\/wp-json\/wp\/v2\/comments?post=3267"}],"version-history":[{"count":2,"href":"https:\/\/crta-robotics.com\/de\/wp-json\/wp\/v2\/pages\/3267\/revisions"}],"predecessor-version":[{"id":3282,"href":"https:\/\/crta-robotics.com\/de\/wp-json\/wp\/v2\/pages\/3267\/revisions\/3282"}],"up":[{"embeddable":true,"href":"https:\/\/crta-robotics.com\/de\/wp-json\/wp\/v2\/pages\/3047"}],"wp:attachment":[{"href":"https:\/\/crta-robotics.com\/de\/wp-json\/wp\/v2\/media?parent=3267"}],"curies":[{"name":"wp","href":"https:\/\/api.w.org\/{rel}","templated":true}]}}