{"id":389,"date":"2020-12-14T12:01:29","date_gmt":"2020-12-14T12:01:29","guid":{"rendered":"https:\/\/crta.fsb.hr\/?page_id=389"},"modified":"2025-10-22T15:39:20","modified_gmt":"2025-10-22T13:39:20","slug":"contact","status":"publish","type":"page","link":"https:\/\/crta-robotics.com\/de\/contact\/","title":{"rendered":"Kontakt"},"content":{"rendered":"<div  data-label=\"Features\" data-id=\"features--1\" data-export-id=\"features-12\" data-category=\"features\" class=\"features-12 content-section content-section-spacing\" id=\"features-1\" style=\"background-color: rgb(245, 250, 253);\"><div  class=\"gridContainer\"> <div  class=\"row text-center\"><div  class=\"section-title-col\" data-type=\"column\"> <h2  class=\"\">Haben Sie eine Idee? Kontaktieren Sie uns!<\/h2> <p  class=\"lead\">Kontaktieren Sie uns gerne telefonisch oder \u00fcber das Kontaktformular!<\/p><\/div> <\/div> <div  class=\"row spaced-cols\" data-type=\"row\"> <div  class=\"col-sm-6\"> <div  class=\"row space-bottom\"> <div  class=\"col-sm-fit icon-column\"> <i  class=\"fa icon fa-user-o bordered round color2\"><\/i> <\/div> <div  class=\"col-sm\" data-type=\"column\"> <h5  class=\"color2\">EINZELPERSONEN<\/h5> <p  class=\"\">Kontaktieren Sie uns, wenn Sie ein interessierter Enthusiast sind und sehen m\u00f6chten, wie fortschrittliche Robotertechnologien funktionieren.<\/p><\/div> <\/div><\/div> <div  class=\"col-sm-6\"><div  class=\"row space-bottom\"> <div  class=\"col-sm-fit icon-column\"><i  class=\"fa icon fa-newspaper-o bordered round color2\"><\/i><\/div> <div  class=\"col-sm\" data-type=\"column\"><h5  class=\"color2\">\u00d6FFENTLICHKEIT, MEDIEN UND SCHULEN<\/h5> <p  class=\"\">Wir k\u00f6nnen Tage der offenen T\u00fcr und Besuche im Zentrum organisieren, um Robotertechnologien und die Gesamtarbeit des Zentrums vorzustellen.<\/p><\/div> <\/div><\/div> <div  class=\"col-sm-6\"><div  class=\"row space-bottom\"> <div  class=\"col-sm-fit icon-column\"><i  class=\"fa icon fa-line-chart bordered round color2\"><\/i><\/div> <div  class=\"col-sm\" data-type=\"column\"><h5  class=\"color2\">UNTERNEHMEN<\/h5> <p  class=\"\">Wir k\u00f6nnen produzierenden Unternehmen Beratung zu Anwendungsm\u00f6glichkeiten sowie die L\u00f6sung technischer Probleme mithilfe von Robotertechnologien anbieten.<\/p><\/div> <\/div><\/div> <div  class=\"col-sm-6\"><div  class=\"row space-bottom\"> <div  class=\"col-sm-fit icon-column\"><i  class=\"fa icon fa-handshake-o bordered round color2\"><\/i><\/div> <div  class=\"col-sm\" data-type=\"column\"><h5  class=\"color2\">INSTITUTIONEN UND FAKULT\u00c4TEN<\/h5> <p  class=\"\">Wir laden Institute und andere Fakult\u00e4ten ein, sich bei Interesse an der Durchf\u00fchrung gemeinsamer wissenschaftlicher und technologischer Projekte mit uns in Verbindung zu setzen!<\/p><\/div> <\/div><\/div> <\/div><\/div> <\/div><div  data-label=\"Contact\" data-id=\"contact--1\" data-export-id=\"contact-1\" data-category=\"contact\" class=\"contact-1 content-section content-section-spacing lazy section-title-col-dark-text content-relative entered error\" data-parallax-depth=\"20\" id=\"contact-1\" style=\"background-color: rgba(255, 255, 255, 0); background-size: cover; background-position: center top; background-image: none;\" data-bg=\"url(&quot;https:\/\/crta-robotics.com\/wp-content\/uploads\/2023\/12\/CRTA_Rudi_Lab_za_AI.jpg&quot;)\" data-section-ov=\"1\" data-was-processed=\"true\" data-ll-status=\"error\"><div  class=\"\"><div  data-section-title-area=\"true\" class=\"row text-center\">   <div  class=\"section-title-col\" data-type=\"column\"><p  class=\"lead\" style=\"text-align: center;\"><iframe  src=\"https:\/\/www.google.com\/maps\/embed?pb=!1m18!1m12!1m3!1d2781.7866115627085!2d15.970115577445856!3d45.79550261127103!2m3!1f0!2f0!3f0!3m2!1i1024!2i768!4f13.1!3m3!1m2!1s0x4765d719a99d2335%3A0xcf63a72445f1203c!2sCRTA%20-%20Regionalni%20centar%20izvrsnosti%20za%20robotske%20tehnologije!5e0!3m2!1shr!2shr!4v1746874187917!5m2!1shr!2shr\" width=\"600\" height=\"450\" style=\"border-width: 0px; border-style: initial;\" allowfullscreen=\"\" loading=\"lazy\" referrerpolicy=\"no-referrer-when-downgrade\"><\/iframe><\/p>                 <\/div><\/div>  <div  class=\"row text-center\"> <div  class=\"col-xs-12 col-sm-8 col-sm-offset-2 contact-form-wrapper inline-info\"> <div  class=\"card large-padding\"> <div  class=\"\" data-content-shortcode=\"mesmerize_contact_form shortcode=&quot;contact-form-7 id=&amp;amp;quot;9c55757&amp;amp;quot; title=&amp;amp;quot;kontakt-forma&amp;amp;quot;&quot;\" data-editable=\"true\">\n<div class=\"wpcf7 no-js\" id=\"wpcf7-f388-o1\" lang=\"en-US\" dir=\"ltr\" data-wpcf7-id=\"388\">\n<div class=\"screen-reader-response\"><p role=\"status\" aria-live=\"polite\" aria-atomic=\"true\"><\/p> <ul><\/ul><\/div>\n<form action=\"\/de\/wp-json\/wp\/v2\/pages\/389#wpcf7-f388-o1\" method=\"post\" class=\"wpcf7-form init\" aria-label=\"Kontaktformular\" novalidate=\"novalidate\" data-status=\"init\" data-trp-original-action=\"\/de\/wp-json\/wp\/v2\/pages\/389#wpcf7-f388-o1\">\n<fieldset class=\"hidden-fields-container\"><input type=\"hidden\" name=\"_wpcf7\" value=\"388\" \/><input type=\"hidden\" name=\"_wpcf7_version\" value=\"6.1.5\" \/><input type=\"hidden\" name=\"_wpcf7_locale\" value=\"en_US\" \/><input type=\"hidden\" name=\"_wpcf7_unit_tag\" value=\"wpcf7-f388-o1\" \/><input type=\"hidden\" name=\"_wpcf7_container_post\" value=\"0\" \/><input type=\"hidden\" name=\"_wpcf7_posted_data_hash\" value=\"\" \/>\n<\/fieldset>\n<div class=\"wpcf7-turnstile cf-turnstile\" data-sitekey=\"0x4AAAAAACAeh9OuRBPTfqzh\" data-response-field-name=\"_wpcf7_turnstile_response\"><\/div>\n\n<p><label> Vor- und Nachname:<br \/>\n<span class=\"wpcf7-form-control-wrap\" data-name=\"your-name\"><input size=\"40\" maxlength=\"400\" class=\"wpcf7-form-control wpcf7-text wpcf7-validates-as-required crtacontactform\" aria-required=\"true\" aria-invalid=\"false\" value=\"\" type=\"text\" name=\"your-name\" \/><\/span> <\/label>\n<\/p>\n<p><label> E-Mail:<br \/>\n<span class=\"wpcf7-form-control-wrap\" data-name=\"your-email\"><input size=\"40\" maxlength=\"400\" class=\"wpcf7-form-control wpcf7-email wpcf7-validates-as-required wpcf7-text wpcf7-validates-as-email crtacontactform\" aria-required=\"true\" aria-invalid=\"false\" value=\"\" type=\"email\" name=\"your-email\" \/><\/span> <\/label>\n<\/p>\n<p><label> Titel:<br \/>\n<span class=\"wpcf7-form-control-wrap\" data-name=\"your-subject\"><input size=\"40\" maxlength=\"400\" class=\"wpcf7-form-control wpcf7-text wpcf7-validates-as-required crtacontactform\" aria-required=\"true\" aria-invalid=\"false\" value=\"\" type=\"text\" name=\"your-subject\" \/><\/span> <\/label>\n<\/p>\n<p><label> Nachricht:<br \/>\n<span class=\"wpcf7-form-control-wrap\" data-name=\"your-message\"><textarea cols=\"40\" rows=\"10\" maxlength=\"2000\" class=\"wpcf7-form-control wpcf7-textarea wpcf7-validates-as-required crtacontactform\" aria-required=\"true\" aria-invalid=\"false\" name=\"your-message\"><\/textarea><\/span> <\/label>\n<\/p>\n<p><input class=\"wpcf7-form-control wpcf7-submit has-spinner crtacontactform\" type=\"submit\" value=\"Schicken!\" \/>\n<\/p><div class=\"wpcf7-response-output\" aria-hidden=\"true\"><\/div>\n<input type=\"hidden\" name=\"trp-form-language\" value=\"de\"\/><\/form>\n<\/div>\n<\/div><\/div> <\/div><\/div> <\/div><\/div><div  data-label=\"Content\" data-id=\"content--1\" data-export-id=\"content-12\" data-category=\"content\" class=\"content-12 content-section content-section-spacing\" id=\"content-1\" style=\"background-color: rgba(255, 255, 255, 0); background-image: none;\"><div  class=\"gridContainer\">  <div  class=\"row center-xs middle-xs\"> <div  class=\"col-sm-9\" data-type=\"column\"> <a data-cp-link=\"1\" href=\"https:\/\/www.fsb.unizg.hr\"  class=\"\" target=\"_self\"><img decoding=\"async\"  class=\"shadow-large lazy entered loaded\" src=\"https:\/\/crta-robotics.com\/wp-content\/uploads\/2025\/10\/Logo_eng.png\" data-src=\"https:\/\/crta-robotics.com\/wp-content\/uploads\/2025\/10\/Logo_eng.png\" title=\"FSB Logo\" alt=\"FSB Logo\" data-ll-status=\"loaded\"><\/a><\/div> <\/div><\/div> <\/div>","protected":false},"excerpt":{"rendered":"<p>Sie haben eine Idee? Kontaktieren Sie uns! Kontaktieren Sie uns gerne telefonisch oder \u00fcber das Kontaktformular! PRIVATPERSONEN Kontaktieren Sie uns, wenn Sie ein interessierter Enthusiast sind und sehen m\u00f6chten, wie fortschrittliche Robotertechnologien funktionieren. \u00d6FFENTLICHKEIT, MEDIEN UND SCHULEN Wir k\u00f6nnen Tage der offenen T\u00fcr und Besuche im Zentrum organisieren, um Robotertechnologien und die gesamte Arbeit des Zentrums vorzustellen. UNTERNEHMEN Wir bieten produzierenden Unternehmen\u2026 <br \/> <a class=\"read-more\" href=\"https:\/\/crta-robotics.com\/de\/contact\/\">Mehr lesen<\/a><\/p>","protected":false},"author":11,"featured_media":0,"parent":0,"menu_order":0,"comment_status":"closed","ping_status":"closed","template":"pro\/page-templates\/full-width-page.php","meta":{"footnotes":""},"class_list":["post-389","page","type-page","status-publish","hentry"],"yoast_head":"<!-- This site is optimized with the Yoast SEO plugin v27.4 - https:\/\/yoast.com\/product\/yoast-seo-wordpress\/ -->\n<title>Kontakt - CRTA<\/title>\n<meta name=\"robots\" content=\"index, follow, max-snippet:-1, max-image-preview:large, max-video-preview:-1\" \/>\n<link rel=\"canonical\" href=\"https:\/\/crta-robotics.com\/de\/contact\/\" \/>\n<meta property=\"og:locale\" content=\"de_DE\" \/>\n<meta property=\"og:type\" content=\"article\" \/>\n<meta property=\"og:title\" content=\"Kontakt - CRTA\" \/>\n<meta property=\"og:description\" content=\"Imate ideju? Javite nam se! Slobodno nam se obratite telefonski ili putem kontakt obrasca! POJEDINCI Javite nam se ako ste zainteresirani entuzijast i \u017eelite vidjeti kako funkcioniraju napredne robotske tehnologije. JAVNOST, MEDIJI I \u0160KOLE Mo\u017eemo organizirati otvorene dane i posjet Centru, kako bi prezentirali robotske tehnologije te sveukupan rad Centra. TVRTKE Proizvodnim tvrtkama mo\u017eemo ponuditi&hellip; Read more\" \/>\n<meta property=\"og:url\" content=\"https:\/\/crta-robotics.com\/de\/contact\/\" \/>\n<meta property=\"og:site_name\" content=\"CRTA\" \/>\n<meta property=\"article:modified_time\" content=\"2025-10-22T13:39:20+00:00\" \/>\n<meta property=\"og:image\" content=\"https:\/\/crta-robotics.com\/wp-content\/uploads\/2025\/10\/Logo_eng.png\" \/>\n<meta name=\"twitter:card\" content=\"summary_large_image\" \/>\n<meta name=\"twitter:label1\" content=\"Gesch\u00e4tzte Lesezeit\" \/>\n\t<meta name=\"twitter:data1\" content=\"1\u00a0Minute\" \/>\n<script type=\"application\/ld+json\" class=\"yoast-schema-graph\">{\"@context\":\"https:\\\/\\\/schema.org\",\"@graph\":[{\"@type\":\"WebPage\",\"@id\":\"https:\\\/\\\/crta-robotics.com\\\/contact\\\/\",\"url\":\"https:\\\/\\\/crta-robotics.com\\\/contact\\\/\",\"name\":\"Kontakt - CRTA\",\"isPartOf\":{\"@id\":\"https:\\\/\\\/crta-robotics.com\\\/#website\"},\"primaryImageOfPage\":{\"@id\":\"https:\\\/\\\/crta-robotics.com\\\/contact\\\/#primaryimage\"},\"image\":{\"@id\":\"https:\\\/\\\/crta-robotics.com\\\/contact\\\/#primaryimage\"},\"thumbnailUrl\":\"https:\\\/\\\/crta-robotics.com\\\/wp-content\\\/uploads\\\/2025\\\/10\\\/Logo_eng.png\",\"datePublished\":\"2020-12-14T12:01:29+00:00\",\"dateModified\":\"2025-10-22T13:39:20+00:00\",\"breadcrumb\":{\"@id\":\"https:\\\/\\\/crta-robotics.com\\\/contact\\\/#breadcrumb\"},\"inLanguage\":\"de\",\"potentialAction\":[{\"@type\":\"ReadAction\",\"target\":[\"https:\\\/\\\/crta-robotics.com\\\/contact\\\/\"]}]},{\"@type\":\"ImageObject\",\"inLanguage\":\"de\",\"@id\":\"https:\\\/\\\/crta-robotics.com\\\/contact\\\/#primaryimage\",\"url\":\"https:\\\/\\\/crta-robotics.com\\\/wp-content\\\/uploads\\\/2025\\\/10\\\/Logo_eng.png\",\"contentUrl\":\"https:\\\/\\\/crta-robotics.com\\\/wp-content\\\/uploads\\\/2025\\\/10\\\/Logo_eng.png\"},{\"@type\":\"BreadcrumbList\",\"@id\":\"https:\\\/\\\/crta-robotics.com\\\/contact\\\/#breadcrumb\",\"itemListElement\":[{\"@type\":\"ListItem\",\"position\":1,\"name\":\"Po\u010detna stranica\",\"item\":\"https:\\\/\\\/crta-robotics.com\\\/\"},{\"@type\":\"ListItem\",\"position\":2,\"name\":\"Kontakt\"}]},{\"@type\":\"WebSite\",\"@id\":\"https:\\\/\\\/crta-robotics.com\\\/#website\",\"url\":\"https:\\\/\\\/crta-robotics.com\\\/\",\"name\":\"CRTA\",\"description\":\"Regionalni centar izvrsnosti za robotske tehnologije\",\"publisher\":{\"@id\":\"https:\\\/\\\/crta-robotics.com\\\/#organization\"},\"potentialAction\":[{\"@type\":\"SearchAction\",\"target\":{\"@type\":\"EntryPoint\",\"urlTemplate\":\"https:\\\/\\\/crta-robotics.com\\\/?s={search_term_string}\"},\"query-input\":{\"@type\":\"PropertyValueSpecification\",\"valueRequired\":true,\"valueName\":\"search_term_string\"}}],\"inLanguage\":\"de\"},{\"@type\":\"Organization\",\"@id\":\"https:\\\/\\\/crta-robotics.com\\\/#organization\",\"name\":\"CRTA\",\"url\":\"https:\\\/\\\/crta-robotics.com\\\/\",\"logo\":{\"@type\":\"ImageObject\",\"inLanguage\":\"de\",\"@id\":\"https:\\\/\\\/crta-robotics.com\\\/#\\\/schema\\\/logo\\\/image\\\/\",\"url\":\"https:\\\/\\\/crta-robotics.com\\\/wp-content\\\/uploads\\\/2025\\\/01\\\/logo.png\",\"contentUrl\":\"https:\\\/\\\/crta-robotics.com\\\/wp-content\\\/uploads\\\/2025\\\/01\\\/logo.png\",\"width\":4628,\"height\":6012,\"caption\":\"CRTA\"},\"image\":{\"@id\":\"https:\\\/\\\/crta-robotics.com\\\/#\\\/schema\\\/logo\\\/image\\\/\"},\"sameAs\":[\"https:\\\/\\\/www.youtube.com\\\/channel\\\/UC31U0HP10N8_P6uo2PndYRQ\"]}]}<\/script>\n<!-- \/ Yoast SEO plugin. -->","yoast_head_json":{"title":"Kontakt - CRTA","robots":{"index":"index","follow":"follow","max-snippet":"max-snippet:-1","max-image-preview":"max-image-preview:large","max-video-preview":"max-video-preview:-1"},"canonical":"https:\/\/crta-robotics.com\/de\/contact\/","og_locale":"de_DE","og_type":"article","og_title":"Kontakt - CRTA","og_description":"Imate ideju? Javite nam se! Slobodno nam se obratite telefonski ili putem kontakt obrasca! POJEDINCI Javite nam se ako ste zainteresirani entuzijast i \u017eelite vidjeti kako funkcioniraju napredne robotske tehnologije. JAVNOST, MEDIJI I \u0160KOLE Mo\u017eemo organizirati otvorene dane i posjet Centru, kako bi prezentirali robotske tehnologije te sveukupan rad Centra. TVRTKE Proizvodnim tvrtkama mo\u017eemo ponuditi&hellip; Read more","og_url":"https:\/\/crta-robotics.com\/de\/contact\/","og_site_name":"CRTA","article_modified_time":"2025-10-22T13:39:20+00:00","og_image":[{"url":"https:\/\/crta-robotics.com\/wp-content\/uploads\/2025\/10\/Logo_eng.png","type":"","width":"","height":""}],"twitter_card":"summary_large_image","twitter_misc":{"Gesch\u00e4tzte Lesezeit":"1\u00a0Minute"},"schema":{"@context":"https:\/\/schema.org","@graph":[{"@type":"WebPage","@id":"https:\/\/crta-robotics.com\/contact\/","url":"https:\/\/crta-robotics.com\/contact\/","name":"Kontakt - CRTA","isPartOf":{"@id":"https:\/\/crta-robotics.com\/#website"},"primaryImageOfPage":{"@id":"https:\/\/crta-robotics.com\/contact\/#primaryimage"},"image":{"@id":"https:\/\/crta-robotics.com\/contact\/#primaryimage"},"thumbnailUrl":"https:\/\/crta-robotics.com\/wp-content\/uploads\/2025\/10\/Logo_eng.png","datePublished":"2020-12-14T12:01:29+00:00","dateModified":"2025-10-22T13:39:20+00:00","breadcrumb":{"@id":"https:\/\/crta-robotics.com\/contact\/#breadcrumb"},"inLanguage":"de","potentialAction":[{"@type":"ReadAction","target":["https:\/\/crta-robotics.com\/contact\/"]}]},{"@type":"ImageObject","inLanguage":"de","@id":"https:\/\/crta-robotics.com\/contact\/#primaryimage","url":"https:\/\/crta-robotics.com\/wp-content\/uploads\/2025\/10\/Logo_eng.png","contentUrl":"https:\/\/crta-robotics.com\/wp-content\/uploads\/2025\/10\/Logo_eng.png"},{"@type":"BreadcrumbList","@id":"https:\/\/crta-robotics.com\/contact\/#breadcrumb","itemListElement":[{"@type":"ListItem","position":1,"name":"Po\u010detna stranica","item":"https:\/\/crta-robotics.com\/"},{"@type":"ListItem","position":2,"name":"Kontakt"}]},{"@type":"WebSite","@id":"https:\/\/crta-robotics.com\/#website","url":"https:\/\/crta-robotics.com\/","name":"CRTA","description":"Regionales Exzellenzzentrum f\u00fcr Robotertechnologie","publisher":{"@id":"https:\/\/crta-robotics.com\/#organization"},"potentialAction":[{"@type":"SearchAction","target":{"@type":"EntryPoint","urlTemplate":"https:\/\/crta-robotics.com\/?s={search_term_string}"},"query-input":{"@type":"PropertyValueSpecification","valueRequired":true,"valueName":"search_term_string"}}],"inLanguage":"de"},{"@type":"Organization","@id":"https:\/\/crta-robotics.com\/#organization","name":"CRTA","url":"https:\/\/crta-robotics.com\/","logo":{"@type":"ImageObject","inLanguage":"de","@id":"https:\/\/crta-robotics.com\/#\/schema\/logo\/image\/","url":"https:\/\/crta-robotics.com\/wp-content\/uploads\/2025\/01\/logo.png","contentUrl":"https:\/\/crta-robotics.com\/wp-content\/uploads\/2025\/01\/logo.png","width":4628,"height":6012,"caption":"CRTA"},"image":{"@id":"https:\/\/crta-robotics.com\/#\/schema\/logo\/image\/"},"sameAs":["https:\/\/www.youtube.com\/channel\/UC31U0HP10N8_P6uo2PndYRQ"]}]}},"_links":{"self":[{"href":"https:\/\/crta-robotics.com\/de\/wp-json\/wp\/v2\/pages\/389","targetHints":{"allow":["GET"]}}],"collection":[{"href":"https:\/\/crta-robotics.com\/de\/wp-json\/wp\/v2\/pages"}],"about":[{"href":"https:\/\/crta-robotics.com\/de\/wp-json\/wp\/v2\/types\/page"}],"author":[{"embeddable":true,"href":"https:\/\/crta-robotics.com\/de\/wp-json\/wp\/v2\/users\/11"}],"replies":[{"embeddable":true,"href":"https:\/\/crta-robotics.com\/de\/wp-json\/wp\/v2\/comments?post=389"}],"version-history":[{"count":44,"href":"https:\/\/crta-robotics.com\/de\/wp-json\/wp\/v2\/pages\/389\/revisions"}],"predecessor-version":[{"id":3667,"href":"https:\/\/crta-robotics.com\/de\/wp-json\/wp\/v2\/pages\/389\/revisions\/3667"}],"wp:attachment":[{"href":"https:\/\/crta-robotics.com\/de\/wp-json\/wp\/v2\/media?parent=389"}],"curies":[{"name":"wp","href":"https:\/\/api.w.org\/{rel}","templated":true}]}}