{"id":393,"date":"2020-12-14T12:02:43","date_gmt":"2020-12-14T12:02:43","guid":{"rendered":"https:\/\/crta.fsb.hr\/?page_id=393"},"modified":"2026-04-01T12:08:08","modified_gmt":"2026-04-01T10:08:08","slug":"teaching","status":"publish","type":"page","link":"https:\/\/crta-robotics.com\/de\/teaching\/","title":{"rendered":"Lehre"},"content":{"rendered":"<p>Der Unterricht am CRTA findet in hochmodernen Labors und Praxisr\u00e4umen statt. Auf den Unterseiten finden Sie alle Informationen zu den verf\u00fcgbaren Themen f\u00fcr Abschluss- und Diplomarbeiten sowie Richtlinien f\u00fcr deren Erstellung.<\/p>\n\n\n\n<div class=\"wp-block-buttons is-content-justification-center is-layout-flex wp-container-core-buttons-is-layout-16018d1d wp-block-buttons-is-layout-flex\">\n<div class=\"wp-block-button is-style-outline is-style-outline--1\"><a class=\"wp-block-button__link wp-element-button\" href=\"https:\/\/crta-robotics.com\/de\/teaching\/exams\/\">Pr\u00fcfungsfristen<\/a><\/div>\n\n\n\n<div class=\"wp-block-button is-style-outline is-style-outline--2\"><a class=\"wp-block-button__link wp-element-button\" href=\"https:\/\/crta-robotics.com\/de\/teaching\/thesis\/\">Abschlussarbeit<\/a><\/div>\n\n\n\n<div class=\"wp-block-button is-style-outline is-style-outline--3\"><a class=\"wp-block-button__link wp-element-button\" href=\"https:\/\/crta-robotics.com\/de\/teaching\/practicums\/\">Praktika<\/a><\/div>\n<\/div>\n\n\n\n<div style=\"height:100px\" aria-hidden=\"true\" class=\"wp-block-spacer\"><\/div>\n\n\n\n<div class=\"wp-block-columns is-layout-flex wp-container-core-columns-is-layout-9d6595d7 wp-block-columns-is-layout-flex\">\n<div class=\"wp-block-column is-vertically-aligned-center is-layout-flow wp-block-column-is-layout-flow\" style=\"flex-basis:100%\">\n<figure class=\"wp-block-gallery has-nested-images columns-2 is-cropped wp-block-gallery-4 is-layout-flex wp-block-gallery-is-layout-flex\">\n<figure class=\"wp-block-image size-large\"><img loading=\"lazy\" decoding=\"async\" width=\"1024\" height=\"682\" data-id=\"1337\" src=\"https:\/\/crta-robotics.com\/wp-content\/uploads\/2022\/10\/labos-CRTA-II-001-final-1024x682.jpg\" alt=\"\" class=\"wp-image-1337\" srcset=\"https:\/\/crta-robotics.com\/wp-content\/uploads\/2022\/10\/labos-CRTA-II-001-final-1024x682.jpg 1024w, https:\/\/crta-robotics.com\/wp-content\/uploads\/2022\/10\/labos-CRTA-II-001-final-300x200.jpg 300w, https:\/\/crta-robotics.com\/wp-content\/uploads\/2022\/10\/labos-CRTA-II-001-final-768x511.jpg 768w, https:\/\/crta-robotics.com\/wp-content\/uploads\/2022\/10\/labos-CRTA-II-001-final-1536x1022.jpg 1536w, https:\/\/crta-robotics.com\/wp-content\/uploads\/2022\/10\/labos-CRTA-II-001-final-2048x1363.jpg 2048w, https:\/\/crta-robotics.com\/wp-content\/uploads\/2022\/10\/labos-CRTA-II-001-final-18x12.jpg 18w, https:\/\/crta-robotics.com\/wp-content\/uploads\/2022\/10\/labos-CRTA-II-001-final-1622x1080.jpg 1622w\" sizes=\"auto, (max-width: 1024px) 100vw, 1024px\" \/><\/figure>\n\n\n\n<figure class=\"wp-block-image size-large\"><img loading=\"lazy\" decoding=\"async\" width=\"1024\" height=\"683\" data-id=\"1340\" src=\"https:\/\/crta-robotics.com\/wp-content\/uploads\/2022\/10\/P2-CRTA-I-006-final-1024x683.jpg\" alt=\"\" class=\"wp-image-1340\" srcset=\"https:\/\/crta-robotics.com\/wp-content\/uploads\/2022\/10\/P2-CRTA-I-006-final-1024x683.jpg 1024w, https:\/\/crta-robotics.com\/wp-content\/uploads\/2022\/10\/P2-CRTA-I-006-final-300x200.jpg 300w, https:\/\/crta-robotics.com\/wp-content\/uploads\/2022\/10\/P2-CRTA-I-006-final-768x512.jpg 768w, https:\/\/crta-robotics.com\/wp-content\/uploads\/2022\/10\/P2-CRTA-I-006-final-1536x1024.jpg 1536w, https:\/\/crta-robotics.com\/wp-content\/uploads\/2022\/10\/P2-CRTA-I-006-final-2048x1365.jpg 2048w, https:\/\/crta-robotics.com\/wp-content\/uploads\/2022\/10\/P2-CRTA-I-006-final-18x12.jpg 18w, https:\/\/crta-robotics.com\/wp-content\/uploads\/2022\/10\/P2-CRTA-I-006-final-1620x1080.jpg 1620w\" sizes=\"auto, (max-width: 1024px) 100vw, 1024px\" \/><\/figure>\n\n\n\n<figure class=\"wp-block-image size-large\"><img loading=\"lazy\" decoding=\"async\" width=\"1024\" height=\"683\" data-id=\"1339\" src=\"https:\/\/crta-robotics.com\/wp-content\/uploads\/2022\/10\/P1-CRTA-I-001-final-1024x683.jpg\" alt=\"\" class=\"wp-image-1339\" srcset=\"https:\/\/crta-robotics.com\/wp-content\/uploads\/2022\/10\/P1-CRTA-I-001-final-1024x683.jpg 1024w, https:\/\/crta-robotics.com\/wp-content\/uploads\/2022\/10\/P1-CRTA-I-001-final-300x200.jpg 300w, https:\/\/crta-robotics.com\/wp-content\/uploads\/2022\/10\/P1-CRTA-I-001-final-768x512.jpg 768w, https:\/\/crta-robotics.com\/wp-content\/uploads\/2022\/10\/P1-CRTA-I-001-final-1536x1024.jpg 1536w, https:\/\/crta-robotics.com\/wp-content\/uploads\/2022\/10\/P1-CRTA-I-001-final-2048x1365.jpg 2048w, https:\/\/crta-robotics.com\/wp-content\/uploads\/2022\/10\/P1-CRTA-I-001-final-18x12.jpg 18w, https:\/\/crta-robotics.com\/wp-content\/uploads\/2022\/10\/P1-CRTA-I-001-final-1620x1080.jpg 1620w\" sizes=\"auto, (max-width: 1024px) 100vw, 1024px\" \/><\/figure>\n<\/figure>\n<\/div>\n<\/div>","protected":false},"excerpt":{"rendered":"<p>Der Unterricht am CRTA findet in hochmodernen Labors und Praxisr\u00e4umen statt. Auf den Unterseiten finden Sie alle Informationen zu den verf\u00fcgbaren Themen f\u00fcr Abschluss- und Diplomarbeiten sowie Richtlinien f\u00fcr deren Erstellung.<\/p>","protected":false},"author":11,"featured_media":0,"parent":0,"menu_order":0,"comment_status":"closed","ping_status":"closed","template":"","meta":{"footnotes":""},"class_list":["post-393","page","type-page","status-publish","hentry"],"yoast_head":"<!-- This site is optimized with the Yoast SEO plugin v27.4 - https:\/\/yoast.com\/product\/yoast-seo-wordpress\/ -->\n<title>Nastava - CRTA<\/title>\n<meta name=\"robots\" content=\"index, follow, max-snippet:-1, max-image-preview:large, max-video-preview:-1\" \/>\n<link rel=\"canonical\" href=\"https:\/\/crta-robotics.com\/de\/teaching\/\" \/>\n<meta property=\"og:locale\" content=\"de_DE\" \/>\n<meta property=\"og:type\" content=\"article\" \/>\n<meta property=\"og:title\" content=\"Nastava - CRTA\" \/>\n<meta property=\"og:description\" content=\"Nastava u CRTA-i izvodi se u najmodernije opremljenim laboratorijima i praktikumima. Na podstranicama prona\u0107i \u0107ete sve informacije o dostupnim temama zavr\u0161nih i diplomskih radova, kao i upute za izradu radova.\" \/>\n<meta property=\"og:url\" content=\"https:\/\/crta-robotics.com\/de\/teaching\/\" \/>\n<meta property=\"og:site_name\" content=\"CRTA\" \/>\n<meta property=\"article:modified_time\" content=\"2026-04-01T10:08:08+00:00\" \/>\n<meta property=\"og:image\" content=\"https:\/\/crta-robotics.com\/wp-content\/uploads\/2022\/10\/labos-CRTA-II-001-final-scaled.jpg\" \/>\n\t<meta property=\"og:image:width\" content=\"2560\" \/>\n\t<meta property=\"og:image:height\" content=\"1704\" \/>\n\t<meta property=\"og:image:type\" content=\"image\/jpeg\" \/>\n<meta name=\"twitter:card\" content=\"summary_large_image\" \/>\n<meta name=\"twitter:label1\" content=\"Gesch\u00e4tzte Lesezeit\" \/>\n\t<meta name=\"twitter:data1\" content=\"1\u00a0Minute\" \/>\n<script type=\"application\/ld+json\" class=\"yoast-schema-graph\">{\"@context\":\"https:\\\/\\\/schema.org\",\"@graph\":[{\"@type\":\"WebPage\",\"@id\":\"https:\\\/\\\/crta-robotics.com\\\/teaching\\\/\",\"url\":\"https:\\\/\\\/crta-robotics.com\\\/teaching\\\/\",\"name\":\"Nastava - CRTA\",\"isPartOf\":{\"@id\":\"https:\\\/\\\/crta-robotics.com\\\/#website\"},\"primaryImageOfPage\":{\"@id\":\"https:\\\/\\\/crta-robotics.com\\\/teaching\\\/#primaryimage\"},\"image\":{\"@id\":\"https:\\\/\\\/crta-robotics.com\\\/teaching\\\/#primaryimage\"},\"thumbnailUrl\":\"https:\\\/\\\/crta-robotics.com\\\/wp-content\\\/uploads\\\/2022\\\/10\\\/labos-CRTA-II-001-final-1024x682.jpg\",\"datePublished\":\"2020-12-14T12:02:43+00:00\",\"dateModified\":\"2026-04-01T10:08:08+00:00\",\"breadcrumb\":{\"@id\":\"https:\\\/\\\/crta-robotics.com\\\/teaching\\\/#breadcrumb\"},\"inLanguage\":\"de\",\"potentialAction\":[{\"@type\":\"ReadAction\",\"target\":[\"https:\\\/\\\/crta-robotics.com\\\/teaching\\\/\"]}]},{\"@type\":\"ImageObject\",\"inLanguage\":\"de\",\"@id\":\"https:\\\/\\\/crta-robotics.com\\\/teaching\\\/#primaryimage\",\"url\":\"https:\\\/\\\/crta-robotics.com\\\/wp-content\\\/uploads\\\/2022\\\/10\\\/labos-CRTA-II-001-final-1024x682.jpg\",\"contentUrl\":\"https:\\\/\\\/crta-robotics.com\\\/wp-content\\\/uploads\\\/2022\\\/10\\\/labos-CRTA-II-001-final-1024x682.jpg\"},{\"@type\":\"BreadcrumbList\",\"@id\":\"https:\\\/\\\/crta-robotics.com\\\/teaching\\\/#breadcrumb\",\"itemListElement\":[{\"@type\":\"ListItem\",\"position\":1,\"name\":\"Po\u010detna stranica\",\"item\":\"https:\\\/\\\/crta-robotics.com\\\/\"},{\"@type\":\"ListItem\",\"position\":2,\"name\":\"Nastava\"}]},{\"@type\":\"WebSite\",\"@id\":\"https:\\\/\\\/crta-robotics.com\\\/#website\",\"url\":\"https:\\\/\\\/crta-robotics.com\\\/\",\"name\":\"CRTA\",\"description\":\"Regionalni centar izvrsnosti za robotske tehnologije\",\"publisher\":{\"@id\":\"https:\\\/\\\/crta-robotics.com\\\/#organization\"},\"potentialAction\":[{\"@type\":\"SearchAction\",\"target\":{\"@type\":\"EntryPoint\",\"urlTemplate\":\"https:\\\/\\\/crta-robotics.com\\\/?s={search_term_string}\"},\"query-input\":{\"@type\":\"PropertyValueSpecification\",\"valueRequired\":true,\"valueName\":\"search_term_string\"}}],\"inLanguage\":\"de\"},{\"@type\":\"Organization\",\"@id\":\"https:\\\/\\\/crta-robotics.com\\\/#organization\",\"name\":\"CRTA\",\"url\":\"https:\\\/\\\/crta-robotics.com\\\/\",\"logo\":{\"@type\":\"ImageObject\",\"inLanguage\":\"de\",\"@id\":\"https:\\\/\\\/crta-robotics.com\\\/#\\\/schema\\\/logo\\\/image\\\/\",\"url\":\"https:\\\/\\\/crta-robotics.com\\\/wp-content\\\/uploads\\\/2025\\\/01\\\/logo.png\",\"contentUrl\":\"https:\\\/\\\/crta-robotics.com\\\/wp-content\\\/uploads\\\/2025\\\/01\\\/logo.png\",\"width\":4628,\"height\":6012,\"caption\":\"CRTA\"},\"image\":{\"@id\":\"https:\\\/\\\/crta-robotics.com\\\/#\\\/schema\\\/logo\\\/image\\\/\"},\"sameAs\":[\"https:\\\/\\\/www.youtube.com\\\/channel\\\/UC31U0HP10N8_P6uo2PndYRQ\"]}]}<\/script>\n<!-- \/ Yoast SEO plugin. -->","yoast_head_json":{"title":"Unterricht - LINE","robots":{"index":"index","follow":"follow","max-snippet":"max-snippet:-1","max-image-preview":"max-image-preview:large","max-video-preview":"max-video-preview:-1"},"canonical":"https:\/\/crta-robotics.com\/de\/teaching\/","og_locale":"de_DE","og_type":"article","og_title":"Nastava - CRTA","og_description":"Nastava u CRTA-i izvodi se u najmodernije opremljenim laboratorijima i praktikumima. Na podstranicama prona\u0107i \u0107ete sve informacije o dostupnim temama zavr\u0161nih i diplomskih radova, kao i upute za izradu radova.","og_url":"https:\/\/crta-robotics.com\/de\/teaching\/","og_site_name":"CRTA","article_modified_time":"2026-04-01T10:08:08+00:00","og_image":[{"width":2560,"height":1704,"url":"https:\/\/crta-robotics.com\/wp-content\/uploads\/2022\/10\/labos-CRTA-II-001-final-scaled.jpg","type":"image\/jpeg"}],"twitter_card":"summary_large_image","twitter_misc":{"Gesch\u00e4tzte Lesezeit":"1\u00a0Minute"},"schema":{"@context":"https:\/\/schema.org","@graph":[{"@type":"WebPage","@id":"https:\/\/crta-robotics.com\/teaching\/","url":"https:\/\/crta-robotics.com\/teaching\/","name":"Unterricht - LINE","isPartOf":{"@id":"https:\/\/crta-robotics.com\/#website"},"primaryImageOfPage":{"@id":"https:\/\/crta-robotics.com\/teaching\/#primaryimage"},"image":{"@id":"https:\/\/crta-robotics.com\/teaching\/#primaryimage"},"thumbnailUrl":"https:\/\/crta-robotics.com\/wp-content\/uploads\/2022\/10\/labos-CRTA-II-001-final-1024x682.jpg","datePublished":"2020-12-14T12:02:43+00:00","dateModified":"2026-04-01T10:08:08+00:00","breadcrumb":{"@id":"https:\/\/crta-robotics.com\/teaching\/#breadcrumb"},"inLanguage":"de","potentialAction":[{"@type":"ReadAction","target":["https:\/\/crta-robotics.com\/teaching\/"]}]},{"@type":"ImageObject","inLanguage":"de","@id":"https:\/\/crta-robotics.com\/teaching\/#primaryimage","url":"https:\/\/crta-robotics.com\/wp-content\/uploads\/2022\/10\/labos-CRTA-II-001-final-1024x682.jpg","contentUrl":"https:\/\/crta-robotics.com\/wp-content\/uploads\/2022\/10\/labos-CRTA-II-001-final-1024x682.jpg"},{"@type":"BreadcrumbList","@id":"https:\/\/crta-robotics.com\/teaching\/#breadcrumb","itemListElement":[{"@type":"ListItem","position":1,"name":"Po\u010detna stranica","item":"https:\/\/crta-robotics.com\/"},{"@type":"ListItem","position":2,"name":"Nastava"}]},{"@type":"WebSite","@id":"https:\/\/crta-robotics.com\/#website","url":"https:\/\/crta-robotics.com\/","name":"CRTA","description":"Regionales Exzellenzzentrum f\u00fcr Robotertechnologie","publisher":{"@id":"https:\/\/crta-robotics.com\/#organization"},"potentialAction":[{"@type":"SearchAction","target":{"@type":"EntryPoint","urlTemplate":"https:\/\/crta-robotics.com\/?s={search_term_string}"},"query-input":{"@type":"PropertyValueSpecification","valueRequired":true,"valueName":"search_term_string"}}],"inLanguage":"de"},{"@type":"Organization","@id":"https:\/\/crta-robotics.com\/#organization","name":"CRTA","url":"https:\/\/crta-robotics.com\/","logo":{"@type":"ImageObject","inLanguage":"de","@id":"https:\/\/crta-robotics.com\/#\/schema\/logo\/image\/","url":"https:\/\/crta-robotics.com\/wp-content\/uploads\/2025\/01\/logo.png","contentUrl":"https:\/\/crta-robotics.com\/wp-content\/uploads\/2025\/01\/logo.png","width":4628,"height":6012,"caption":"CRTA"},"image":{"@id":"https:\/\/crta-robotics.com\/#\/schema\/logo\/image\/"},"sameAs":["https:\/\/www.youtube.com\/channel\/UC31U0HP10N8_P6uo2PndYRQ"]}]}},"_links":{"self":[{"href":"https:\/\/crta-robotics.com\/de\/wp-json\/wp\/v2\/pages\/393","targetHints":{"allow":["GET"]}}],"collection":[{"href":"https:\/\/crta-robotics.com\/de\/wp-json\/wp\/v2\/pages"}],"about":[{"href":"https:\/\/crta-robotics.com\/de\/wp-json\/wp\/v2\/types\/page"}],"author":[{"embeddable":true,"href":"https:\/\/crta-robotics.com\/de\/wp-json\/wp\/v2\/users\/11"}],"replies":[{"embeddable":true,"href":"https:\/\/crta-robotics.com\/de\/wp-json\/wp\/v2\/comments?post=393"}],"version-history":[{"count":16,"href":"https:\/\/crta-robotics.com\/de\/wp-json\/wp\/v2\/pages\/393\/revisions"}],"predecessor-version":[{"id":4176,"href":"https:\/\/crta-robotics.com\/de\/wp-json\/wp\/v2\/pages\/393\/revisions\/4176"}],"wp:attachment":[{"href":"https:\/\/crta-robotics.com\/de\/wp-json\/wp\/v2\/media?parent=393"}],"curies":[{"name":"wp","href":"https:\/\/api.w.org\/{rel}","templated":true}]}}