{"id":400,"date":"2020-12-14T12:06:20","date_gmt":"2020-12-14T12:06:20","guid":{"rendered":"https:\/\/crta.fsb.hr\/?page_id=400"},"modified":"2025-06-02T23:35:09","modified_gmt":"2025-06-02T21:35:09","slug":"about","status":"publish","type":"page","link":"https:\/\/crta-robotics.com\/de\/about\/","title":{"rendered":"\u00dcber uns"},"content":{"rendered":"<div id=\"initial-content-section\" class=\"content-section content-section-spacing\" data-id=\"initial-content-section\" data-export-id=\"initial-content-section\" data-label=\"Initial Content\">\n<div class=\"gridContainer\">\n<div class=\"row\">\n<div class=\"col-xs-12 col-sm-12\">\n<p class=\"has-medium-font-size\">Das grundlegende Ziel des CRTA-Projekts ist die Einrichtung des Regional Center of Excellence for Robotic Technologies als Referenzzentrum f\u00fcr Forschungs-, Entwicklungs- und Bildungsaktivit\u00e4ten im Bereich Robotik und k\u00fcnstliche Intelligenz. Die Aktivit\u00e4ten richten sich auf die Forschung und Entwicklung fortschrittlicher Roboteranwendungen, haupts\u00e4chlich in der Industrie und Medizin, aber auch in anderen Bereichen menschlicher T\u00e4tigkeit, in denen traditionelle Automatisierung und menschliche Arbeit durch adaptive und intelligente Systeme ersetzt werden sollten.<\/p>\n<span style=\"font-size: 18pt;\">Ziele:<\/span>\n<ul>\n \t<li><span style=\"font-size: 14pt;\">Schaffung erstklassiger Forschungsbedingungen f\u00fcr die Durchf\u00fchrung wettbewerbsf\u00e4higer interdisziplin\u00e4rer wissenschaftlicher Forschungsaktivit\u00e4ten und Entwicklungsprojekte<\/span><\/li>\n \t<li><span style=\"font-size: 14pt;\">Schaffung erstklassiger Ausbildungsbedingungen im Bereich Robotik und K\u00fcnstliche Intelligenz f\u00fcr Studierende und Besch\u00e4ftigte in der Wirtschaft<\/span><\/li>\n \t<li><span style=\"font-size: 14pt;\">Beitrag zur St\u00e4rkung des kroatischen Innovationssystems<\/span><\/li>\n \t<li><span style=\"font-size: 14pt;\">den modernen Anforderungen der Wirtschaft an den Wissenstransfer gerecht zu werden<\/span><\/li>\n \t<li><span style=\"font-size: 14pt;\">Unterst\u00fctzung der Einf\u00fchrung neuer Technologien und St\u00e4rkung der Wettbewerbsf\u00e4higkeit der kroatischen Wirtschaft<\/span><\/li>\n \t<li><span style=\"font-size: 14pt;\">Entwicklung von Referenzlaborsystemen<\/span><\/li>\n \t<li><span style=\"font-size: 14pt;\">regionale Anbindung und Entwicklung erg\u00e4nzend zu den Bed\u00fcrfnissen der Wirtschaft<\/span><\/li>\n \t<li><span style=\"font-size: 14pt;\">\u00d6ffnung der Fakult\u00e4t f\u00fcr die \u00d6ffentlichkeit, um die technische Kultur im Bereich Robotik und k\u00fcnstliche Intelligenz zu verbreiten.<\/span><\/li>\n<\/ul>\n<figure class=\"wp-block-gallery has-nested-images columns-default is-cropped wp-block-gallery-1 is-layout-flex wp-block-gallery-is-layout-flex\">\n<figure class=\"wp-block-image size-large\"><img loading=\"lazy\" decoding=\"async\" class=\"wp-image-1343\" src=\"https:\/\/crta-robotics.com\/wp-content\/uploads\/2022\/10\/Iz-vana-CRTA-II-041-final-scaled.jpg\" sizes=\"auto, (max-width: 2560px) 100vw, 2560px\" srcset=\"https:\/\/crta-robotics.com\/wp-content\/uploads\/2022\/10\/Iz-vana-CRTA-II-041-final-scaled.jpg 2560w, https:\/\/crta-robotics.com\/wp-content\/uploads\/2022\/10\/Iz-vana-CRTA-II-041-final-300x200.jpg 300w, https:\/\/crta-robotics.com\/wp-content\/uploads\/2022\/10\/Iz-vana-CRTA-II-041-final-1024x683.jpg 1024w, https:\/\/crta-robotics.com\/wp-content\/uploads\/2022\/10\/Iz-vana-CRTA-II-041-final-768x512.jpg 768w, https:\/\/crta-robotics.com\/wp-content\/uploads\/2022\/10\/Iz-vana-CRTA-II-041-final-1536x1024.jpg 1536w, https:\/\/crta-robotics.com\/wp-content\/uploads\/2022\/10\/Iz-vana-CRTA-II-041-final-2048x1365.jpg 2048w, https:\/\/crta-robotics.com\/wp-content\/uploads\/2022\/10\/Iz-vana-CRTA-II-041-final-18x12.jpg 18w, https:\/\/crta-robotics.com\/wp-content\/uploads\/2022\/10\/Iz-vana-CRTA-II-041-final-1620x1080.jpg 1620w\" alt=\"\" width=\"2560\" height=\"1707\" data-id=\"1343\" \/><\/figure>\n<figure class=\"wp-block-image size-large\"><img loading=\"lazy\" decoding=\"async\" class=\"wp-image-1338\" src=\"https:\/\/crta-robotics.com\/wp-content\/uploads\/2022\/10\/labos-CRTA-II-027-final-scaled.jpg\" sizes=\"auto, (max-width: 2560px) 100vw, 2560px\" srcset=\"https:\/\/crta-robotics.com\/wp-content\/uploads\/2022\/10\/labos-CRTA-II-027-final-scaled.jpg 2560w, https:\/\/crta-robotics.com\/wp-content\/uploads\/2022\/10\/labos-CRTA-II-027-final-300x200.jpg 300w, https:\/\/crta-robotics.com\/wp-content\/uploads\/2022\/10\/labos-CRTA-II-027-final-1024x683.jpg 1024w, https:\/\/crta-robotics.com\/wp-content\/uploads\/2022\/10\/labos-CRTA-II-027-final-768x512.jpg 768w, https:\/\/crta-robotics.com\/wp-content\/uploads\/2022\/10\/labos-CRTA-II-027-final-1536x1024.jpg 1536w, https:\/\/crta-robotics.com\/wp-content\/uploads\/2022\/10\/labos-CRTA-II-027-final-2048x1365.jpg 2048w, https:\/\/crta-robotics.com\/wp-content\/uploads\/2022\/10\/labos-CRTA-II-027-final-18x12.jpg 18w, https:\/\/crta-robotics.com\/wp-content\/uploads\/2022\/10\/labos-CRTA-II-027-final-1620x1080.jpg 1620w\" alt=\"\" width=\"2560\" height=\"1707\" data-id=\"1338\" \/><\/figure>\n<figure class=\"wp-block-image size-large\"><img loading=\"lazy\" decoding=\"async\" class=\"wp-image-1337\" src=\"https:\/\/crta-robotics.com\/wp-content\/uploads\/2022\/10\/labos-CRTA-II-001-final-scaled.jpg\" sizes=\"auto, (max-width: 2560px) 100vw, 2560px\" srcset=\"https:\/\/crta-robotics.com\/wp-content\/uploads\/2022\/10\/labos-CRTA-II-001-final-scaled.jpg 2560w, https:\/\/crta-robotics.com\/wp-content\/uploads\/2022\/10\/labos-CRTA-II-001-final-300x200.jpg 300w, https:\/\/crta-robotics.com\/wp-content\/uploads\/2022\/10\/labos-CRTA-II-001-final-1024x682.jpg 1024w, https:\/\/crta-robotics.com\/wp-content\/uploads\/2022\/10\/labos-CRTA-II-001-final-768x511.jpg 768w, https:\/\/crta-robotics.com\/wp-content\/uploads\/2022\/10\/labos-CRTA-II-001-final-1536x1022.jpg 1536w, https:\/\/crta-robotics.com\/wp-content\/uploads\/2022\/10\/labos-CRTA-II-001-final-2048x1363.jpg 2048w, https:\/\/crta-robotics.com\/wp-content\/uploads\/2022\/10\/labos-CRTA-II-001-final-18x12.jpg 18w, https:\/\/crta-robotics.com\/wp-content\/uploads\/2022\/10\/labos-CRTA-II-001-final-1622x1080.jpg 1622w\" alt=\"\" width=\"2560\" height=\"1704\" data-id=\"1337\" \/><\/figure>\n<figure class=\"wp-block-image size-large\"><img loading=\"lazy\" decoding=\"async\" class=\"wp-image-1341\" src=\"https:\/\/crta-robotics.com\/wp-content\/uploads\/2022\/10\/CRTA-II-021-final-scaled.jpg\" sizes=\"auto, (max-width: 2560px) 100vw, 2560px\" srcset=\"https:\/\/crta-robotics.com\/wp-content\/uploads\/2022\/10\/CRTA-II-021-final-scaled.jpg 2560w, https:\/\/crta-robotics.com\/wp-content\/uploads\/2022\/10\/CRTA-II-021-final-300x200.jpg 300w, https:\/\/crta-robotics.com\/wp-content\/uploads\/2022\/10\/CRTA-II-021-final-1024x683.jpg 1024w, https:\/\/crta-robotics.com\/wp-content\/uploads\/2022\/10\/CRTA-II-021-final-768x512.jpg 768w, https:\/\/crta-robotics.com\/wp-content\/uploads\/2022\/10\/CRTA-II-021-final-1536x1024.jpg 1536w, https:\/\/crta-robotics.com\/wp-content\/uploads\/2022\/10\/CRTA-II-021-final-2048x1365.jpg 2048w, https:\/\/crta-robotics.com\/wp-content\/uploads\/2022\/10\/CRTA-II-021-final-18x12.jpg 18w, https:\/\/crta-robotics.com\/wp-content\/uploads\/2022\/10\/CRTA-II-021-final-1620x1080.jpg 1620w\" alt=\"\" width=\"2560\" height=\"1707\" data-id=\"1341\" \/><\/figure>\n<figure class=\"wp-block-image size-large\"><img loading=\"lazy\" decoding=\"async\" class=\"wp-image-1129\" src=\"https:\/\/crta-robotics.com\/wp-content\/uploads\/2022\/06\/RONNA-3.jpg\" sizes=\"auto, (max-width: 1912px) 100vw, 1912px\" srcset=\"https:\/\/crta-robotics.com\/wp-content\/uploads\/2022\/06\/RONNA-3.jpg 1912w, https:\/\/crta-robotics.com\/wp-content\/uploads\/2022\/06\/RONNA-3-300x169.jpg 300w, https:\/\/crta-robotics.com\/wp-content\/uploads\/2022\/06\/RONNA-3-1024x578.jpg 1024w, https:\/\/crta-robotics.com\/wp-content\/uploads\/2022\/06\/RONNA-3-768x434.jpg 768w, https:\/\/crta-robotics.com\/wp-content\/uploads\/2022\/06\/RONNA-3-1536x868.jpg 1536w, https:\/\/crta-robotics.com\/wp-content\/uploads\/2022\/06\/RONNA-3-18x10.jpg 18w\" alt=\"\" width=\"1912\" height=\"1080\" data-id=\"1129\" \/><\/figure>\n<\/figure>\n<p class=\"has-medium-font-size\"><strong>Rekonstruktion und Anordnung des Raumes\n<\/strong>Das Regionale Kompetenzzentrum f\u00fcr Robotertechnologien befindet sich im Ostgeb\u00e4ude der Fakult\u00e4t f\u00fcr Maschinenbau und Schiffbau auf einer Fl\u00e4che von 750 m2. Das Zentrum integriert Forschungsressourcen in den Bereichen autonome Systeme und Computerintelligenz, Industrie- und Medizinrobotik sowie Praktika f\u00fcr die Ausbildung von Studenten und Ingenieuren aus der Industrie.<\/p>\n\n<\/div>\n<\/div>\n<\/div>\n<\/div>","protected":false},"excerpt":{"rendered":"<p>Das grundlegende Ziel des CRTA-Projekts ist die Einrichtung des Regional Center of Excellence for Robotic Technologies als Referenzzentrum f\u00fcr Forschungs-, Entwicklungs- und Bildungsaktivit\u00e4ten im Bereich Robotik und k\u00fcnstliche Intelligenz. Die Aktivit\u00e4ten richten sich auf die Forschung und Entwicklung fortschrittlicher Roboteranwendungen, haupts\u00e4chlich in der Industrie und Medizin, aber auch in anderen Bereichen menschlicher T\u00e4tigkeit, in denen traditionelle Automatisierung und menschliche Arbeit erforderlich sind. <br \/> <a class=\"read-more\" href=\"https:\/\/crta-robotics.com\/de\/about\/\">Mehr lesen<\/a><\/p>","protected":false},"author":11,"featured_media":0,"parent":0,"menu_order":0,"comment_status":"closed","ping_status":"closed","template":"pro\/page-templates\/full-width-page.php","meta":{"footnotes":""},"class_list":["post-400","page","type-page","status-publish","hentry"],"yoast_head":"<!-- This site is optimized with the Yoast SEO plugin v27.4 - https:\/\/yoast.com\/product\/yoast-seo-wordpress\/ -->\n<title>O nama - CRTA<\/title>\n<meta name=\"robots\" content=\"index, follow, max-snippet:-1, max-image-preview:large, max-video-preview:-1\" \/>\n<link rel=\"canonical\" href=\"https:\/\/crta-robotics.com\/de\/about\/\" \/>\n<meta property=\"og:locale\" content=\"de_DE\" \/>\n<meta property=\"og:type\" content=\"article\" \/>\n<meta property=\"og:title\" content=\"O nama - CRTA\" \/>\n<meta property=\"og:description\" content=\"Temeljni je cilj projekta CRTA osnivanje Regionalnog centra izvrsnosti za robotske tehnologije kao referentnog centra za istra\u017eiva\u010dke, razvojne i obrazovne aktivnosti u podru\u010dju robotike i umjetne inteligencije. Aktivnosti su usmjerene prema istra\u017eivanju i razvoju naprednih robotskih primjena, poglavito u industriji i medicini, ali i drugim podru\u010djima ljudske djelatnosti gdje tradicionalnu automatizaciju i ljudski rad trebaju&hellip; Read more\" \/>\n<meta property=\"og:url\" content=\"https:\/\/crta-robotics.com\/de\/about\/\" \/>\n<meta property=\"og:site_name\" content=\"CRTA\" \/>\n<meta property=\"article:modified_time\" content=\"2025-06-02T21:35:09+00:00\" \/>\n<meta property=\"og:image\" content=\"https:\/\/crta-robotics.com\/wp-content\/uploads\/2022\/10\/Iz-vana-CRTA-II-041-final-scaled.jpg\" \/>\n\t<meta property=\"og:image:width\" content=\"2560\" \/>\n\t<meta property=\"og:image:height\" content=\"1707\" \/>\n\t<meta property=\"og:image:type\" content=\"image\/jpeg\" \/>\n<meta name=\"twitter:card\" content=\"summary_large_image\" \/>\n<meta name=\"twitter:label1\" content=\"Gesch\u00e4tzte Lesezeit\" \/>\n\t<meta name=\"twitter:data1\" content=\"2\u00a0Minuten\" \/>\n<script type=\"application\/ld+json\" class=\"yoast-schema-graph\">{\"@context\":\"https:\\\/\\\/schema.org\",\"@graph\":[{\"@type\":\"WebPage\",\"@id\":\"https:\\\/\\\/crta-robotics.com\\\/about\\\/\",\"url\":\"https:\\\/\\\/crta-robotics.com\\\/about\\\/\",\"name\":\"O nama - CRTA\",\"isPartOf\":{\"@id\":\"https:\\\/\\\/crta-robotics.com\\\/#website\"},\"primaryImageOfPage\":{\"@id\":\"https:\\\/\\\/crta-robotics.com\\\/about\\\/#primaryimage\"},\"image\":{\"@id\":\"https:\\\/\\\/crta-robotics.com\\\/about\\\/#primaryimage\"},\"thumbnailUrl\":\"https:\\\/\\\/crta-robotics.com\\\/wp-content\\\/uploads\\\/2022\\\/10\\\/Iz-vana-CRTA-II-041-final-scaled.jpg\",\"datePublished\":\"2020-12-14T12:06:20+00:00\",\"dateModified\":\"2025-06-02T21:35:09+00:00\",\"breadcrumb\":{\"@id\":\"https:\\\/\\\/crta-robotics.com\\\/about\\\/#breadcrumb\"},\"inLanguage\":\"de\",\"potentialAction\":[{\"@type\":\"ReadAction\",\"target\":[\"https:\\\/\\\/crta-robotics.com\\\/about\\\/\"]}]},{\"@type\":\"ImageObject\",\"inLanguage\":\"de\",\"@id\":\"https:\\\/\\\/crta-robotics.com\\\/about\\\/#primaryimage\",\"url\":\"https:\\\/\\\/crta-robotics.com\\\/wp-content\\\/uploads\\\/2022\\\/10\\\/Iz-vana-CRTA-II-041-final-scaled.jpg\",\"contentUrl\":\"https:\\\/\\\/crta-robotics.com\\\/wp-content\\\/uploads\\\/2022\\\/10\\\/Iz-vana-CRTA-II-041-final-scaled.jpg\"},{\"@type\":\"BreadcrumbList\",\"@id\":\"https:\\\/\\\/crta-robotics.com\\\/about\\\/#breadcrumb\",\"itemListElement\":[{\"@type\":\"ListItem\",\"position\":1,\"name\":\"Po\u010detna stranica\",\"item\":\"https:\\\/\\\/crta-robotics.com\\\/\"},{\"@type\":\"ListItem\",\"position\":2,\"name\":\"O nama\"}]},{\"@type\":\"WebSite\",\"@id\":\"https:\\\/\\\/crta-robotics.com\\\/#website\",\"url\":\"https:\\\/\\\/crta-robotics.com\\\/\",\"name\":\"CRTA\",\"description\":\"Regionalni centar izvrsnosti za robotske tehnologije\",\"publisher\":{\"@id\":\"https:\\\/\\\/crta-robotics.com\\\/#organization\"},\"potentialAction\":[{\"@type\":\"SearchAction\",\"target\":{\"@type\":\"EntryPoint\",\"urlTemplate\":\"https:\\\/\\\/crta-robotics.com\\\/?s={search_term_string}\"},\"query-input\":{\"@type\":\"PropertyValueSpecification\",\"valueRequired\":true,\"valueName\":\"search_term_string\"}}],\"inLanguage\":\"de\"},{\"@type\":\"Organization\",\"@id\":\"https:\\\/\\\/crta-robotics.com\\\/#organization\",\"name\":\"CRTA\",\"url\":\"https:\\\/\\\/crta-robotics.com\\\/\",\"logo\":{\"@type\":\"ImageObject\",\"inLanguage\":\"de\",\"@id\":\"https:\\\/\\\/crta-robotics.com\\\/#\\\/schema\\\/logo\\\/image\\\/\",\"url\":\"https:\\\/\\\/crta-robotics.com\\\/wp-content\\\/uploads\\\/2025\\\/01\\\/logo.png\",\"contentUrl\":\"https:\\\/\\\/crta-robotics.com\\\/wp-content\\\/uploads\\\/2025\\\/01\\\/logo.png\",\"width\":4628,\"height\":6012,\"caption\":\"CRTA\"},\"image\":{\"@id\":\"https:\\\/\\\/crta-robotics.com\\\/#\\\/schema\\\/logo\\\/image\\\/\"},\"sameAs\":[\"https:\\\/\\\/www.youtube.com\\\/channel\\\/UC31U0HP10N8_P6uo2PndYRQ\"]}]}<\/script>\n<!-- \/ Yoast SEO plugin. -->","yoast_head_json":{"title":"\u00dcber uns - CRTA","robots":{"index":"index","follow":"follow","max-snippet":"max-snippet:-1","max-image-preview":"max-image-preview:large","max-video-preview":"max-video-preview:-1"},"canonical":"https:\/\/crta-robotics.com\/de\/about\/","og_locale":"de_DE","og_type":"article","og_title":"O nama - CRTA","og_description":"Temeljni je cilj projekta CRTA osnivanje Regionalnog centra izvrsnosti za robotske tehnologije kao referentnog centra za istra\u017eiva\u010dke, razvojne i obrazovne aktivnosti u podru\u010dju robotike i umjetne inteligencije. Aktivnosti su usmjerene prema istra\u017eivanju i razvoju naprednih robotskih primjena, poglavito u industriji i medicini, ali i drugim podru\u010djima ljudske djelatnosti gdje tradicionalnu automatizaciju i ljudski rad trebaju&hellip; Read more","og_url":"https:\/\/crta-robotics.com\/de\/about\/","og_site_name":"CRTA","article_modified_time":"2025-06-02T21:35:09+00:00","og_image":[{"width":2560,"height":1707,"url":"https:\/\/crta-robotics.com\/wp-content\/uploads\/2022\/10\/Iz-vana-CRTA-II-041-final-scaled.jpg","type":"image\/jpeg"}],"twitter_card":"summary_large_image","twitter_misc":{"Gesch\u00e4tzte Lesezeit":"2\u00a0Minuten"},"schema":{"@context":"https:\/\/schema.org","@graph":[{"@type":"WebPage","@id":"https:\/\/crta-robotics.com\/about\/","url":"https:\/\/crta-robotics.com\/about\/","name":"\u00dcber uns - CRTA","isPartOf":{"@id":"https:\/\/crta-robotics.com\/#website"},"primaryImageOfPage":{"@id":"https:\/\/crta-robotics.com\/about\/#primaryimage"},"image":{"@id":"https:\/\/crta-robotics.com\/about\/#primaryimage"},"thumbnailUrl":"https:\/\/crta-robotics.com\/wp-content\/uploads\/2022\/10\/Iz-vana-CRTA-II-041-final-scaled.jpg","datePublished":"2020-12-14T12:06:20+00:00","dateModified":"2025-06-02T21:35:09+00:00","breadcrumb":{"@id":"https:\/\/crta-robotics.com\/about\/#breadcrumb"},"inLanguage":"de","potentialAction":[{"@type":"ReadAction","target":["https:\/\/crta-robotics.com\/about\/"]}]},{"@type":"ImageObject","inLanguage":"de","@id":"https:\/\/crta-robotics.com\/about\/#primaryimage","url":"https:\/\/crta-robotics.com\/wp-content\/uploads\/2022\/10\/Iz-vana-CRTA-II-041-final-scaled.jpg","contentUrl":"https:\/\/crta-robotics.com\/wp-content\/uploads\/2022\/10\/Iz-vana-CRTA-II-041-final-scaled.jpg"},{"@type":"BreadcrumbList","@id":"https:\/\/crta-robotics.com\/about\/#breadcrumb","itemListElement":[{"@type":"ListItem","position":1,"name":"Po\u010detna stranica","item":"https:\/\/crta-robotics.com\/"},{"@type":"ListItem","position":2,"name":"O nama"}]},{"@type":"WebSite","@id":"https:\/\/crta-robotics.com\/#website","url":"https:\/\/crta-robotics.com\/","name":"CRTA","description":"Regionales Exzellenzzentrum f\u00fcr Robotertechnologie","publisher":{"@id":"https:\/\/crta-robotics.com\/#organization"},"potentialAction":[{"@type":"SearchAction","target":{"@type":"EntryPoint","urlTemplate":"https:\/\/crta-robotics.com\/?s={search_term_string}"},"query-input":{"@type":"PropertyValueSpecification","valueRequired":true,"valueName":"search_term_string"}}],"inLanguage":"de"},{"@type":"Organization","@id":"https:\/\/crta-robotics.com\/#organization","name":"CRTA","url":"https:\/\/crta-robotics.com\/","logo":{"@type":"ImageObject","inLanguage":"de","@id":"https:\/\/crta-robotics.com\/#\/schema\/logo\/image\/","url":"https:\/\/crta-robotics.com\/wp-content\/uploads\/2025\/01\/logo.png","contentUrl":"https:\/\/crta-robotics.com\/wp-content\/uploads\/2025\/01\/logo.png","width":4628,"height":6012,"caption":"CRTA"},"image":{"@id":"https:\/\/crta-robotics.com\/#\/schema\/logo\/image\/"},"sameAs":["https:\/\/www.youtube.com\/channel\/UC31U0HP10N8_P6uo2PndYRQ"]}]}},"_links":{"self":[{"href":"https:\/\/crta-robotics.com\/de\/wp-json\/wp\/v2\/pages\/400","targetHints":{"allow":["GET"]}}],"collection":[{"href":"https:\/\/crta-robotics.com\/de\/wp-json\/wp\/v2\/pages"}],"about":[{"href":"https:\/\/crta-robotics.com\/de\/wp-json\/wp\/v2\/types\/page"}],"author":[{"embeddable":true,"href":"https:\/\/crta-robotics.com\/de\/wp-json\/wp\/v2\/users\/11"}],"replies":[{"embeddable":true,"href":"https:\/\/crta-robotics.com\/de\/wp-json\/wp\/v2\/comments?post=400"}],"version-history":[{"count":21,"href":"https:\/\/crta-robotics.com\/de\/wp-json\/wp\/v2\/pages\/400\/revisions"}],"predecessor-version":[{"id":2362,"href":"https:\/\/crta-robotics.com\/de\/wp-json\/wp\/v2\/pages\/400\/revisions\/2362"}],"wp:attachment":[{"href":"https:\/\/crta-robotics.com\/de\/wp-json\/wp\/v2\/media?parent=400"}],"curies":[{"name":"wp","href":"https:\/\/api.w.org\/{rel}","templated":true}]}}