{"id":3248,"date":"2025-06-18T15:13:51","date_gmt":"2025-06-18T13:13:51","guid":{"rendered":"https:\/\/crta-robotics.com\/?page_id=3248"},"modified":"2025-06-18T15:43:00","modified_gmt":"2025-06-18T13:43:00","slug":"iamronna","status":"publish","type":"page","link":"https:\/\/crta-robotics.com\/en\/projects\/iamronna\/","title":{"rendered":"IamRONNA"},"content":{"rendered":"<h2 class=\"wp-block-heading has-text-align-center\">Intelligent autonomous mobile RONNA<\/h2>\n\n\n\n<h3 class=\"wp-block-heading\"><strong>Project objectives and results<\/strong><\/h3>\n\n\n\n<p>The goal of the project is to develop an autonomous mobile platform with navigational capabilities to move the RONNA medical robot within the surgical department, in a safe way with regard to hospital staff who can come into direct contact with the mobile platform. Mobile platform navigation will rely on a variety of 2D and 3D sensors and a control computer integrated into the mobile platform. In this way, the mobile platform does not require additional landmarks such as lines or laser-reflective markings for movement.<\/p>\n\n\n\n<p>The primary purpose of the autonomous mobile platform is the increased autonomy of the robotic neurosurgical system RONNA in non-medical routine jobs. The addition of autonomous functions will enable autonomous initialization and preoperative diagnostics of the system in the storage space, and autonomous movement through operating room spaces and positioning in a position where the robot can easilly start the operation according to the previously defined plan or instruction of medical personnel. In addition to preparation, autonomous functions will include autonomous system driving into storage space, automatic battery monitoring and automatic charging on the intended unit. The application of the autonomous mobile platform will eliminate the need for manual transport of the robotic system, opening the possibility for aligning the operation and movement of the platform with the plans of the surgical procedures, without the need for medical personnel to take additional care of the robotic system outside the operating room.<\/p>\n\n\n\n<p>Except for the primary purpose of application on the RONNA neurosurgical system, such an autonomous mobile platform can be easily adapted for other applications in medical settings or other premises with special hygienic requirements or requirements for sterility.<\/p>\n\n\n\n<h3 class=\"wp-block-heading\"><strong>Quick facts<\/strong><\/h3>\n\n\n\n<p><strong>Location:<\/strong>&nbsp;Zagreb<br><strong>Duration:<\/strong>&nbsp;15.10.2019. \u2013 31.7.2021.<br><strong>Project amount (HRK):<\/strong>&nbsp;400.000,00<br><strong>Project lead:<\/strong>&nbsp;prof. Ph.D. Bojan Jerbi\u0107<br><strong>Source of financing:<\/strong>&nbsp;Adris Foundation, \"Knowledge and Discoveries\" program<\/p>","protected":false},"excerpt":{"rendered":"<p>Intelligent autonomous mobile RONNA Ciljevi i rezultati projekta Cilj projekta je razviti autonomnu mobilnu platformu s navigacijskim mogu\u0107nostima za premje\u0161tanje medicinskog robota RONNA unutar kirur\u0161kog odjela, na siguran na\u010din s obzirom na bolni\u010dko osoblje koje mo\u017ee do\u0107i u direktan kontakt s mobilnom platformom. Navigacija mobilne platforme oslanjat \u0107e se na raznovrsne 2D i 3D senzore&hellip; <br \/> <a class=\"read-more\" href=\"https:\/\/crta-robotics.com\/en\/projects\/iamronna\/\">Read more<\/a><\/p>","protected":false},"author":15,"featured_media":0,"parent":3047,"menu_order":0,"comment_status":"closed","ping_status":"closed","template":"","meta":{"footnotes":""},"class_list":["post-3248","page","type-page","status-publish","hentry"],"yoast_head":"<!-- This site is optimized with the Yoast SEO plugin v27.4 - https:\/\/yoast.com\/product\/yoast-seo-wordpress\/ -->\n<title>IamRONNA - CRTA<\/title>\n<meta name=\"robots\" content=\"index, follow, max-snippet:-1, max-image-preview:large, max-video-preview:-1\" \/>\n<link rel=\"canonical\" href=\"https:\/\/crta-robotics.com\/en\/projects\/iamronna\/\" \/>\n<meta property=\"og:locale\" content=\"en_US\" \/>\n<meta property=\"og:type\" content=\"article\" \/>\n<meta property=\"og:title\" content=\"IamRONNA - CRTA\" \/>\n<meta property=\"og:description\" content=\"Intelligent autonomous mobile RONNA Ciljevi i rezultati projekta Cilj projekta je razviti autonomnu mobilnu platformu s navigacijskim mogu\u0107nostima za premje\u0161tanje medicinskog robota RONNA unutar kirur\u0161kog odjela, na siguran na\u010din s obzirom na bolni\u010dko osoblje koje mo\u017ee do\u0107i u direktan kontakt s mobilnom platformom. Navigacija mobilne platforme oslanjat \u0107e se na raznovrsne 2D i 3D senzore&hellip; Read more\" \/>\n<meta property=\"og:url\" content=\"https:\/\/crta-robotics.com\/en\/projects\/iamronna\/\" \/>\n<meta property=\"og:site_name\" content=\"CRTA\" \/>\n<meta property=\"article:modified_time\" content=\"2025-06-18T13:43:00+00:00\" \/>\n<meta property=\"og:image\" content=\"https:\/\/crta-robotics.com\/wp-content\/uploads\/2022\/10\/labos-CRTA-II-001-final-scaled.jpg\" \/>\n\t<meta property=\"og:image:width\" content=\"2560\" \/>\n\t<meta property=\"og:image:height\" content=\"1704\" \/>\n\t<meta property=\"og:image:type\" content=\"image\/jpeg\" \/>\n<meta name=\"twitter:card\" content=\"summary_large_image\" \/>\n<meta name=\"twitter:label1\" content=\"Est. reading time\" \/>\n\t<meta name=\"twitter:data1\" content=\"2 minutes\" \/>\n<script type=\"application\/ld+json\" class=\"yoast-schema-graph\">{\"@context\":\"https:\\\/\\\/schema.org\",\"@graph\":[{\"@type\":\"WebPage\",\"@id\":\"https:\\\/\\\/crta-robotics.com\\\/projects\\\/iamronna\\\/\",\"url\":\"https:\\\/\\\/crta-robotics.com\\\/projects\\\/iamronna\\\/\",\"name\":\"IamRONNA - CRTA\",\"isPartOf\":{\"@id\":\"https:\\\/\\\/crta-robotics.com\\\/#website\"},\"datePublished\":\"2025-06-18T13:13:51+00:00\",\"dateModified\":\"2025-06-18T13:43:00+00:00\",\"breadcrumb\":{\"@id\":\"https:\\\/\\\/crta-robotics.com\\\/projects\\\/iamronna\\\/#breadcrumb\"},\"inLanguage\":\"en-US\",\"potentialAction\":[{\"@type\":\"ReadAction\",\"target\":[\"https:\\\/\\\/crta-robotics.com\\\/projects\\\/iamronna\\\/\"]}]},{\"@type\":\"BreadcrumbList\",\"@id\":\"https:\\\/\\\/crta-robotics.com\\\/projects\\\/iamronna\\\/#breadcrumb\",\"itemListElement\":[{\"@type\":\"ListItem\",\"position\":1,\"name\":\"Po\u010detna stranica\",\"item\":\"https:\\\/\\\/crta-robotics.com\\\/\"},{\"@type\":\"ListItem\",\"position\":2,\"name\":\"Projekti\",\"item\":\"https:\\\/\\\/crta-robotics.com\\\/projects\\\/\"},{\"@type\":\"ListItem\",\"position\":3,\"name\":\"IamRONNA\"}]},{\"@type\":\"WebSite\",\"@id\":\"https:\\\/\\\/crta-robotics.com\\\/#website\",\"url\":\"https:\\\/\\\/crta-robotics.com\\\/\",\"name\":\"CRTA\",\"description\":\"Regionalni centar izvrsnosti za robotske tehnologije\",\"publisher\":{\"@id\":\"https:\\\/\\\/crta-robotics.com\\\/#organization\"},\"potentialAction\":[{\"@type\":\"SearchAction\",\"target\":{\"@type\":\"EntryPoint\",\"urlTemplate\":\"https:\\\/\\\/crta-robotics.com\\\/?s={search_term_string}\"},\"query-input\":{\"@type\":\"PropertyValueSpecification\",\"valueRequired\":true,\"valueName\":\"search_term_string\"}}],\"inLanguage\":\"en-US\"},{\"@type\":\"Organization\",\"@id\":\"https:\\\/\\\/crta-robotics.com\\\/#organization\",\"name\":\"CRTA\",\"url\":\"https:\\\/\\\/crta-robotics.com\\\/\",\"logo\":{\"@type\":\"ImageObject\",\"inLanguage\":\"en-US\",\"@id\":\"https:\\\/\\\/crta-robotics.com\\\/#\\\/schema\\\/logo\\\/image\\\/\",\"url\":\"https:\\\/\\\/crta-robotics.com\\\/wp-content\\\/uploads\\\/2025\\\/01\\\/logo.png\",\"contentUrl\":\"https:\\\/\\\/crta-robotics.com\\\/wp-content\\\/uploads\\\/2025\\\/01\\\/logo.png\",\"width\":4628,\"height\":6012,\"caption\":\"CRTA\"},\"image\":{\"@id\":\"https:\\\/\\\/crta-robotics.com\\\/#\\\/schema\\\/logo\\\/image\\\/\"},\"sameAs\":[\"https:\\\/\\\/www.youtube.com\\\/channel\\\/UC31U0HP10N8_P6uo2PndYRQ\"]}]}<\/script>\n<!-- \/ Yoast SEO plugin. -->","yoast_head_json":{"title":"IamRONNA - CRTA","robots":{"index":"index","follow":"follow","max-snippet":"max-snippet:-1","max-image-preview":"max-image-preview:large","max-video-preview":"max-video-preview:-1"},"canonical":"https:\/\/crta-robotics.com\/en\/projects\/iamronna\/","og_locale":"en_US","og_type":"article","og_title":"IamRONNA - CRTA","og_description":"Intelligent autonomous mobile RONNA Ciljevi i rezultati projekta Cilj projekta je razviti autonomnu mobilnu platformu s navigacijskim mogu\u0107nostima za premje\u0161tanje medicinskog robota RONNA unutar kirur\u0161kog odjela, na siguran na\u010din s obzirom na bolni\u010dko osoblje koje mo\u017ee do\u0107i u direktan kontakt s mobilnom platformom. Navigacija mobilne platforme oslanjat \u0107e se na raznovrsne 2D i 3D senzore&hellip; Read more","og_url":"https:\/\/crta-robotics.com\/en\/projects\/iamronna\/","og_site_name":"CRTA","article_modified_time":"2025-06-18T13:43:00+00:00","og_image":[{"width":2560,"height":1704,"url":"https:\/\/crta-robotics.com\/wp-content\/uploads\/2022\/10\/labos-CRTA-II-001-final-scaled.jpg","type":"image\/jpeg"}],"twitter_card":"summary_large_image","twitter_misc":{"Est. reading time":"2 minutes"},"schema":{"@context":"https:\/\/schema.org","@graph":[{"@type":"WebPage","@id":"https:\/\/crta-robotics.com\/projects\/iamronna\/","url":"https:\/\/crta-robotics.com\/projects\/iamronna\/","name":"IamRONNA - CRTA","isPartOf":{"@id":"https:\/\/crta-robotics.com\/#website"},"datePublished":"2025-06-18T13:13:51+00:00","dateModified":"2025-06-18T13:43:00+00:00","breadcrumb":{"@id":"https:\/\/crta-robotics.com\/projects\/iamronna\/#breadcrumb"},"inLanguage":"en-US","potentialAction":[{"@type":"ReadAction","target":["https:\/\/crta-robotics.com\/projects\/iamronna\/"]}]},{"@type":"BreadcrumbList","@id":"https:\/\/crta-robotics.com\/projects\/iamronna\/#breadcrumb","itemListElement":[{"@type":"ListItem","position":1,"name":"Po\u010detna stranica","item":"https:\/\/crta-robotics.com\/"},{"@type":"ListItem","position":2,"name":"Projekti","item":"https:\/\/crta-robotics.com\/projects\/"},{"@type":"ListItem","position":3,"name":"IamRONNA"}]},{"@type":"WebSite","@id":"https:\/\/crta-robotics.com\/#website","url":"https:\/\/crta-robotics.com\/","name":"CRTA","description":"Regional Center of Excellence for Robotic Technology","publisher":{"@id":"https:\/\/crta-robotics.com\/#organization"},"potentialAction":[{"@type":"SearchAction","target":{"@type":"EntryPoint","urlTemplate":"https:\/\/crta-robotics.com\/?s={search_term_string}"},"query-input":{"@type":"PropertyValueSpecification","valueRequired":true,"valueName":"search_term_string"}}],"inLanguage":"en-US"},{"@type":"Organization","@id":"https:\/\/crta-robotics.com\/#organization","name":"CRTA","url":"https:\/\/crta-robotics.com\/","logo":{"@type":"ImageObject","inLanguage":"en-US","@id":"https:\/\/crta-robotics.com\/#\/schema\/logo\/image\/","url":"https:\/\/crta-robotics.com\/wp-content\/uploads\/2025\/01\/logo.png","contentUrl":"https:\/\/crta-robotics.com\/wp-content\/uploads\/2025\/01\/logo.png","width":4628,"height":6012,"caption":"CRTA"},"image":{"@id":"https:\/\/crta-robotics.com\/#\/schema\/logo\/image\/"},"sameAs":["https:\/\/www.youtube.com\/channel\/UC31U0HP10N8_P6uo2PndYRQ"]}]}},"_links":{"self":[{"href":"https:\/\/crta-robotics.com\/en\/wp-json\/wp\/v2\/pages\/3248","targetHints":{"allow":["GET"]}}],"collection":[{"href":"https:\/\/crta-robotics.com\/en\/wp-json\/wp\/v2\/pages"}],"about":[{"href":"https:\/\/crta-robotics.com\/en\/wp-json\/wp\/v2\/types\/page"}],"author":[{"embeddable":true,"href":"https:\/\/crta-robotics.com\/en\/wp-json\/wp\/v2\/users\/15"}],"replies":[{"embeddable":true,"href":"https:\/\/crta-robotics.com\/en\/wp-json\/wp\/v2\/comments?post=3248"}],"version-history":[{"count":2,"href":"https:\/\/crta-robotics.com\/en\/wp-json\/wp\/v2\/pages\/3248\/revisions"}],"predecessor-version":[{"id":3281,"href":"https:\/\/crta-robotics.com\/en\/wp-json\/wp\/v2\/pages\/3248\/revisions\/3281"}],"up":[{"embeddable":true,"href":"https:\/\/crta-robotics.com\/en\/wp-json\/wp\/v2\/pages\/3047"}],"wp:attachment":[{"href":"https:\/\/crta-robotics.com\/en\/wp-json\/wp\/v2\/media?parent=3248"}],"curies":[{"name":"wp","href":"https:\/\/api.w.org\/{rel}","templated":true}]}}