{"id":3259,"date":"2025-06-18T15:19:41","date_gmt":"2025-06-18T13:19:41","guid":{"rendered":"https:\/\/crta-robotics.com\/?page_id=3259"},"modified":"2025-06-18T15:41:48","modified_gmt":"2025-06-18T13:41:48","slug":"ronna","status":"publish","type":"page","link":"https:\/\/crta-robotics.com\/en\/projects\/ronna\/","title":{"rendered":"RONNA"},"content":{"rendered":"<h2 class=\"wp-block-heading has-text-align-center\">Robotic neuronavigation<\/h2>\n\n\n\n<h3 class=\"wp-block-heading\"><strong>Project objectives and results<\/strong><\/h3>\n\n\n\n<p>The main goal of the RONNA project is to develop a modern system of robotic neuronavigation from an experimental research robotic station into a highly technologically commercialized product for performing neurosurgical operations.<\/p>\n\n\n\n<p>The general goal of the RONNA project is to increase the added value and competitiveness of the robotic system for application in neurosurgery through cooperation between the public higher education institution and the business sector and to encourage the commercialization of research results.<\/p>\n\n\n\n<p>The RONNA robotic system for use in neurosurgery, developed at the Faculty of Mechanical Engineering and Naval Architecture in cooperation with the Clinical Hospital Dubrava, consists of two robotic arms with a total of 13 degrees of freedom. Robots are able to perform various surgical procedures with the accuracy in accordance with the requirements of neurosurgical practice or better. RONNA's two-hand neurosurgical system enables flexible and reliable application, based on an intelligent control system that ensures intuitive interaction with the surgical team and new practical capabilities in relation to existing surgical robot solutions. The result of the project is a product brought to a commercial level through the improvement of equipment necessary for further research, design and production services of the external appearance of the robotic station, optimization of the program part, conducted clinical trials and promotion of products. The project contributed positively to the most medical staff, to the users of the public health system, scientists and experts participating in the project, and employees of partner entrepreneurs.<\/p>\n\n\n\n<p>The objectives of this research and development project were directed towards modern requirements in manufacturing, where traditional automation and human work need to be replaced by flexible, versatile and adaptive robotic systems. The result of the project are developed agents which continuously apply active perception, learning, planning and collaboration, constantly redefining knowledge and implicitly programmed algorithms, implementing a kind of cognitive characteristics. The cognitive framework is based on perception (cameras, sensors, force and moments sensors, touch sensors, etc.), learning and agent architecture.<\/p>\n\n\n\n<h3 class=\"wp-block-heading\"><strong>Quick facts<\/strong><\/h3>\n\n\n\n<p><strong>Location:<\/strong>&nbsp;Zagreb<br><strong>Duration:<\/strong>&nbsp;1.12.2014. \u2013 1.4.2016.<br><strong>Program:<\/strong>&nbsp;ERDF - European Regional Development Fund<br><strong>Project amount (HRK):<\/strong>&nbsp;3.698.461,00<br><strong>Co-financing by the Applicant (HRK):<\/strong>&nbsp;3.143.691.,00<br><strong>Project code:<\/strong>&nbsp;RC.2.2.08-0012<br><strong>Project lead:<\/strong>&nbsp;prof. Ph.D. Bojan Jerbi\u0107<br><strong>Leading partner:<\/strong>&nbsp;Faculty of Mechanical Engineering and Naval Architecture<br><strong>Source of financing:<\/strong>&nbsp;European Regional Development Fund (ERDF); own resources; Ministry of Science, Education and Sport of the Republic of Croatia<\/p>","protected":false},"excerpt":{"rendered":"<p>Robotic neuronavigation Project goals and results The main goal of the Ronna project is to develop a modern robotic neuronavigation system from an experimental research robotic station into a high-tech commercialized product for performing neurosurgical operations. The broader goal of the Ronna project is to increase the added value and competitiveness of the robotic system for use in neurosurgery through innovation and research and development activities through cooperation between a public university and\u2026 <br \/> <a class=\"read-more\" href=\"https:\/\/crta-robotics.com\/en\/projects\/ronna\/\">Read more<\/a><\/p>","protected":false},"author":15,"featured_media":0,"parent":3047,"menu_order":0,"comment_status":"closed","ping_status":"closed","template":"","meta":{"footnotes":""},"class_list":["post-3259","page","type-page","status-publish","hentry"],"yoast_head":"<!-- This site is optimized with the Yoast SEO plugin v27.4 - https:\/\/yoast.com\/product\/yoast-seo-wordpress\/ -->\n<title>RONNA - CRTA<\/title>\n<meta name=\"robots\" content=\"index, follow, max-snippet:-1, max-image-preview:large, max-video-preview:-1\" \/>\n<link rel=\"canonical\" href=\"https:\/\/crta-robotics.com\/en\/projects\/ronna\/\" \/>\n<meta property=\"og:locale\" content=\"en_US\" \/>\n<meta property=\"og:type\" content=\"article\" \/>\n<meta property=\"og:title\" content=\"RONNA - CRTA\" \/>\n<meta property=\"og:description\" content=\"Robotska neuronavigacija Ciljevi i rezultati projekta Osnovni cilj projekta Ronna je razvoj suvremenog sustava robotske neuronavigacije iz eksperimentalne istra\u017eiva\u010dke robotske stanice u visoko-tehnolo\u0161ki komercijalizirani proizvod za izvo\u0111enje neurokirur\u0161kih operacija. \u0160iri cilj projekta Ronna je inovacijom i istra\u017eiva\u010dko-razvojnim aktivnostima pove\u0107ati dodanu vrijednost i konkurentnost robotskog sustava za primjenu u neurokirurgiji kroz suradnju javnog visokog u\u010dili\u0161ta i&hellip; Read more\" \/>\n<meta property=\"og:url\" content=\"https:\/\/crta-robotics.com\/en\/projects\/ronna\/\" \/>\n<meta property=\"og:site_name\" content=\"CRTA\" \/>\n<meta property=\"article:modified_time\" content=\"2025-06-18T13:41:48+00:00\" \/>\n<meta property=\"og:image\" content=\"https:\/\/crta-robotics.com\/wp-content\/uploads\/2022\/10\/labos-CRTA-II-001-final-scaled.jpg\" \/>\n\t<meta property=\"og:image:width\" content=\"2560\" \/>\n\t<meta property=\"og:image:height\" content=\"1704\" \/>\n\t<meta property=\"og:image:type\" content=\"image\/jpeg\" \/>\n<meta name=\"twitter:card\" content=\"summary_large_image\" \/>\n<meta name=\"twitter:label1\" content=\"Est. reading time\" \/>\n\t<meta name=\"twitter:data1\" content=\"2 minutes\" \/>\n<script type=\"application\/ld+json\" class=\"yoast-schema-graph\">{\"@context\":\"https:\\\/\\\/schema.org\",\"@graph\":[{\"@type\":\"WebPage\",\"@id\":\"https:\\\/\\\/crta-robotics.com\\\/projects\\\/ronna\\\/\",\"url\":\"https:\\\/\\\/crta-robotics.com\\\/projects\\\/ronna\\\/\",\"name\":\"RONNA - CRTA\",\"isPartOf\":{\"@id\":\"https:\\\/\\\/crta-robotics.com\\\/#website\"},\"datePublished\":\"2025-06-18T13:19:41+00:00\",\"dateModified\":\"2025-06-18T13:41:48+00:00\",\"breadcrumb\":{\"@id\":\"https:\\\/\\\/crta-robotics.com\\\/projects\\\/ronna\\\/#breadcrumb\"},\"inLanguage\":\"en-US\",\"potentialAction\":[{\"@type\":\"ReadAction\",\"target\":[\"https:\\\/\\\/crta-robotics.com\\\/projects\\\/ronna\\\/\"]}]},{\"@type\":\"BreadcrumbList\",\"@id\":\"https:\\\/\\\/crta-robotics.com\\\/projects\\\/ronna\\\/#breadcrumb\",\"itemListElement\":[{\"@type\":\"ListItem\",\"position\":1,\"name\":\"Po\u010detna stranica\",\"item\":\"https:\\\/\\\/crta-robotics.com\\\/\"},{\"@type\":\"ListItem\",\"position\":2,\"name\":\"Projekti\",\"item\":\"https:\\\/\\\/crta-robotics.com\\\/projects\\\/\"},{\"@type\":\"ListItem\",\"position\":3,\"name\":\"RONNA\"}]},{\"@type\":\"WebSite\",\"@id\":\"https:\\\/\\\/crta-robotics.com\\\/#website\",\"url\":\"https:\\\/\\\/crta-robotics.com\\\/\",\"name\":\"CRTA\",\"description\":\"Regionalni centar izvrsnosti za robotske tehnologije\",\"publisher\":{\"@id\":\"https:\\\/\\\/crta-robotics.com\\\/#organization\"},\"potentialAction\":[{\"@type\":\"SearchAction\",\"target\":{\"@type\":\"EntryPoint\",\"urlTemplate\":\"https:\\\/\\\/crta-robotics.com\\\/?s={search_term_string}\"},\"query-input\":{\"@type\":\"PropertyValueSpecification\",\"valueRequired\":true,\"valueName\":\"search_term_string\"}}],\"inLanguage\":\"en-US\"},{\"@type\":\"Organization\",\"@id\":\"https:\\\/\\\/crta-robotics.com\\\/#organization\",\"name\":\"CRTA\",\"url\":\"https:\\\/\\\/crta-robotics.com\\\/\",\"logo\":{\"@type\":\"ImageObject\",\"inLanguage\":\"en-US\",\"@id\":\"https:\\\/\\\/crta-robotics.com\\\/#\\\/schema\\\/logo\\\/image\\\/\",\"url\":\"https:\\\/\\\/crta-robotics.com\\\/wp-content\\\/uploads\\\/2025\\\/01\\\/logo.png\",\"contentUrl\":\"https:\\\/\\\/crta-robotics.com\\\/wp-content\\\/uploads\\\/2025\\\/01\\\/logo.png\",\"width\":4628,\"height\":6012,\"caption\":\"CRTA\"},\"image\":{\"@id\":\"https:\\\/\\\/crta-robotics.com\\\/#\\\/schema\\\/logo\\\/image\\\/\"},\"sameAs\":[\"https:\\\/\\\/www.youtube.com\\\/channel\\\/UC31U0HP10N8_P6uo2PndYRQ\"]}]}<\/script>\n<!-- \/ Yoast SEO plugin. -->","yoast_head_json":{"title":"RONNA - CRTA","robots":{"index":"index","follow":"follow","max-snippet":"max-snippet:-1","max-image-preview":"max-image-preview:large","max-video-preview":"max-video-preview:-1"},"canonical":"https:\/\/crta-robotics.com\/en\/projects\/ronna\/","og_locale":"en_US","og_type":"article","og_title":"RONNA - CRTA","og_description":"Robotska neuronavigacija Ciljevi i rezultati projekta Osnovni cilj projekta Ronna je razvoj suvremenog sustava robotske neuronavigacije iz eksperimentalne istra\u017eiva\u010dke robotske stanice u visoko-tehnolo\u0161ki komercijalizirani proizvod za izvo\u0111enje neurokirur\u0161kih operacija. \u0160iri cilj projekta Ronna je inovacijom i istra\u017eiva\u010dko-razvojnim aktivnostima pove\u0107ati dodanu vrijednost i konkurentnost robotskog sustava za primjenu u neurokirurgiji kroz suradnju javnog visokog u\u010dili\u0161ta i&hellip; Read more","og_url":"https:\/\/crta-robotics.com\/en\/projects\/ronna\/","og_site_name":"CRTA","article_modified_time":"2025-06-18T13:41:48+00:00","og_image":[{"width":2560,"height":1704,"url":"https:\/\/crta-robotics.com\/wp-content\/uploads\/2022\/10\/labos-CRTA-II-001-final-scaled.jpg","type":"image\/jpeg"}],"twitter_card":"summary_large_image","twitter_misc":{"Est. reading time":"2 minutes"},"schema":{"@context":"https:\/\/schema.org","@graph":[{"@type":"WebPage","@id":"https:\/\/crta-robotics.com\/projects\/ronna\/","url":"https:\/\/crta-robotics.com\/projects\/ronna\/","name":"RONNA - CRTA","isPartOf":{"@id":"https:\/\/crta-robotics.com\/#website"},"datePublished":"2025-06-18T13:19:41+00:00","dateModified":"2025-06-18T13:41:48+00:00","breadcrumb":{"@id":"https:\/\/crta-robotics.com\/projects\/ronna\/#breadcrumb"},"inLanguage":"en-US","potentialAction":[{"@type":"ReadAction","target":["https:\/\/crta-robotics.com\/projects\/ronna\/"]}]},{"@type":"BreadcrumbList","@id":"https:\/\/crta-robotics.com\/projects\/ronna\/#breadcrumb","itemListElement":[{"@type":"ListItem","position":1,"name":"Po\u010detna stranica","item":"https:\/\/crta-robotics.com\/"},{"@type":"ListItem","position":2,"name":"Projekti","item":"https:\/\/crta-robotics.com\/projects\/"},{"@type":"ListItem","position":3,"name":"RONNA"}]},{"@type":"WebSite","@id":"https:\/\/crta-robotics.com\/#website","url":"https:\/\/crta-robotics.com\/","name":"CRTA","description":"Regional Center of Excellence for Robotic Technology","publisher":{"@id":"https:\/\/crta-robotics.com\/#organization"},"potentialAction":[{"@type":"SearchAction","target":{"@type":"EntryPoint","urlTemplate":"https:\/\/crta-robotics.com\/?s={search_term_string}"},"query-input":{"@type":"PropertyValueSpecification","valueRequired":true,"valueName":"search_term_string"}}],"inLanguage":"en-US"},{"@type":"Organization","@id":"https:\/\/crta-robotics.com\/#organization","name":"CRTA","url":"https:\/\/crta-robotics.com\/","logo":{"@type":"ImageObject","inLanguage":"en-US","@id":"https:\/\/crta-robotics.com\/#\/schema\/logo\/image\/","url":"https:\/\/crta-robotics.com\/wp-content\/uploads\/2025\/01\/logo.png","contentUrl":"https:\/\/crta-robotics.com\/wp-content\/uploads\/2025\/01\/logo.png","width":4628,"height":6012,"caption":"CRTA"},"image":{"@id":"https:\/\/crta-robotics.com\/#\/schema\/logo\/image\/"},"sameAs":["https:\/\/www.youtube.com\/channel\/UC31U0HP10N8_P6uo2PndYRQ"]}]}},"_links":{"self":[{"href":"https:\/\/crta-robotics.com\/en\/wp-json\/wp\/v2\/pages\/3259","targetHints":{"allow":["GET"]}}],"collection":[{"href":"https:\/\/crta-robotics.com\/en\/wp-json\/wp\/v2\/pages"}],"about":[{"href":"https:\/\/crta-robotics.com\/en\/wp-json\/wp\/v2\/types\/page"}],"author":[{"embeddable":true,"href":"https:\/\/crta-robotics.com\/en\/wp-json\/wp\/v2\/users\/15"}],"replies":[{"embeddable":true,"href":"https:\/\/crta-robotics.com\/en\/wp-json\/wp\/v2\/comments?post=3259"}],"version-history":[{"count":2,"href":"https:\/\/crta-robotics.com\/en\/wp-json\/wp\/v2\/pages\/3259\/revisions"}],"predecessor-version":[{"id":3293,"href":"https:\/\/crta-robotics.com\/en\/wp-json\/wp\/v2\/pages\/3259\/revisions\/3293"}],"up":[{"embeddable":true,"href":"https:\/\/crta-robotics.com\/en\/wp-json\/wp\/v2\/pages\/3047"}],"wp:attachment":[{"href":"https:\/\/crta-robotics.com\/en\/wp-json\/wp\/v2\/media?parent=3259"}],"curies":[{"name":"wp","href":"https:\/\/api.w.org\/{rel}","templated":true}]}}