{"id":3265,"date":"2025-06-18T15:22:43","date_gmt":"2025-06-18T13:22:43","guid":{"rendered":"https:\/\/crta-robotics.com\/?page_id=3265"},"modified":"2025-06-18T15:41:41","modified_gmt":"2025-06-18T13:41:41","slug":"location-system","status":"publish","type":"page","link":"https:\/\/crta-robotics.com\/en\/projects\/location-system\/","title":{"rendered":"Locating and billing system in relation to time spent in a particular activity"},"content":{"rendered":"<h3 class=\"wp-block-heading\"><strong>Project objectives and results<\/strong><\/h3>\n\n\n\n<p>The project will develop a system that will allow locating objects in space and efficiently charging for services according to the time spent in certain places or according to the traveled path. The technical basis of the project is video surveillance technologies. Once the GPS position of the parked vehicle has been determined and its registration plate is established, the data is sent via the web server for further processing. Complete network communication between the remote server and other system components is based on network services.<\/p>\n\n\n\n<h3 class=\"wp-block-heading\"><strong>Quick facts<\/strong><\/h3>\n\n\n\n<p><strong>Location:<\/strong>&nbsp;Osijek\/Zagreb<br><strong>Duration:<\/strong>&nbsp;1.12.2009. \u2013 28.2.2012.<br><strong>Program:<\/strong>&nbsp;TEST<br><strong>Project amount (HRK):<\/strong>&nbsp;2.301.580,00<br><strong>The amount given by the donor organization (HRK):<\/strong>&nbsp;2.301.580,00<br><strong>Project co-leader:<\/strong>&nbsp;prof. Ph.D. Bojan Jerbi\u0107<br><strong>Leading partner:<\/strong>&nbsp;Faculty of Electrical Engineering Osijek \/ Slavko Rup\u010di\u0107<br><strong>Source of financing:<\/strong>&nbsp;Croatian Institute of Technology<\/p>","protected":false},"excerpt":{"rendered":"<p>Goals and results of the project The project will develop a system that will enable the location of objects in space and the efficient charging of services according to the time spent in certain places or according to the distance traveled. The technical basis of the project is video surveillance technology. After the GPS position of the parked vehicle is determined and its registration number is established, the data is sent through... <br \/> <a class=\"read-more\" href=\"https:\/\/crta-robotics.com\/en\/projects\/location-system\/\">Read more<\/a><\/p>","protected":false},"author":15,"featured_media":0,"parent":3047,"menu_order":0,"comment_status":"closed","ping_status":"closed","template":"","meta":{"footnotes":""},"class_list":["post-3265","page","type-page","status-publish","hentry"],"yoast_head":"<!-- This site is optimized with the Yoast SEO plugin v27.4 - https:\/\/yoast.com\/product\/yoast-seo-wordpress\/ -->\n<title>Sustav lociranja i naplate u odnosu na vrijeme provedeno u odre\u0111enoj aktivnosti - CRTA<\/title>\n<meta name=\"robots\" content=\"index, follow, max-snippet:-1, max-image-preview:large, max-video-preview:-1\" \/>\n<link rel=\"canonical\" href=\"https:\/\/crta-robotics.com\/en\/projects\/location-system\/\" \/>\n<meta property=\"og:locale\" content=\"en_US\" \/>\n<meta property=\"og:type\" content=\"article\" \/>\n<meta property=\"og:title\" content=\"Sustav lociranja i naplate u odnosu na vrijeme provedeno u odre\u0111enoj aktivnosti - CRTA\" \/>\n<meta property=\"og:description\" content=\"Ciljevi i rezultati projekta Projektom \u0107e se razviti sustav koji \u0107e omogu\u0107iti lociranje objekata u prostoru i efikasno napla\u0107ivanje usluga prema vremenu provedenom na odre\u0111enim mjestima ili prema prije\u0111enom putu. Tehni\u010dka podloga projekta su tehnologije video nadzora. Nakon \u0161to se odredi GPS pozicija parkiranog vozila i ustanovi se njegova njegova registracijska oznaka, podaci se putem&hellip; Read more\" \/>\n<meta property=\"og:url\" content=\"https:\/\/crta-robotics.com\/en\/projects\/location-system\/\" \/>\n<meta property=\"og:site_name\" content=\"CRTA\" \/>\n<meta property=\"article:modified_time\" content=\"2025-06-18T13:41:41+00:00\" \/>\n<meta property=\"og:image\" content=\"https:\/\/crta-robotics.com\/wp-content\/uploads\/2022\/10\/labos-CRTA-II-001-final-scaled.jpg\" \/>\n\t<meta property=\"og:image:width\" content=\"2560\" \/>\n\t<meta property=\"og:image:height\" content=\"1704\" \/>\n\t<meta property=\"og:image:type\" content=\"image\/jpeg\" \/>\n<meta name=\"twitter:card\" content=\"summary_large_image\" \/>\n<meta name=\"twitter:label1\" content=\"Est. reading time\" \/>\n\t<meta name=\"twitter:data1\" content=\"1 minute\" \/>\n<script type=\"application\/ld+json\" class=\"yoast-schema-graph\">{\"@context\":\"https:\\\/\\\/schema.org\",\"@graph\":[{\"@type\":\"WebPage\",\"@id\":\"https:\\\/\\\/crta-robotics.com\\\/projects\\\/location-system\\\/\",\"url\":\"https:\\\/\\\/crta-robotics.com\\\/projects\\\/location-system\\\/\",\"name\":\"Sustav lociranja i naplate u odnosu na vrijeme provedeno u odre\u0111enoj aktivnosti - CRTA\",\"isPartOf\":{\"@id\":\"https:\\\/\\\/crta-robotics.com\\\/#website\"},\"datePublished\":\"2025-06-18T13:22:43+00:00\",\"dateModified\":\"2025-06-18T13:41:41+00:00\",\"breadcrumb\":{\"@id\":\"https:\\\/\\\/crta-robotics.com\\\/projects\\\/location-system\\\/#breadcrumb\"},\"inLanguage\":\"en-US\",\"potentialAction\":[{\"@type\":\"ReadAction\",\"target\":[\"https:\\\/\\\/crta-robotics.com\\\/projects\\\/location-system\\\/\"]}]},{\"@type\":\"BreadcrumbList\",\"@id\":\"https:\\\/\\\/crta-robotics.com\\\/projects\\\/location-system\\\/#breadcrumb\",\"itemListElement\":[{\"@type\":\"ListItem\",\"position\":1,\"name\":\"Po\u010detna stranica\",\"item\":\"https:\\\/\\\/crta-robotics.com\\\/\"},{\"@type\":\"ListItem\",\"position\":2,\"name\":\"Projekti\",\"item\":\"https:\\\/\\\/crta-robotics.com\\\/projects\\\/\"},{\"@type\":\"ListItem\",\"position\":3,\"name\":\"Sustav lociranja i naplate u odnosu na vrijeme provedeno u odre\u0111enoj aktivnosti\"}]},{\"@type\":\"WebSite\",\"@id\":\"https:\\\/\\\/crta-robotics.com\\\/#website\",\"url\":\"https:\\\/\\\/crta-robotics.com\\\/\",\"name\":\"CRTA\",\"description\":\"Regionalni centar izvrsnosti za robotske tehnologije\",\"publisher\":{\"@id\":\"https:\\\/\\\/crta-robotics.com\\\/#organization\"},\"potentialAction\":[{\"@type\":\"SearchAction\",\"target\":{\"@type\":\"EntryPoint\",\"urlTemplate\":\"https:\\\/\\\/crta-robotics.com\\\/?s={search_term_string}\"},\"query-input\":{\"@type\":\"PropertyValueSpecification\",\"valueRequired\":true,\"valueName\":\"search_term_string\"}}],\"inLanguage\":\"en-US\"},{\"@type\":\"Organization\",\"@id\":\"https:\\\/\\\/crta-robotics.com\\\/#organization\",\"name\":\"CRTA\",\"url\":\"https:\\\/\\\/crta-robotics.com\\\/\",\"logo\":{\"@type\":\"ImageObject\",\"inLanguage\":\"en-US\",\"@id\":\"https:\\\/\\\/crta-robotics.com\\\/#\\\/schema\\\/logo\\\/image\\\/\",\"url\":\"https:\\\/\\\/crta-robotics.com\\\/wp-content\\\/uploads\\\/2025\\\/01\\\/logo.png\",\"contentUrl\":\"https:\\\/\\\/crta-robotics.com\\\/wp-content\\\/uploads\\\/2025\\\/01\\\/logo.png\",\"width\":4628,\"height\":6012,\"caption\":\"CRTA\"},\"image\":{\"@id\":\"https:\\\/\\\/crta-robotics.com\\\/#\\\/schema\\\/logo\\\/image\\\/\"},\"sameAs\":[\"https:\\\/\\\/www.youtube.com\\\/channel\\\/UC31U0HP10N8_P6uo2PndYRQ\"]}]}<\/script>\n<!-- \/ Yoast SEO plugin. -->","yoast_head_json":{"title":"Sustav lociranja i naplate u odnosu na vrijeme provedeno u odre\u0111enoj aktivnosti - CRTA","robots":{"index":"index","follow":"follow","max-snippet":"max-snippet:-1","max-image-preview":"max-image-preview:large","max-video-preview":"max-video-preview:-1"},"canonical":"https:\/\/crta-robotics.com\/en\/projects\/location-system\/","og_locale":"en_US","og_type":"article","og_title":"Sustav lociranja i naplate u odnosu na vrijeme provedeno u odre\u0111enoj aktivnosti - CRTA","og_description":"Ciljevi i rezultati projekta Projektom \u0107e se razviti sustav koji \u0107e omogu\u0107iti lociranje objekata u prostoru i efikasno napla\u0107ivanje usluga prema vremenu provedenom na odre\u0111enim mjestima ili prema prije\u0111enom putu. Tehni\u010dka podloga projekta su tehnologije video nadzora. Nakon \u0161to se odredi GPS pozicija parkiranog vozila i ustanovi se njegova njegova registracijska oznaka, podaci se putem&hellip; Read more","og_url":"https:\/\/crta-robotics.com\/en\/projects\/location-system\/","og_site_name":"CRTA","article_modified_time":"2025-06-18T13:41:41+00:00","og_image":[{"width":2560,"height":1704,"url":"https:\/\/crta-robotics.com\/wp-content\/uploads\/2022\/10\/labos-CRTA-II-001-final-scaled.jpg","type":"image\/jpeg"}],"twitter_card":"summary_large_image","twitter_misc":{"Est. reading time":"1 minute"},"schema":{"@context":"https:\/\/schema.org","@graph":[{"@type":"WebPage","@id":"https:\/\/crta-robotics.com\/projects\/location-system\/","url":"https:\/\/crta-robotics.com\/projects\/location-system\/","name":"Sustav lociranja i naplate u odnosu na vrijeme provedeno u odre\u0111enoj aktivnosti - CRTA","isPartOf":{"@id":"https:\/\/crta-robotics.com\/#website"},"datePublished":"2025-06-18T13:22:43+00:00","dateModified":"2025-06-18T13:41:41+00:00","breadcrumb":{"@id":"https:\/\/crta-robotics.com\/projects\/location-system\/#breadcrumb"},"inLanguage":"en-US","potentialAction":[{"@type":"ReadAction","target":["https:\/\/crta-robotics.com\/projects\/location-system\/"]}]},{"@type":"BreadcrumbList","@id":"https:\/\/crta-robotics.com\/projects\/location-system\/#breadcrumb","itemListElement":[{"@type":"ListItem","position":1,"name":"Po\u010detna stranica","item":"https:\/\/crta-robotics.com\/"},{"@type":"ListItem","position":2,"name":"Projekti","item":"https:\/\/crta-robotics.com\/projects\/"},{"@type":"ListItem","position":3,"name":"Sustav lociranja i naplate u odnosu na vrijeme provedeno u odre\u0111enoj aktivnosti"}]},{"@type":"WebSite","@id":"https:\/\/crta-robotics.com\/#website","url":"https:\/\/crta-robotics.com\/","name":"CRTA","description":"Regional Center of Excellence for Robotic Technology","publisher":{"@id":"https:\/\/crta-robotics.com\/#organization"},"potentialAction":[{"@type":"SearchAction","target":{"@type":"EntryPoint","urlTemplate":"https:\/\/crta-robotics.com\/?s={search_term_string}"},"query-input":{"@type":"PropertyValueSpecification","valueRequired":true,"valueName":"search_term_string"}}],"inLanguage":"en-US"},{"@type":"Organization","@id":"https:\/\/crta-robotics.com\/#organization","name":"CRTA","url":"https:\/\/crta-robotics.com\/","logo":{"@type":"ImageObject","inLanguage":"en-US","@id":"https:\/\/crta-robotics.com\/#\/schema\/logo\/image\/","url":"https:\/\/crta-robotics.com\/wp-content\/uploads\/2025\/01\/logo.png","contentUrl":"https:\/\/crta-robotics.com\/wp-content\/uploads\/2025\/01\/logo.png","width":4628,"height":6012,"caption":"CRTA"},"image":{"@id":"https:\/\/crta-robotics.com\/#\/schema\/logo\/image\/"},"sameAs":["https:\/\/www.youtube.com\/channel\/UC31U0HP10N8_P6uo2PndYRQ"]}]}},"_links":{"self":[{"href":"https:\/\/crta-robotics.com\/en\/wp-json\/wp\/v2\/pages\/3265","targetHints":{"allow":["GET"]}}],"collection":[{"href":"https:\/\/crta-robotics.com\/en\/wp-json\/wp\/v2\/pages"}],"about":[{"href":"https:\/\/crta-robotics.com\/en\/wp-json\/wp\/v2\/types\/page"}],"author":[{"embeddable":true,"href":"https:\/\/crta-robotics.com\/en\/wp-json\/wp\/v2\/users\/15"}],"replies":[{"embeddable":true,"href":"https:\/\/crta-robotics.com\/en\/wp-json\/wp\/v2\/comments?post=3265"}],"version-history":[{"count":2,"href":"https:\/\/crta-robotics.com\/en\/wp-json\/wp\/v2\/pages\/3265\/revisions"}],"predecessor-version":[{"id":3285,"href":"https:\/\/crta-robotics.com\/en\/wp-json\/wp\/v2\/pages\/3265\/revisions\/3285"}],"up":[{"embeddable":true,"href":"https:\/\/crta-robotics.com\/en\/wp-json\/wp\/v2\/pages\/3047"}],"wp:attachment":[{"href":"https:\/\/crta-robotics.com\/en\/wp-json\/wp\/v2\/media?parent=3265"}],"curies":[{"name":"wp","href":"https:\/\/api.w.org\/{rel}","templated":true}]}}