{"id":400,"date":"2020-12-14T12:06:20","date_gmt":"2020-12-14T12:06:20","guid":{"rendered":"https:\/\/crta.fsb.hr\/?page_id=400"},"modified":"2025-06-02T23:35:09","modified_gmt":"2025-06-02T21:35:09","slug":"about","status":"publish","type":"page","link":"https:\/\/crta-robotics.com\/en\/about\/","title":{"rendered":"About us"},"content":{"rendered":"<div id=\"initial-content-section\" class=\"content-section content-section-spacing\" data-id=\"initial-content-section\" data-export-id=\"initial-content-section\" data-label=\"Initial Content\">\n<div class=\"gridContainer\">\n<div class=\"row\">\n<div class=\"col-xs-12 col-sm-12\">\n<p class=\"has-medium-font-size\">The basic objective of the CRTA project is to establish the Regional Centre of Excellence for Robotics as a reference centre for research, development and educational activities in the field of robotics and artificial intelligence. Those activities are focused on the research and development of advanced robot applications, especially in industry and medicine, but also in other areas of human activity where traditional automation and human work is to be replaced with adaptive and intelligent systems.<\/p>\n<span style=\"font-size: 18pt;\">Goals:<\/span>\n<ul>\n \t<li><span style=\"font-size: 14pt;\">realization of excellent research conditions for future competitive interdisciplinary scientific research and development projects<\/span><\/li>\n \t<li><span style=\"font-size: 14pt;\">realization of great educational conditions in the field of robotics and artificial intelligence for students and employed engineers<\/span><\/li>\n \t<li><span style=\"font-size: 14pt;\">contribution to the strengthening of the Croatian innovation system<\/span><\/li>\n \t<li><span style=\"font-size: 14pt;\">meeting the contemporary demands of the economy in terms of knowledge transfer<\/span><\/li>\n \t<li><span style=\"font-size: 14pt;\">creating support for the introduction of new technologies and strengthening the competitiveness of the Croatian economy<\/span><\/li>\n \t<li><span style=\"font-size: 14pt;\">development of reference laboratory systems<\/span><\/li>\n \t<li><span style=\"font-size: 14pt;\">regional connectivity and development complementary to the needs of the economy<\/span><\/li>\n \t<li><span style=\"font-size: 14pt;\">opening of faculties to the public and spreading of the technical culture in the fields of robotics and artificial intelligence<\/span><\/li>\n<\/ul>\n<figure class=\"wp-block-gallery has-nested-images columns-default is-cropped wp-block-gallery-1 is-layout-flex wp-block-gallery-is-layout-flex\">\n<figure class=\"wp-block-image size-large\"><img loading=\"lazy\" decoding=\"async\" class=\"wp-image-1343\" src=\"https:\/\/crta-robotics.com\/wp-content\/uploads\/2022\/10\/Iz-vana-CRTA-II-041-final-scaled.jpg\" sizes=\"auto, (max-width: 2560px) 100vw, 2560px\" srcset=\"https:\/\/crta-robotics.com\/wp-content\/uploads\/2022\/10\/Iz-vana-CRTA-II-041-final-scaled.jpg 2560w, https:\/\/crta-robotics.com\/wp-content\/uploads\/2022\/10\/Iz-vana-CRTA-II-041-final-300x200.jpg 300w, https:\/\/crta-robotics.com\/wp-content\/uploads\/2022\/10\/Iz-vana-CRTA-II-041-final-1024x683.jpg 1024w, https:\/\/crta-robotics.com\/wp-content\/uploads\/2022\/10\/Iz-vana-CRTA-II-041-final-768x512.jpg 768w, https:\/\/crta-robotics.com\/wp-content\/uploads\/2022\/10\/Iz-vana-CRTA-II-041-final-1536x1024.jpg 1536w, https:\/\/crta-robotics.com\/wp-content\/uploads\/2022\/10\/Iz-vana-CRTA-II-041-final-2048x1365.jpg 2048w, https:\/\/crta-robotics.com\/wp-content\/uploads\/2022\/10\/Iz-vana-CRTA-II-041-final-18x12.jpg 18w, https:\/\/crta-robotics.com\/wp-content\/uploads\/2022\/10\/Iz-vana-CRTA-II-041-final-1620x1080.jpg 1620w\" alt=\"\" width=\"2560\" height=\"1707\" data-id=\"1343\" \/><\/figure>\n<figure class=\"wp-block-image size-large\"><img loading=\"lazy\" decoding=\"async\" class=\"wp-image-1338\" src=\"https:\/\/crta-robotics.com\/wp-content\/uploads\/2022\/10\/labos-CRTA-II-027-final-scaled.jpg\" sizes=\"auto, (max-width: 2560px) 100vw, 2560px\" srcset=\"https:\/\/crta-robotics.com\/wp-content\/uploads\/2022\/10\/labos-CRTA-II-027-final-scaled.jpg 2560w, https:\/\/crta-robotics.com\/wp-content\/uploads\/2022\/10\/labos-CRTA-II-027-final-300x200.jpg 300w, https:\/\/crta-robotics.com\/wp-content\/uploads\/2022\/10\/labos-CRTA-II-027-final-1024x683.jpg 1024w, https:\/\/crta-robotics.com\/wp-content\/uploads\/2022\/10\/labos-CRTA-II-027-final-768x512.jpg 768w, https:\/\/crta-robotics.com\/wp-content\/uploads\/2022\/10\/labos-CRTA-II-027-final-1536x1024.jpg 1536w, https:\/\/crta-robotics.com\/wp-content\/uploads\/2022\/10\/labos-CRTA-II-027-final-2048x1365.jpg 2048w, https:\/\/crta-robotics.com\/wp-content\/uploads\/2022\/10\/labos-CRTA-II-027-final-18x12.jpg 18w, https:\/\/crta-robotics.com\/wp-content\/uploads\/2022\/10\/labos-CRTA-II-027-final-1620x1080.jpg 1620w\" alt=\"\" width=\"2560\" height=\"1707\" data-id=\"1338\" \/><\/figure>\n<figure class=\"wp-block-image size-large\"><img loading=\"lazy\" decoding=\"async\" class=\"wp-image-1337\" src=\"https:\/\/crta-robotics.com\/wp-content\/uploads\/2022\/10\/labos-CRTA-II-001-final-scaled.jpg\" sizes=\"auto, (max-width: 2560px) 100vw, 2560px\" srcset=\"https:\/\/crta-robotics.com\/wp-content\/uploads\/2022\/10\/labos-CRTA-II-001-final-scaled.jpg 2560w, https:\/\/crta-robotics.com\/wp-content\/uploads\/2022\/10\/labos-CRTA-II-001-final-300x200.jpg 300w, https:\/\/crta-robotics.com\/wp-content\/uploads\/2022\/10\/labos-CRTA-II-001-final-1024x682.jpg 1024w, https:\/\/crta-robotics.com\/wp-content\/uploads\/2022\/10\/labos-CRTA-II-001-final-768x511.jpg 768w, https:\/\/crta-robotics.com\/wp-content\/uploads\/2022\/10\/labos-CRTA-II-001-final-1536x1022.jpg 1536w, https:\/\/crta-robotics.com\/wp-content\/uploads\/2022\/10\/labos-CRTA-II-001-final-2048x1363.jpg 2048w, https:\/\/crta-robotics.com\/wp-content\/uploads\/2022\/10\/labos-CRTA-II-001-final-18x12.jpg 18w, https:\/\/crta-robotics.com\/wp-content\/uploads\/2022\/10\/labos-CRTA-II-001-final-1622x1080.jpg 1622w\" alt=\"\" width=\"2560\" height=\"1704\" data-id=\"1337\" \/><\/figure>\n<figure class=\"wp-block-image size-large\"><img loading=\"lazy\" decoding=\"async\" class=\"wp-image-1341\" src=\"https:\/\/crta-robotics.com\/wp-content\/uploads\/2022\/10\/CRTA-II-021-final-scaled.jpg\" sizes=\"auto, (max-width: 2560px) 100vw, 2560px\" srcset=\"https:\/\/crta-robotics.com\/wp-content\/uploads\/2022\/10\/CRTA-II-021-final-scaled.jpg 2560w, https:\/\/crta-robotics.com\/wp-content\/uploads\/2022\/10\/CRTA-II-021-final-300x200.jpg 300w, https:\/\/crta-robotics.com\/wp-content\/uploads\/2022\/10\/CRTA-II-021-final-1024x683.jpg 1024w, https:\/\/crta-robotics.com\/wp-content\/uploads\/2022\/10\/CRTA-II-021-final-768x512.jpg 768w, https:\/\/crta-robotics.com\/wp-content\/uploads\/2022\/10\/CRTA-II-021-final-1536x1024.jpg 1536w, https:\/\/crta-robotics.com\/wp-content\/uploads\/2022\/10\/CRTA-II-021-final-2048x1365.jpg 2048w, https:\/\/crta-robotics.com\/wp-content\/uploads\/2022\/10\/CRTA-II-021-final-18x12.jpg 18w, https:\/\/crta-robotics.com\/wp-content\/uploads\/2022\/10\/CRTA-II-021-final-1620x1080.jpg 1620w\" alt=\"\" width=\"2560\" height=\"1707\" data-id=\"1341\" \/><\/figure>\n<figure class=\"wp-block-image size-large\"><img loading=\"lazy\" decoding=\"async\" class=\"wp-image-1129\" src=\"https:\/\/crta-robotics.com\/wp-content\/uploads\/2022\/06\/RONNA-3.jpg\" sizes=\"auto, (max-width: 1912px) 100vw, 1912px\" srcset=\"https:\/\/crta-robotics.com\/wp-content\/uploads\/2022\/06\/RONNA-3.jpg 1912w, https:\/\/crta-robotics.com\/wp-content\/uploads\/2022\/06\/RONNA-3-300x169.jpg 300w, https:\/\/crta-robotics.com\/wp-content\/uploads\/2022\/06\/RONNA-3-1024x578.jpg 1024w, https:\/\/crta-robotics.com\/wp-content\/uploads\/2022\/06\/RONNA-3-768x434.jpg 768w, https:\/\/crta-robotics.com\/wp-content\/uploads\/2022\/06\/RONNA-3-1536x868.jpg 1536w, https:\/\/crta-robotics.com\/wp-content\/uploads\/2022\/06\/RONNA-3-18x10.jpg 18w\" alt=\"\" width=\"1912\" height=\"1080\" data-id=\"1129\" \/><\/figure>\n<\/figure>\n<p class=\"has-medium-font-size\"><strong>Reconstruction and interior design\n<\/strong>The Regional Center of Excellence for Robotics is located in the eastern building of the Faculty of Mechanical Engineering and Naval Architecture in a space of 750 m2. The Centre integrates research resources in the area of autonomous systems and computer intelligence, industrial and medical robotics, as well as a practicum for students and industry engineers.<\/p>\n\n<\/div>\n<\/div>\n<\/div>\n<\/div>","protected":false},"excerpt":{"rendered":"<p>The fundamental goal of the CRTA project is the establishment of the Regional Center of Excellence for Robotic Technologies as a reference center for research, development and educational activities in the field of robotics and artificial intelligence. Activities are directed towards the research and development of advanced robotic applications, mainly in industry and medicine, but also in other areas of human activity where traditional automation and human work need... <br \/> <a class=\"read-more\" href=\"https:\/\/crta-robotics.com\/en\/about\/\">Read more<\/a><\/p>","protected":false},"author":11,"featured_media":0,"parent":0,"menu_order":0,"comment_status":"closed","ping_status":"closed","template":"pro\/page-templates\/full-width-page.php","meta":{"footnotes":""},"class_list":["post-400","page","type-page","status-publish","hentry"],"yoast_head":"<!-- This site is optimized with the Yoast SEO plugin v27.4 - https:\/\/yoast.com\/product\/yoast-seo-wordpress\/ -->\n<title>O nama - CRTA<\/title>\n<meta name=\"robots\" content=\"index, follow, max-snippet:-1, max-image-preview:large, max-video-preview:-1\" \/>\n<link rel=\"canonical\" href=\"https:\/\/crta-robotics.com\/en\/about\/\" \/>\n<meta property=\"og:locale\" content=\"en_US\" \/>\n<meta property=\"og:type\" content=\"article\" \/>\n<meta property=\"og:title\" content=\"O nama - CRTA\" \/>\n<meta property=\"og:description\" content=\"Temeljni je cilj projekta CRTA osnivanje Regionalnog centra izvrsnosti za robotske tehnologije kao referentnog centra za istra\u017eiva\u010dke, razvojne i obrazovne aktivnosti u podru\u010dju robotike i umjetne inteligencije. Aktivnosti su usmjerene prema istra\u017eivanju i razvoju naprednih robotskih primjena, poglavito u industriji i medicini, ali i drugim podru\u010djima ljudske djelatnosti gdje tradicionalnu automatizaciju i ljudski rad trebaju&hellip; Read more\" \/>\n<meta property=\"og:url\" content=\"https:\/\/crta-robotics.com\/en\/about\/\" \/>\n<meta property=\"og:site_name\" content=\"CRTA\" \/>\n<meta property=\"article:modified_time\" content=\"2025-06-02T21:35:09+00:00\" \/>\n<meta property=\"og:image\" content=\"https:\/\/crta-robotics.com\/wp-content\/uploads\/2022\/10\/Iz-vana-CRTA-II-041-final-scaled.jpg\" \/>\n\t<meta property=\"og:image:width\" content=\"2560\" \/>\n\t<meta property=\"og:image:height\" content=\"1707\" \/>\n\t<meta property=\"og:image:type\" content=\"image\/jpeg\" \/>\n<meta name=\"twitter:card\" content=\"summary_large_image\" \/>\n<meta name=\"twitter:label1\" content=\"Est. reading time\" \/>\n\t<meta name=\"twitter:data1\" content=\"2 minutes\" \/>\n<script type=\"application\/ld+json\" class=\"yoast-schema-graph\">{\"@context\":\"https:\\\/\\\/schema.org\",\"@graph\":[{\"@type\":\"WebPage\",\"@id\":\"https:\\\/\\\/crta-robotics.com\\\/about\\\/\",\"url\":\"https:\\\/\\\/crta-robotics.com\\\/about\\\/\",\"name\":\"O nama - CRTA\",\"isPartOf\":{\"@id\":\"https:\\\/\\\/crta-robotics.com\\\/#website\"},\"primaryImageOfPage\":{\"@id\":\"https:\\\/\\\/crta-robotics.com\\\/about\\\/#primaryimage\"},\"image\":{\"@id\":\"https:\\\/\\\/crta-robotics.com\\\/about\\\/#primaryimage\"},\"thumbnailUrl\":\"https:\\\/\\\/crta-robotics.com\\\/wp-content\\\/uploads\\\/2022\\\/10\\\/Iz-vana-CRTA-II-041-final-scaled.jpg\",\"datePublished\":\"2020-12-14T12:06:20+00:00\",\"dateModified\":\"2025-06-02T21:35:09+00:00\",\"breadcrumb\":{\"@id\":\"https:\\\/\\\/crta-robotics.com\\\/about\\\/#breadcrumb\"},\"inLanguage\":\"en-US\",\"potentialAction\":[{\"@type\":\"ReadAction\",\"target\":[\"https:\\\/\\\/crta-robotics.com\\\/about\\\/\"]}]},{\"@type\":\"ImageObject\",\"inLanguage\":\"en-US\",\"@id\":\"https:\\\/\\\/crta-robotics.com\\\/about\\\/#primaryimage\",\"url\":\"https:\\\/\\\/crta-robotics.com\\\/wp-content\\\/uploads\\\/2022\\\/10\\\/Iz-vana-CRTA-II-041-final-scaled.jpg\",\"contentUrl\":\"https:\\\/\\\/crta-robotics.com\\\/wp-content\\\/uploads\\\/2022\\\/10\\\/Iz-vana-CRTA-II-041-final-scaled.jpg\"},{\"@type\":\"BreadcrumbList\",\"@id\":\"https:\\\/\\\/crta-robotics.com\\\/about\\\/#breadcrumb\",\"itemListElement\":[{\"@type\":\"ListItem\",\"position\":1,\"name\":\"Po\u010detna stranica\",\"item\":\"https:\\\/\\\/crta-robotics.com\\\/\"},{\"@type\":\"ListItem\",\"position\":2,\"name\":\"O nama\"}]},{\"@type\":\"WebSite\",\"@id\":\"https:\\\/\\\/crta-robotics.com\\\/#website\",\"url\":\"https:\\\/\\\/crta-robotics.com\\\/\",\"name\":\"CRTA\",\"description\":\"Regionalni centar izvrsnosti za robotske tehnologije\",\"publisher\":{\"@id\":\"https:\\\/\\\/crta-robotics.com\\\/#organization\"},\"potentialAction\":[{\"@type\":\"SearchAction\",\"target\":{\"@type\":\"EntryPoint\",\"urlTemplate\":\"https:\\\/\\\/crta-robotics.com\\\/?s={search_term_string}\"},\"query-input\":{\"@type\":\"PropertyValueSpecification\",\"valueRequired\":true,\"valueName\":\"search_term_string\"}}],\"inLanguage\":\"en-US\"},{\"@type\":\"Organization\",\"@id\":\"https:\\\/\\\/crta-robotics.com\\\/#organization\",\"name\":\"CRTA\",\"url\":\"https:\\\/\\\/crta-robotics.com\\\/\",\"logo\":{\"@type\":\"ImageObject\",\"inLanguage\":\"en-US\",\"@id\":\"https:\\\/\\\/crta-robotics.com\\\/#\\\/schema\\\/logo\\\/image\\\/\",\"url\":\"https:\\\/\\\/crta-robotics.com\\\/wp-content\\\/uploads\\\/2025\\\/01\\\/logo.png\",\"contentUrl\":\"https:\\\/\\\/crta-robotics.com\\\/wp-content\\\/uploads\\\/2025\\\/01\\\/logo.png\",\"width\":4628,\"height\":6012,\"caption\":\"CRTA\"},\"image\":{\"@id\":\"https:\\\/\\\/crta-robotics.com\\\/#\\\/schema\\\/logo\\\/image\\\/\"},\"sameAs\":[\"https:\\\/\\\/www.youtube.com\\\/channel\\\/UC31U0HP10N8_P6uo2PndYRQ\"]}]}<\/script>\n<!-- \/ Yoast SEO plugin. -->","yoast_head_json":{"title":"About us - CRTA","robots":{"index":"index","follow":"follow","max-snippet":"max-snippet:-1","max-image-preview":"max-image-preview:large","max-video-preview":"max-video-preview:-1"},"canonical":"https:\/\/crta-robotics.com\/en\/about\/","og_locale":"en_US","og_type":"article","og_title":"O nama - CRTA","og_description":"Temeljni je cilj projekta CRTA osnivanje Regionalnog centra izvrsnosti za robotske tehnologije kao referentnog centra za istra\u017eiva\u010dke, razvojne i obrazovne aktivnosti u podru\u010dju robotike i umjetne inteligencije. Aktivnosti su usmjerene prema istra\u017eivanju i razvoju naprednih robotskih primjena, poglavito u industriji i medicini, ali i drugim podru\u010djima ljudske djelatnosti gdje tradicionalnu automatizaciju i ljudski rad trebaju&hellip; Read more","og_url":"https:\/\/crta-robotics.com\/en\/about\/","og_site_name":"CRTA","article_modified_time":"2025-06-02T21:35:09+00:00","og_image":[{"width":2560,"height":1707,"url":"https:\/\/crta-robotics.com\/wp-content\/uploads\/2022\/10\/Iz-vana-CRTA-II-041-final-scaled.jpg","type":"image\/jpeg"}],"twitter_card":"summary_large_image","twitter_misc":{"Est. reading time":"2 minutes"},"schema":{"@context":"https:\/\/schema.org","@graph":[{"@type":"WebPage","@id":"https:\/\/crta-robotics.com\/about\/","url":"https:\/\/crta-robotics.com\/about\/","name":"About us - CRTA","isPartOf":{"@id":"https:\/\/crta-robotics.com\/#website"},"primaryImageOfPage":{"@id":"https:\/\/crta-robotics.com\/about\/#primaryimage"},"image":{"@id":"https:\/\/crta-robotics.com\/about\/#primaryimage"},"thumbnailUrl":"https:\/\/crta-robotics.com\/wp-content\/uploads\/2022\/10\/Iz-vana-CRTA-II-041-final-scaled.jpg","datePublished":"2020-12-14T12:06:20+00:00","dateModified":"2025-06-02T21:35:09+00:00","breadcrumb":{"@id":"https:\/\/crta-robotics.com\/about\/#breadcrumb"},"inLanguage":"en-US","potentialAction":[{"@type":"ReadAction","target":["https:\/\/crta-robotics.com\/about\/"]}]},{"@type":"ImageObject","inLanguage":"en-US","@id":"https:\/\/crta-robotics.com\/about\/#primaryimage","url":"https:\/\/crta-robotics.com\/wp-content\/uploads\/2022\/10\/Iz-vana-CRTA-II-041-final-scaled.jpg","contentUrl":"https:\/\/crta-robotics.com\/wp-content\/uploads\/2022\/10\/Iz-vana-CRTA-II-041-final-scaled.jpg"},{"@type":"BreadcrumbList","@id":"https:\/\/crta-robotics.com\/about\/#breadcrumb","itemListElement":[{"@type":"ListItem","position":1,"name":"Po\u010detna stranica","item":"https:\/\/crta-robotics.com\/"},{"@type":"ListItem","position":2,"name":"O nama"}]},{"@type":"WebSite","@id":"https:\/\/crta-robotics.com\/#website","url":"https:\/\/crta-robotics.com\/","name":"CRTA","description":"Regional Center of Excellence for Robotic Technology","publisher":{"@id":"https:\/\/crta-robotics.com\/#organization"},"potentialAction":[{"@type":"SearchAction","target":{"@type":"EntryPoint","urlTemplate":"https:\/\/crta-robotics.com\/?s={search_term_string}"},"query-input":{"@type":"PropertyValueSpecification","valueRequired":true,"valueName":"search_term_string"}}],"inLanguage":"en-US"},{"@type":"Organization","@id":"https:\/\/crta-robotics.com\/#organization","name":"CRTA","url":"https:\/\/crta-robotics.com\/","logo":{"@type":"ImageObject","inLanguage":"en-US","@id":"https:\/\/crta-robotics.com\/#\/schema\/logo\/image\/","url":"https:\/\/crta-robotics.com\/wp-content\/uploads\/2025\/01\/logo.png","contentUrl":"https:\/\/crta-robotics.com\/wp-content\/uploads\/2025\/01\/logo.png","width":4628,"height":6012,"caption":"CRTA"},"image":{"@id":"https:\/\/crta-robotics.com\/#\/schema\/logo\/image\/"},"sameAs":["https:\/\/www.youtube.com\/channel\/UC31U0HP10N8_P6uo2PndYRQ"]}]}},"_links":{"self":[{"href":"https:\/\/crta-robotics.com\/en\/wp-json\/wp\/v2\/pages\/400","targetHints":{"allow":["GET"]}}],"collection":[{"href":"https:\/\/crta-robotics.com\/en\/wp-json\/wp\/v2\/pages"}],"about":[{"href":"https:\/\/crta-robotics.com\/en\/wp-json\/wp\/v2\/types\/page"}],"author":[{"embeddable":true,"href":"https:\/\/crta-robotics.com\/en\/wp-json\/wp\/v2\/users\/11"}],"replies":[{"embeddable":true,"href":"https:\/\/crta-robotics.com\/en\/wp-json\/wp\/v2\/comments?post=400"}],"version-history":[{"count":21,"href":"https:\/\/crta-robotics.com\/en\/wp-json\/wp\/v2\/pages\/400\/revisions"}],"predecessor-version":[{"id":2362,"href":"https:\/\/crta-robotics.com\/en\/wp-json\/wp\/v2\/pages\/400\/revisions\/2362"}],"wp:attachment":[{"href":"https:\/\/crta-robotics.com\/en\/wp-json\/wp\/v2\/media?parent=400"}],"curies":[{"name":"wp","href":"https:\/\/api.w.org\/{rel}","templated":true}]}}